{"id":11848,"date":"2025-11-07T20:16:06","date_gmt":"2025-11-01T21:17:56","guid":{"rendered":"https:\/\/modesthanim.com\/product\/beli-lastikli-pantolon-indigo\/"},"modified":"2026-03-19T11:21:33","modified_gmt":"2026-03-19T11:21:33","slug":"beli-lastikli-pantolon-indigo","status":"publish","type":"product","link":"https:\/\/mod.wisdar.net\/tr\/urun\/beli-lastikli-pantolon-indigo\/","title":{"rendered":"Beli Lastikli Pantolon \u2013 \u0130ndigo"},"content":{"rendered":"<p>Elastik bel tasar\u0131m\u0131 ile konforlu bir kullan\u0131m sunan bu pantolon, sade tasar\u0131m\u0131 ile her t\u00fcrl\u00fc stile uyum sa\u011flar. G\u00fcnl\u00fck kullan\u0131m i\u00e7in idealdir ve \u015f\u0131kl\u0131k ile rahatl\u0131\u011f\u0131 bir arada sunar. Mevsim ge\u00e7i\u015flerinde gard\u0131robunuzun olmazsa olmazlar\u0131ndand\u0131r. Kuma\u015f \u0130\u00e7eri\u011fi: %63 Lyocell, %37 Viskon. Desen: D\u00fcz. Bel Tipi: Normal Bel \u2013 Beli Lastikli. Pa\u00e7a Tipi: Bol Pa\u00e7a. Cep: Yan Cep. Astar: Astars\u0131z. \u00dcr\u00fcn Boyu: 107 cm. Kal\u0131p Tipi: Normal Kal\u0131p. Mankenin Giydi\u011fi Beden: 38. Manken \u00d6l\u00e7\u00fcleri: Boy: 179 cm, G\u00f6\u011f\u00fcs: 84 cm, Bel: 62 cm, Basen: 90 cm.<\/p>\n","protected":false},"excerpt":{"rendered":"<p>Elastik bel tasar\u0131m\u0131 ile konforlu bir kullan\u0131m sunan bu pantolon, sade tasar\u0131m\u0131 ile her t\u00fcrl\u00fc stile uyum sa\u011flar. G\u00fcnl\u00fck kullan\u0131m i\u00e7in idealdir ve \u015f\u0131kl\u0131k ile rahatl\u0131\u011f\u0131 bir arada sunar. Mevsim ge\u00e7i\u015flerinde gard\u0131robunuzun olmazsa olmazlar\u0131ndand\u0131r. Kuma\u015f \u0130\u00e7eri\u011fi: %63 Lyocell, %37 Viskon. Desen: D\u00fcz. Bel Tipi: Normal Bel \u2013 Beli Lastikli. Pa\u00e7a Tipi: Bol Pa\u00e7a. Cep: Yan [&hellip;]<\/p>\n","protected":false},"featured_media":11820,"comment_status":"open","ping_status":"closed","template":"","meta":[],"product_brand":[],"product_cat":[1882],"product_tag":[],"class_list":{"0":"post-11848","1":"product","2":"type-product","3":"status-publish","4":"has-post-thumbnail","6":"product_cat-alt-giyim","7":"pa_color-indigo","8":"pa_size-4706","9":"pa_size-4711","10":"pa_size-4713","11":"pa_size-4751","12":"pa_size-4749","13":"pa_size-4747","15":"first","16":"instock","17":"sale","18":"shipping-taxable","19":"purchasable","20":"product-type-variable"},"_links":{"self":[{"href":"https:\/\/mod.wisdar.net\/tr\/wp-json\/wp\/v2\/product\/11848","targetHints":{"allow":["GET"]}}],"collection":[{"href":"https:\/\/mod.wisdar.net\/tr\/wp-json\/wp\/v2\/product"}],"about":[{"href":"https:\/\/mod.wisdar.net\/tr\/wp-json\/wp\/v2\/types\/product"}],"replies":[{"embeddable":true,"href":"https:\/\/mod.wisdar.net\/tr\/wp-json\/wp\/v2\/comments?post=11848"}],"wp:featuredmedia":[{"embeddable":true,"href":"https:\/\/mod.wisdar.net\/tr\/wp-json\/wp\/v2\/media\/11820"}],"wp:attachment":[{"href":"https:\/\/mod.wisdar.net\/tr\/wp-json\/wp\/v2\/media?parent=11848"}],"wp:term":[{"taxonomy":"product_brand","embeddable":true,"href":"https:\/\/mod.wisdar.net\/tr\/wp-json\/wp\/v2\/product_brand?post=11848"},{"taxonomy":"product_cat","embeddable":true,"href":"https:\/\/mod.wisdar.net\/tr\/wp-json\/wp\/v2\/product_cat?post=11848"},{"taxonomy":"product_tag","embeddable":true,"href":"https:\/\/mod.wisdar.net\/tr\/wp-json\/wp\/v2\/product_tag?post=11848"}],"curies":[{"name":"wp","href":"https:\/\/api.w.org\/{rel}","templated":true}]}}