{"id":118493,"date":"2026-02-17T18:24:26","date_gmt":"2026-02-17T18:24:26","guid":{"rendered":"https:\/\/modesthanim.com\/product\/pembe-kadin-dantelli-onden-bolmeli-hamile-geceligi\/"},"modified":"2026-04-02T22:05:59","modified_gmt":"2026-04-02T22:05:59","slug":"pembe-kadin-dantelli-onden-bolmeli-hamile-geceligi","status":"publish","type":"product","link":"https:\/\/mod.wisdar.net\/tr\/urun\/pembe-kadin-dantelli-onden-bolmeli-hamile-geceligi\/","title":{"rendered":"Pembe Kad\u0131n Dantelli \u00d6nden B\u00f6lmeli Hamile Geceli\u011fi"},"content":{"rendered":"<p>\u00b7Ana kuma\u015f: %95 Viskon %5 Elastan dan \u00fcretilmi\u015ftir.<br \/>\n\u00b7Pratik tasar\u0131ml\u0131 \u00fcr\u00fcn\u00fcm\u00fcz\u00fcn \u00f6n k\u0131sm\u0131nda g\u00f6\u011f\u00fcs b\u00f6lgesinde her iki tarafta da bulunan emzirmeye yard\u0131mc\u0131 b\u00f6lme ile g\u00fcnl\u00fck hayat\u0131n\u0131zda kolayl\u0131kla emzirilebilirsiniz.<br \/>\n\u00b7Hamilelik lohusa ve emzirme d\u00f6nemlerinizde kullanabilirsiniz.<br \/>\n\u00b7Yumu\u015fak kuma\u015f dokusu ile rahat bir kal\u0131ba sahiptir.<br \/>\n\u00b7Beden se\u00e7iminiz i\u00e7in; boyunuz a\u011f\u0131rl\u0131\u011f\u0131n\u0131z ve ka\u00e7\u0131nc\u0131 ayda oldu\u011funuza ba\u011fl\u0131 olarak de\u011fi\u015fkenlik g\u00f6sterece\u011finden tam bedeninizi alman\u0131z tavsiye edilir fakat ara bedenseniz bir b\u00fcy\u00fck beden alman\u0131z tavsiye edilir.<\/p>\n","protected":false},"excerpt":{"rendered":"<p>\u00b7Ana kuma\u015f: %95 Viskon %5 Elastan dan \u00fcretilmi\u015ftir. \u00b7Pratik tasar\u0131ml\u0131 \u00fcr\u00fcn\u00fcm\u00fcz\u00fcn \u00f6n k\u0131sm\u0131nda g\u00f6\u011f\u00fcs b\u00f6lgesinde her iki tarafta da bulunan emzirmeye yard\u0131mc\u0131 b\u00f6lme ile g\u00fcnl\u00fck hayat\u0131n\u0131zda kolayl\u0131kla emzirilebilirsiniz. \u00b7Hamilelik lohusa ve emzirme d\u00f6nemlerinizde kullanabilirsiniz. \u00b7Yumu\u015fak kuma\u015f dokusu ile rahat bir kal\u0131ba sahiptir. \u00b7Beden se\u00e7iminiz i\u00e7in; boyunuz a\u011f\u0131rl\u0131\u011f\u0131n\u0131z ve ka\u00e7\u0131nc\u0131 ayda oldu\u011funuza ba\u011fl\u0131 olarak de\u011fi\u015fkenlik g\u00f6sterece\u011finden [&hellip;]<\/p>\n","protected":false},"featured_media":118488,"comment_status":"open","ping_status":"closed","template":"","meta":[],"product_brand":[],"product_cat":[8763,8772],"product_tag":[9593,9367,9591,9554,9555,9594,9592,9551,9570],"class_list":{"0":"post-118493","1":"product","2":"type-product","3":"status-publish","4":"has-post-thumbnail","6":"product_cat-hamilelik-urunleri","7":"product_cat-pijama-takimlari","8":"product_tag-breastfeeding-friendly","9":"product_tag-comfortable-sleepwear","10":"product_tag-lace-nightwear","11":"product_tag-maternity-nightgown","12":"product_tag-nursing-nightgown","13":"product_tag-pink-nightgown","14":"product_tag-postpartum-clothing","15":"product_tag-pregnancy-clothing","16":"product_tag-womens-sleepwear","17":"pa_brand-luvmabelly","18":"pa_color-ekru","19":"pa_color-pembe","20":"pa_color-siyah","21":"pa_size-2xl","22":"pa_size-l","23":"pa_size-m","24":"pa_size-s","25":"pa_size-xl","27":"first","28":"outofstock","29":"shipping-taxable","30":"product-type-variable"},"_links":{"self":[{"href":"https:\/\/mod.wisdar.net\/tr\/wp-json\/wp\/v2\/product\/118493","targetHints":{"allow":["GET"]}}],"collection":[{"href":"https:\/\/mod.wisdar.net\/tr\/wp-json\/wp\/v2\/product"}],"about":[{"href":"https:\/\/mod.wisdar.net\/tr\/wp-json\/wp\/v2\/types\/product"}],"replies":[{"embeddable":true,"href":"https:\/\/mod.wisdar.net\/tr\/wp-json\/wp\/v2\/comments?post=118493"}],"wp:featuredmedia":[{"embeddable":true,"href":"https:\/\/mod.wisdar.net\/tr\/wp-json\/wp\/v2\/media\/118488"}],"wp:attachment":[{"href":"https:\/\/mod.wisdar.net\/tr\/wp-json\/wp\/v2\/media?parent=118493"}],"wp:term":[{"taxonomy":"product_brand","embeddable":true,"href":"https:\/\/mod.wisdar.net\/tr\/wp-json\/wp\/v2\/product_brand?post=118493"},{"taxonomy":"product_cat","embeddable":true,"href":"https:\/\/mod.wisdar.net\/tr\/wp-json\/wp\/v2\/product_cat?post=118493"},{"taxonomy":"product_tag","embeddable":true,"href":"https:\/\/mod.wisdar.net\/tr\/wp-json\/wp\/v2\/product_tag?post=118493"}],"curies":[{"name":"wp","href":"https:\/\/api.w.org\/{rel}","templated":true}]}}