{"id":118657,"date":"2026-02-17T18:27:06","date_gmt":"2026-02-17T18:27:06","guid":{"rendered":"https:\/\/modesthanim.com\/product\/baby-mom-anne-pijama-takimi-modelli-yaka-uzun-paca-kisa-kol\/"},"modified":"2026-02-17T18:27:58","modified_gmt":"2026-02-17T18:27:58","slug":"baby-mom-anne-pijama-takimi-modelli-yaka-uzun-paca-kisa-kol","status":"publish","type":"product","link":"https:\/\/mod.wisdar.net\/tr\/urun\/baby-mom-anne-pijama-takimi-modelli-yaka-uzun-paca-kisa-kol\/","title":{"rendered":"Baby Mom, Anne, Pijama Tak\u0131m\u0131, Modelli Yaka, Uzun Pa\u00e7a, K\u0131sa Kol"},"content":{"rendered":"<p>Baby Mom, Anne, Pijama Tak\u0131m\u0131, \u00c7\u0131t\u00e7\u0131tl\u0131, Modelli Yaka, Uzun, K\u0131sa Kol<\/p>\n<p>Baby Mom anne pijama tak\u0131m\u0131, %100 viskon kuma\u015f\u0131 sayesinde hafif, nefes alabilen ve yumu\u015fak bir kullan\u0131m sunar. \u00c7\u0131t\u00e7\u0131tl\u0131 ve modelli yaka detay\u0131 ile k\u0131sa kol \u00fcst par\u00e7a, uzun pa\u00e7a alt ile birlikte hem \u015f\u0131k hem konforlu bir g\u00f6r\u00fcn\u00fcm sa\u011flar. Ev giyimi ve dinlenme zamanlar\u0131 i\u00e7in ideal olan bu anne pijama tak\u0131m\u0131, rahatl\u0131\u011f\u0131 \u00f6n planda tutar.<\/p>\n<p>Baby Mom, Anne, Pijama Tak\u0131m\u0131, \u00c7\u0131t\u00e7\u0131tl\u0131, Modelli Yaka, Uzun, K\u0131sa Kol \u00d6zellikleri<\/p>\n<p>\u00dcr\u00fcn Grubu: Hamile Pijamalar\u0131<br \/>\nYaka Tipi: Modelli Yaka<br \/>\nKol Tipi: K\u0131sa Kol<br \/>\nPa\u00e7a Tipi: Patiksiz<br \/>\nKuma\u015f Tipi: S\u00fcprem<br \/>\nKuma\u015f: %100 Viskon<br \/>\nKullan\u0131m Tipi: G\u00fcnl\u00fck Kullan\u0131m<br \/>\nKal\u0131p: Normal Kal\u0131p<br \/>\nYumu\u015fak kuma\u015f dokusu ve rahat kal\u0131ba sahiptir.<br \/>\n30 derecede y\u0131kanabilir.<\/p>\n<p>\u2014 Technical Details \u2014<br \/>\n\u00dcr\u00fcn Grubu: PJM-Pijama Tak\u0131m\u0131<br \/>\nCinsiyet: A<br \/>\nTak\u0131m \/ Tekil: Tak\u0131m<br \/>\nTak\u0131m \u0130\u00e7eri\u011fi: Pijama Alt, Pijama \u00dcst<br \/>\nFit: Standart<br \/>\nMalzeme T\u00fcr\u00fc: \u00d6rme<br \/>\nYaka Tipi: Modelli Yaka<br \/>\nMen\u015fei: T\u00fcrkiye<\/p>\n","protected":false},"excerpt":{"rendered":"<p>Baby Mom, Anne, Pijama Tak\u0131m\u0131, \u00c7\u0131t\u00e7\u0131tl\u0131, Modelli Yaka, Uzun, K\u0131sa Kol Baby Mom anne pijama tak\u0131m\u0131, %100 viskon kuma\u015f\u0131 sayesinde hafif, nefes alabilen ve yumu\u015fak bir kullan\u0131m sunar. \u00c7\u0131t\u00e7\u0131tl\u0131 ve modelli yaka detay\u0131 ile k\u0131sa kol \u00fcst par\u00e7a, uzun pa\u00e7a alt ile birlikte hem \u015f\u0131k hem konforlu bir g\u00f6r\u00fcn\u00fcm sa\u011flar. Ev giyimi ve dinlenme zamanlar\u0131 [&hellip;]<\/p>\n","protected":false},"featured_media":118642,"comment_status":"open","ping_status":"closed","template":"","meta":[],"product_brand":[],"product_cat":[8763,8772],"product_tag":[],"class_list":{"0":"post-118657","1":"product","2":"type-product","3":"status-publish","4":"has-post-thumbnail","6":"product_cat-hamilelik-urunleri","7":"product_cat-pijama-takimlari","8":"pa_color-acik-pembe","9":"pa_size-2xl","10":"pa_size-l","11":"pa_size-m","12":"pa_size-s","13":"pa_size-xl","15":"first","16":"instock","17":"shipping-taxable","18":"purchasable","19":"product-type-variable"},"_links":{"self":[{"href":"https:\/\/mod.wisdar.net\/tr\/wp-json\/wp\/v2\/product\/118657","targetHints":{"allow":["GET"]}}],"collection":[{"href":"https:\/\/mod.wisdar.net\/tr\/wp-json\/wp\/v2\/product"}],"about":[{"href":"https:\/\/mod.wisdar.net\/tr\/wp-json\/wp\/v2\/types\/product"}],"replies":[{"embeddable":true,"href":"https:\/\/mod.wisdar.net\/tr\/wp-json\/wp\/v2\/comments?post=118657"}],"wp:featuredmedia":[{"embeddable":true,"href":"https:\/\/mod.wisdar.net\/tr\/wp-json\/wp\/v2\/media\/118642"}],"wp:attachment":[{"href":"https:\/\/mod.wisdar.net\/tr\/wp-json\/wp\/v2\/media?parent=118657"}],"wp:term":[{"taxonomy":"product_brand","embeddable":true,"href":"https:\/\/mod.wisdar.net\/tr\/wp-json\/wp\/v2\/product_brand?post=118657"},{"taxonomy":"product_cat","embeddable":true,"href":"https:\/\/mod.wisdar.net\/tr\/wp-json\/wp\/v2\/product_cat?post=118657"},{"taxonomy":"product_tag","embeddable":true,"href":"https:\/\/mod.wisdar.net\/tr\/wp-json\/wp\/v2\/product_tag?post=118657"}],"curies":[{"name":"wp","href":"https:\/\/api.w.org\/{rel}","templated":true}]}}