{"id":118663,"date":"2026-02-17T18:27:10","date_gmt":"2026-02-17T18:27:10","guid":{"rendered":"https:\/\/modesthanim.com\/product\/baby-mom-anne-pijama-takimi-dugmeli-modelli-yaka-uzun-paca-uzun-kol\/"},"modified":"2026-04-15T22:20:06","modified_gmt":"2026-04-15T22:20:06","slug":"baby-mom-anne-pijama-takimi-dugmeli-modelli-yaka-uzun-paca-uzun-kol","status":"publish","type":"product","link":"https:\/\/mod.wisdar.net\/tr\/urun\/baby-mom-anne-pijama-takimi-dugmeli-modelli-yaka-uzun-paca-uzun-kol\/","title":{"rendered":"Baby Mom Anne Pijama Tak\u0131m\u0131 D\u00fc\u011fmeli Modelli Yaka Uzun Pa\u00e7a Uzun Kol"},"content":{"rendered":"<p>Baby Mom Pijama Tak\u0131m\u0131, Ekru, S<\/p>\n<p>\u00dcr\u00fcn Grubu: Anne Pijama Tak\u0131m<br \/>\nYaka Tipi : Modelli Yaka<br \/>\nKol Tipi : Uzun Kol<br \/>\nPa\u00e7a Tipi : Re\u00e7me<br \/>\nKullan\u0131m Tipi: G\u00fcnl\u00fck Kullan\u0131m<br \/>\nKal\u0131p: Normal Kal\u0131p<br \/>\nKuma\u015f: %96 Viskon %4 Elastan<br \/>\nYumu\u015fak kuma\u015f dokusu ve rahat kal\u0131ba sahiptir.<br \/>\n30 derecede y\u0131kanabilir.<\/p>\n<p>G\u00dcVENLE G\u0130YD\u0130R\u0130N! ebebek tekstil \u00fcr\u00fcnleri bebe\u011finizin g\u00fcvenli\u011fi i\u00e7in kimyasal i\u00e7eriklere kar\u015f\u0131 test edilmi\u015ftir. Bebe\u011finiz i\u00e7in risk olu\u015fturabilecek yutulabilir k\u00fc\u00e7\u00fck par\u00e7alar ve keskin kenarl\u0131 materyaller kullan\u0131lmamaktad\u0131r. Kullan\u0131m s\u0131ras\u0131nda tehlikeli olabilecek uzunlukta ba\u011fc\u0131k ve kordonlar kullan\u0131lmamaktad\u0131r.<\/p>\n<p>\u2014 Technical Details \u2014<br \/>\n\u00dcr\u00fcn Grubu: PJM-Pijama Tak\u0131m\u0131<br \/>\nCinsiyet: A<br \/>\nTak\u0131m \/ Tekil: Tak\u0131m<br \/>\nTak\u0131m \u0130\u00e7eri\u011fi: Pijama Alt, Pijama \u00dcst<br \/>\nFit: Standart<br \/>\nMalzeme T\u00fcr\u00fc: \u00d6rme<br \/>\nBa\u011flama Tipi: D\u00fc\u011fmeli<br \/>\nYaka Tipi: Modelli Yaka<br \/>\nMen\u015fei: T\u00fcrkiye<\/p>\n","protected":false},"excerpt":{"rendered":"<p>Baby Mom Pijama Tak\u0131m\u0131, Ekru, S \u00dcr\u00fcn Grubu: Anne Pijama Tak\u0131m Yaka Tipi : Modelli Yaka Kol Tipi : Uzun Kol Pa\u00e7a Tipi : Re\u00e7me Kullan\u0131m Tipi: G\u00fcnl\u00fck Kullan\u0131m Kal\u0131p: Normal Kal\u0131p Kuma\u015f: %96 Viskon %4 Elastan Yumu\u015fak kuma\u015f dokusu ve rahat kal\u0131ba sahiptir. 30 derecede y\u0131kanabilir. G\u00dcVENLE G\u0130YD\u0130R\u0130N! ebebek tekstil \u00fcr\u00fcnleri bebe\u011finizin g\u00fcvenli\u011fi i\u00e7in [&hellip;]<\/p>\n","protected":false},"featured_media":118644,"comment_status":"open","ping_status":"closed","template":"","meta":[],"product_brand":[],"product_cat":[8763,8772],"product_tag":[9604,9367,9602,9600,9606,9607],"class_list":{"0":"post-118663","1":"product","2":"type-product","3":"status-publish","4":"has-post-thumbnail","6":"product_cat-hamilelik-urunleri","7":"product_cat-pijama-takimlari","8":"product_tag-button-down-pajamas","9":"product_tag-comfortable-sleepwear","10":"product_tag-long-sleeve-pajamas","11":"product_tag-mother-pajama-set","12":"product_tag-turkish-pajamas","13":"product_tag-viscose-pajamas","14":"pa_brand-baby-mom","15":"pa_color-ekru","16":"pa_size-2xl","17":"pa_size-l","18":"pa_size-m","19":"pa_size-s","20":"pa_size-xl","22":"first","23":"instock","24":"shipping-taxable","25":"purchasable","26":"product-type-variable"},"_links":{"self":[{"href":"https:\/\/mod.wisdar.net\/tr\/wp-json\/wp\/v2\/product\/118663","targetHints":{"allow":["GET"]}}],"collection":[{"href":"https:\/\/mod.wisdar.net\/tr\/wp-json\/wp\/v2\/product"}],"about":[{"href":"https:\/\/mod.wisdar.net\/tr\/wp-json\/wp\/v2\/types\/product"}],"replies":[{"embeddable":true,"href":"https:\/\/mod.wisdar.net\/tr\/wp-json\/wp\/v2\/comments?post=118663"}],"wp:featuredmedia":[{"embeddable":true,"href":"https:\/\/mod.wisdar.net\/tr\/wp-json\/wp\/v2\/media\/118644"}],"wp:attachment":[{"href":"https:\/\/mod.wisdar.net\/tr\/wp-json\/wp\/v2\/media?parent=118663"}],"wp:term":[{"taxonomy":"product_brand","embeddable":true,"href":"https:\/\/mod.wisdar.net\/tr\/wp-json\/wp\/v2\/product_brand?post=118663"},{"taxonomy":"product_cat","embeddable":true,"href":"https:\/\/mod.wisdar.net\/tr\/wp-json\/wp\/v2\/product_cat?post=118663"},{"taxonomy":"product_tag","embeddable":true,"href":"https:\/\/mod.wisdar.net\/tr\/wp-json\/wp\/v2\/product_tag?post=118663"}],"curies":[{"name":"wp","href":"https:\/\/api.w.org\/{rel}","templated":true}]}}