{"id":11874,"date":"2025-11-07T20:16:06","date_gmt":"2025-11-01T21:18:22","guid":{"rendered":"https:\/\/modesthanim.com\/product\/pileli-bol-paca-pantolon-vizon\/"},"modified":"2026-04-07T03:51:28","modified_gmt":"2026-04-07T03:51:28","slug":"pileli-bol-paca-pantolon-vizon","status":"publish","type":"product","link":"https:\/\/mod.wisdar.net\/tr\/urun\/pileli-bol-paca-pantolon-vizon\/","title":{"rendered":"Pileli Bol Pa\u00e7a Pantolon \u2013 Vizon"},"content":{"rendered":"<p>Bel k\u0131sm\u0131ndaki zarif pileler sayesinde hareketli bir g\u00f6r\u00fcn\u00fcm sunar ve d\u00f6k\u00fcml\u00fc yap\u0131s\u0131 ile g\u00fcn boyu konfor ve stil sa\u011flar.<\/p>\n<p>\u2014 Teknik Detaylar \u2014<br \/>\nDesen: D\u00fcz<br \/>\nBel Tipi: Normal Bel<br \/>\nPa\u00e7a Tipi: Bol Pa\u00e7a<br \/>\nCep: Yan Cep<br \/>\nAstar: Astars\u0131z<br \/>\n\u00dcr\u00fcn Boyu: 112 cm<br \/>\nKal\u0131p Tipi: Normal Kal\u0131p<br \/>\nMankenin Giydi\u011fi Beden: 36<br \/>\nManken \u00d6l\u00e7\u00fcleri: Boy: 179 cm, G\u00f6\u011f\u00fcs: 84 cm, Bel: 62 cm, Basen: 90 cm<\/p>\n","protected":false},"excerpt":{"rendered":"<p>Bel k\u0131sm\u0131ndaki zarif pileler sayesinde hareketli bir g\u00f6r\u00fcn\u00fcm sunar ve d\u00f6k\u00fcml\u00fc yap\u0131s\u0131 ile g\u00fcn boyu konfor ve stil sa\u011flar. \u2014 Teknik Detaylar \u2014 Desen: D\u00fcz Bel Tipi: Normal Bel Pa\u00e7a Tipi: Bol Pa\u00e7a Cep: Yan Cep Astar: Astars\u0131z \u00dcr\u00fcn Boyu: 112 cm Kal\u0131p Tipi: Normal Kal\u0131p Mankenin Giydi\u011fi Beden: 36 Manken \u00d6l\u00e7\u00fcleri: Boy: 179 cm, [&hellip;]<\/p>\n","protected":false},"featured_media":0,"comment_status":"open","ping_status":"closed","template":"","meta":[],"product_brand":[],"product_cat":[1882],"product_tag":[],"class_list":{"0":"post-11874","1":"product","2":"type-product","3":"status-publish","5":"product_cat-alt-giyim","6":"pa_brand-tugba","7":"pa_color-vizon","8":"pa_size-4701","9":"pa_size-4706","10":"pa_size-4711","11":"pa_size-4713","12":"pa_size-4751","14":"first","15":"instock","16":"sale","17":"shipping-taxable","18":"purchasable","19":"product-type-variable"},"_links":{"self":[{"href":"https:\/\/mod.wisdar.net\/tr\/wp-json\/wp\/v2\/product\/11874","targetHints":{"allow":["GET"]}}],"collection":[{"href":"https:\/\/mod.wisdar.net\/tr\/wp-json\/wp\/v2\/product"}],"about":[{"href":"https:\/\/mod.wisdar.net\/tr\/wp-json\/wp\/v2\/types\/product"}],"replies":[{"embeddable":true,"href":"https:\/\/mod.wisdar.net\/tr\/wp-json\/wp\/v2\/comments?post=11874"}],"wp:attachment":[{"href":"https:\/\/mod.wisdar.net\/tr\/wp-json\/wp\/v2\/media?parent=11874"}],"wp:term":[{"taxonomy":"product_brand","embeddable":true,"href":"https:\/\/mod.wisdar.net\/tr\/wp-json\/wp\/v2\/product_brand?post=11874"},{"taxonomy":"product_cat","embeddable":true,"href":"https:\/\/mod.wisdar.net\/tr\/wp-json\/wp\/v2\/product_cat?post=11874"},{"taxonomy":"product_tag","embeddable":true,"href":"https:\/\/mod.wisdar.net\/tr\/wp-json\/wp\/v2\/product_tag?post=11874"}],"curies":[{"name":"wp","href":"https:\/\/api.w.org\/{rel}","templated":true}]}}