{"id":118748,"date":"2026-02-17T18:29:24","date_gmt":"2026-02-17T18:29:24","guid":{"rendered":"https:\/\/modesthanim.com\/product\/anne-hamile-pijama-takimi-bisiklet-yaka-kisa-kol-recme-paca\/"},"modified":"2026-02-19T23:26:07","modified_gmt":"2026-02-19T23:26:07","slug":"anne-hamile-pijama-takimi-bisiklet-yaka-kisa-kol-recme-paca","status":"publish","type":"product","link":"https:\/\/mod.wisdar.net\/tr\/urun\/anne-hamile-pijama-takimi-bisiklet-yaka-kisa-kol-recme-paca\/","title":{"rendered":"Anne Hamile Pijama Tak\u0131m\u0131 Bisiklet Yaka K\u0131sa Kol Re\u00e7me Pa\u00e7a"},"content":{"rendered":"<p>\u00dcr\u00fcn Grubu: Pijama Tak\u0131m\u0131<br \/>\nYaka Tipi: Bisiklet Yaka<br \/>\nKol Boyu: K\u0131sa Kol<br \/>\nPa\u00e7a Tipi: Re\u00e7me<br \/>\nPa\u00e7a Boyu: Uzun<br \/>\nSezon: \u0130lkbahar-Yaz<br \/>\nKullan\u0131m Tipi: G\u00fcnl\u00fck Kullan\u0131m<br \/>\nKal\u0131p: Normal Kal\u0131p<br \/>\nKuma\u015f: %64 Polyester, %24 Viskon, %2 Elastan<br \/>\nYumu\u015fak kuma\u015f dokusu ve rahat kal\u0131ba sahiptir.<br \/>\n30 derecede y\u0131kanabilir.<br \/>\nG\u00dcVENLE G\u0130YD\u0130R\u0130N! ebebek tekstil \u00fcr\u00fcnleri bebe\u011finizin g\u00fcvenli\u011fi i\u00e7in kimyasal i\u00e7eriklere kar\u015f\u0131 test edilmi\u015ftir. Bebe\u011finiz i\u00e7in risk olu\u015fturabilecek yutulabilir k\u00fc\u00e7\u00fck par\u00e7alar ve keskin kenarl\u0131 materyaller kullan\u0131lmamaktad\u0131r. Kullan\u0131m s\u0131ras\u0131nda tehlikeli olabilecek uzunlukta ba\u011fc\u0131k ve kordonlar kullan\u0131lmamaktad\u0131r.<\/p>\n<p>\u2014 Technical Details \u2014<br \/>\n\u00dcr\u00fcn Grubu: PJM-Pijama Tak\u0131m\u0131<br \/>\nCinsiyet: A<br \/>\nTak\u0131m \/ Tekil: Tak\u0131m<br \/>\nFit: Standart<br \/>\nMalzeme T\u00fcr\u00fc: \u00d6rme<br \/>\nYaka Tipi: Bisiklet Yaka<\/p>\n","protected":false},"excerpt":{"rendered":"<p>\u00dcr\u00fcn Grubu: Pijama Tak\u0131m\u0131 Yaka Tipi: Bisiklet Yaka Kol Boyu: K\u0131sa Kol Pa\u00e7a Tipi: Re\u00e7me Pa\u00e7a Boyu: Uzun Sezon: \u0130lkbahar-Yaz Kullan\u0131m Tipi: G\u00fcnl\u00fck Kullan\u0131m Kal\u0131p: Normal Kal\u0131p Kuma\u015f: %64 Polyester, %24 Viskon, %2 Elastan Yumu\u015fak kuma\u015f dokusu ve rahat kal\u0131ba sahiptir. 30 derecede y\u0131kanabilir. G\u00dcVENLE G\u0130YD\u0130R\u0130N! ebebek tekstil \u00fcr\u00fcnleri bebe\u011finizin g\u00fcvenli\u011fi i\u00e7in kimyasal i\u00e7eriklere kar\u015f\u0131 [&hellip;]<\/p>\n","protected":false},"featured_media":118734,"comment_status":"open","ping_status":"closed","template":"","meta":[],"product_brand":[],"product_cat":[8763,8772],"product_tag":[],"class_list":{"0":"post-118748","1":"product","2":"type-product","3":"status-publish","4":"has-post-thumbnail","6":"product_cat-hamilelik-urunleri","7":"product_cat-pijama-takimlari","8":"pa_color-siyah","9":"pa_size-2xl","10":"pa_size-l","11":"pa_size-m","12":"pa_size-s","13":"pa_size-xl","15":"first","16":"instock","17":"shipping-taxable","18":"purchasable","19":"product-type-variable"},"_links":{"self":[{"href":"https:\/\/mod.wisdar.net\/tr\/wp-json\/wp\/v2\/product\/118748","targetHints":{"allow":["GET"]}}],"collection":[{"href":"https:\/\/mod.wisdar.net\/tr\/wp-json\/wp\/v2\/product"}],"about":[{"href":"https:\/\/mod.wisdar.net\/tr\/wp-json\/wp\/v2\/types\/product"}],"replies":[{"embeddable":true,"href":"https:\/\/mod.wisdar.net\/tr\/wp-json\/wp\/v2\/comments?post=118748"}],"wp:featuredmedia":[{"embeddable":true,"href":"https:\/\/mod.wisdar.net\/tr\/wp-json\/wp\/v2\/media\/118734"}],"wp:attachment":[{"href":"https:\/\/mod.wisdar.net\/tr\/wp-json\/wp\/v2\/media?parent=118748"}],"wp:term":[{"taxonomy":"product_brand","embeddable":true,"href":"https:\/\/mod.wisdar.net\/tr\/wp-json\/wp\/v2\/product_brand?post=118748"},{"taxonomy":"product_cat","embeddable":true,"href":"https:\/\/mod.wisdar.net\/tr\/wp-json\/wp\/v2\/product_cat?post=118748"},{"taxonomy":"product_tag","embeddable":true,"href":"https:\/\/mod.wisdar.net\/tr\/wp-json\/wp\/v2\/product_tag?post=118748"}],"curies":[{"name":"wp","href":"https:\/\/api.w.org\/{rel}","templated":true}]}}