{"id":118754,"date":"2026-02-17T18:29:23","date_gmt":"2026-02-17T18:29:23","guid":{"rendered":"https:\/\/modesthanim.com\/product\/baby-mom-anne-hamile-pijama-takimi-dugmeli-modelli-yaka-uzun-paca-uzun-kol\/"},"modified":"2026-02-17T18:30:03","modified_gmt":"2026-02-17T18:30:03","slug":"baby-mom-anne-hamile-pijama-takimi-dugmeli-modelli-yaka-uzun-paca-uzun-kol","status":"publish","type":"product","link":"https:\/\/mod.wisdar.net\/tr\/urun\/baby-mom-anne-hamile-pijama-takimi-dugmeli-modelli-yaka-uzun-paca-uzun-kol\/","title":{"rendered":"Baby Mom, Anne, Hamile Pijama Tak\u0131m\u0131, D\u00fc\u011fmeli, Modelli Yaka, Uzun Pa\u00e7a, Uzun Kol"},"content":{"rendered":"<p>Baby Mom Pijama Tak\u0131m\u0131, annelerin g\u00fcnl\u00fck kullan\u0131mda rahat etmesi ve \u015f\u0131k hissetmesi i\u00e7in \u00f6zel olarak tasarlanm\u0131\u015ft\u0131r. %100 viskon kuma\u015f\u0131yla yumu\u015fak dokulu, nefes alabilen bir yap\u0131ya sahip olan bu tak\u0131m, cilde temas eden y\u00fczeyi ile g\u00fcn boyu konfor sunar.Model detaylar\u0131 aras\u0131nda yer alan uzun kollu \u00fcst, modelli yaka ve re\u00e7me pa\u00e7a tipi, klasik bir g\u00f6r\u00fcn\u00fcm\u00fcn yan\u0131nda i\u015flevsel bir kullan\u0131m da sa\u011flar. G\u00fcnl\u00fck kullan\u0131ma uygun olan bu pijama tak\u0131m\u0131, normal kal\u0131ba sahiptir ve v\u00fccuda tam uyum sa\u011flar.<\/p>\n<p>Baby Mom Pijama Tak\u0131m\u0131 Genel \u00d6zellikler<\/p>\n<p>\u00dcr\u00fcn Grubu: Pijama Tak\u0131m\u0131<br \/>\nCinsiyet: Anne<br \/>\nPa\u00e7a Tipi: Re\u00e7me<br \/>\nKol Tipi: Uzun Kol<br \/>\nYaka Tipi: Modelli Yaka<br \/>\nKullan\u0131m Tipi: G\u00fcnl\u00fck Kullan\u0131m<br \/>\nKal\u0131p: Normal Kal\u0131p<br \/>\nKuma\u015f Tipi : Viskon<br \/>\nKuma\u015f: %100 Viskon<br \/>\n30 derecede y\u0131kanabilir.<\/p>\n<p>\u2014 Technical Details \u2014<br \/>\n\u00dcr\u00fcn Grubu: HPJ-Hamile Pijama Tak\u0131m\u0131<br \/>\nCinsiyet: A<br \/>\nTak\u0131m \/ Tekil: Tak\u0131m<br \/>\nTak\u0131m \u0130\u00e7eri\u011fi: Pijama Alt, Pijama \u00dcst<br \/>\nFit: Standart<br \/>\nMalzeme T\u00fcr\u00fc: Dokuma<br \/>\nBa\u011flama Tipi: D\u00fc\u011fmeli<br \/>\nYaka Tipi: Modelli Yaka<br \/>\nS\u00fcrd\u00fcr\u00fclebilirlik: Di\u011fer<br \/>\nMen\u015fei: T\u00fcrkiye<\/p>\n","protected":false},"excerpt":{"rendered":"<p>Baby Mom Pijama Tak\u0131m\u0131, annelerin g\u00fcnl\u00fck kullan\u0131mda rahat etmesi ve \u015f\u0131k hissetmesi i\u00e7in \u00f6zel olarak tasarlanm\u0131\u015ft\u0131r. %100 viskon kuma\u015f\u0131yla yumu\u015fak dokulu, nefes alabilen bir yap\u0131ya sahip olan bu tak\u0131m, cilde temas eden y\u00fczeyi ile g\u00fcn boyu konfor sunar.Model detaylar\u0131 aras\u0131nda yer alan uzun kollu \u00fcst, modelli yaka ve re\u00e7me pa\u00e7a tipi, klasik bir g\u00f6r\u00fcn\u00fcm\u00fcn yan\u0131nda [&hellip;]<\/p>\n","protected":false},"featured_media":118733,"comment_status":"open","ping_status":"closed","template":"","meta":[],"product_brand":[],"product_cat":[8763,8772],"product_tag":[7354],"class_list":{"0":"post-118754","1":"product","2":"type-product","3":"status-publish","4":"has-post-thumbnail","6":"product_cat-hamilelik-urunleri","7":"product_cat-pijama-takimlari","8":"product_tag-gunluk-giyim-2","9":"pa_color-siyah","10":"pa_size-2xl","11":"pa_size-l","12":"pa_size-m","13":"pa_size-s","14":"pa_size-xl","16":"first","17":"instock","18":"shipping-taxable","19":"purchasable","20":"product-type-variable"},"_links":{"self":[{"href":"https:\/\/mod.wisdar.net\/tr\/wp-json\/wp\/v2\/product\/118754","targetHints":{"allow":["GET"]}}],"collection":[{"href":"https:\/\/mod.wisdar.net\/tr\/wp-json\/wp\/v2\/product"}],"about":[{"href":"https:\/\/mod.wisdar.net\/tr\/wp-json\/wp\/v2\/types\/product"}],"replies":[{"embeddable":true,"href":"https:\/\/mod.wisdar.net\/tr\/wp-json\/wp\/v2\/comments?post=118754"}],"wp:featuredmedia":[{"embeddable":true,"href":"https:\/\/mod.wisdar.net\/tr\/wp-json\/wp\/v2\/media\/118733"}],"wp:attachment":[{"href":"https:\/\/mod.wisdar.net\/tr\/wp-json\/wp\/v2\/media?parent=118754"}],"wp:term":[{"taxonomy":"product_brand","embeddable":true,"href":"https:\/\/mod.wisdar.net\/tr\/wp-json\/wp\/v2\/product_brand?post=118754"},{"taxonomy":"product_cat","embeddable":true,"href":"https:\/\/mod.wisdar.net\/tr\/wp-json\/wp\/v2\/product_cat?post=118754"},{"taxonomy":"product_tag","embeddable":true,"href":"https:\/\/mod.wisdar.net\/tr\/wp-json\/wp\/v2\/product_tag?post=118754"}],"curies":[{"name":"wp","href":"https:\/\/api.w.org\/{rel}","templated":true}]}}