{"id":118916,"date":"2026-02-17T19:58:15","date_gmt":"2026-02-17T19:58:15","guid":{"rendered":"https:\/\/modesthanim.com\/product\/baby-mom-anne-emzirme-atleti-modelli-yaka-atlet\/"},"modified":"2026-02-20T18:03:49","modified_gmt":"2026-02-20T18:03:49","slug":"baby-mom-anne-emzirme-atleti-modelli-yaka-atlet","status":"publish","type":"product","link":"https:\/\/mod.wisdar.net\/tr\/urun\/baby-mom-anne-emzirme-atleti-modelli-yaka-atlet\/","title":{"rendered":"Baby Mom, Anne, Emzirme Atleti, Modelli Yaka, Atlet"},"content":{"rendered":"<p>Baby Mom Anne Emzirme Atleti Modelli Yaka Atlet<br \/>\nBaby Mom anne emzirme atleti, modelli yaka tasar\u0131m\u0131yla konforlu ve pratik bir kullan\u0131m sunar. %95 pamuk ve %5 elastan i\u00e7eren kuma\u015f\u0131 sayesinde yumu\u015fak dokulu ve esnek bir yap\u0131 sa\u011flar. G\u00fcnl\u00fck kullan\u0131m ve emzirme d\u00f6neminde rahatl\u0131k arayan anneler i\u00e7in ideal bir tercihtir.<br \/>\nBaby Mom Anne Emzirme Atleti Modelli Yaka Atlet \u00d6zellikleri<br \/>\n\u00dcr\u00fcn Grubu: Hamile \u0130\u00e7 Giyim<br \/>\nKol Tipi: Atlet<br \/>\nKuma\u015f Tipi: S\u00fcprem<br \/>\nKullan\u0131m Tipi: G\u00fcnl\u00fck Kullan\u0131m<br \/>\nKal\u0131p: Normal Kal\u0131p<br \/>\nKuma\u015f: %95 Pamuk %5 Elastan<br \/>\nYumu\u015fak kuma\u015f dokusu ve rahat kal\u0131ba sahiptir.<br \/>\n30 derecede y\u0131kanabilir.<\/p>\n<p>\u2014 Technical Details \u2014<br \/>\npattern: Hamile \u0130\u00e7 Giyim<br \/>\nproduct_group: ATL-Emzirme Atleti<br \/>\ngender: A<br \/>\nset_type: Tekil<br \/>\nfit: Standart<br \/>\nmaterial_type: \u00d6rme<br \/>\nneck_type: Modelli Yaka<br \/>\norigin: T\u00fcrkiye<br \/>\nsleeve_type: Atlet<br \/>\nfabric_type: S\u00fcprem<br \/>\nusage_type: G\u00fcnl\u00fck Kullan\u0131m<br \/>\npattern_type: Normal Kal\u0131p<br \/>\nwash_temperature: 30 derecede y\u0131kanabilir<\/p>\n","protected":false},"excerpt":{"rendered":"<p>Baby Mom Anne Emzirme Atleti Modelli Yaka Atlet Baby Mom anne emzirme atleti, modelli yaka tasar\u0131m\u0131yla konforlu ve pratik bir kullan\u0131m sunar. %95 pamuk ve %5 elastan i\u00e7eren kuma\u015f\u0131 sayesinde yumu\u015fak dokulu ve esnek bir yap\u0131 sa\u011flar. G\u00fcnl\u00fck kullan\u0131m ve emzirme d\u00f6neminde rahatl\u0131k arayan anneler i\u00e7in ideal bir tercihtir. Baby Mom Anne Emzirme Atleti Modelli [&hellip;]<\/p>\n","protected":false},"featured_media":118900,"comment_status":"open","ping_status":"closed","template":"","meta":[],"product_brand":[],"product_cat":[8763,8775],"product_tag":[9562,9624,9626,9533,9620,9627],"class_list":{"0":"post-118916","1":"product","2":"type-product","3":"status-publish","4":"has-post-thumbnail","6":"product_cat-hamilelik-urunleri","7":"product_cat-ic-camasiri-ve-sutyenler","8":"product_tag-breastfeeding-clothes","9":"product_tag-comfortable-underwear","10":"product_tag-cotton-tank-top","11":"product_tag-maternity-wear","12":"product_tag-nursing-tank-top","13":"product_tag-patterned-neckline","14":"pa_brand-baby-mom","15":"pa_color-ten","16":"pa_size-2xl","17":"pa_size-l","18":"pa_size-m","19":"pa_size-s","20":"pa_size-xl","22":"first","23":"outofstock","24":"shipping-taxable","25":"product-type-variable"},"_links":{"self":[{"href":"https:\/\/mod.wisdar.net\/tr\/wp-json\/wp\/v2\/product\/118916","targetHints":{"allow":["GET"]}}],"collection":[{"href":"https:\/\/mod.wisdar.net\/tr\/wp-json\/wp\/v2\/product"}],"about":[{"href":"https:\/\/mod.wisdar.net\/tr\/wp-json\/wp\/v2\/types\/product"}],"replies":[{"embeddable":true,"href":"https:\/\/mod.wisdar.net\/tr\/wp-json\/wp\/v2\/comments?post=118916"}],"wp:featuredmedia":[{"embeddable":true,"href":"https:\/\/mod.wisdar.net\/tr\/wp-json\/wp\/v2\/media\/118900"}],"wp:attachment":[{"href":"https:\/\/mod.wisdar.net\/tr\/wp-json\/wp\/v2\/media?parent=118916"}],"wp:term":[{"taxonomy":"product_brand","embeddable":true,"href":"https:\/\/mod.wisdar.net\/tr\/wp-json\/wp\/v2\/product_brand?post=118916"},{"taxonomy":"product_cat","embeddable":true,"href":"https:\/\/mod.wisdar.net\/tr\/wp-json\/wp\/v2\/product_cat?post=118916"},{"taxonomy":"product_tag","embeddable":true,"href":"https:\/\/mod.wisdar.net\/tr\/wp-json\/wp\/v2\/product_tag?post=118916"}],"curies":[{"name":"wp","href":"https:\/\/api.w.org\/{rel}","templated":true}]}}