{"id":118994,"date":"2026-02-17T19:59:18","date_gmt":"2026-02-17T19:59:18","guid":{"rendered":"https:\/\/modesthanim.com\/product\/baby-mom-anne-emzirme-atleti-modelli-yaka-atlet-2\/"},"modified":"2026-02-20T18:04:19","modified_gmt":"2026-02-20T18:04:19","slug":"baby-mom-anne-emzirme-atleti-modelli-yaka-atlet-2","status":"publish","type":"product","link":"https:\/\/mod.wisdar.net\/tr\/urun\/baby-mom-anne-emzirme-atleti-modelli-yaka-atlet-2\/","title":{"rendered":"Baby Mom, Anne, Emzirme Atleti, Modelli Yaka, Atlet"},"content":{"rendered":"<p>Baby Mom anne emzirme atleti, modelli yaka tasar\u0131m\u0131yla konforlu ve pratik bir kullan\u0131m sunar. %95 pamuk ve %5 elastan i\u00e7eren kuma\u015f\u0131 sayesinde yumu\u015fak dokulu ve esnek bir yap\u0131 sa\u011flar. G\u00fcnl\u00fck kullan\u0131m ve emzirme d\u00f6neminde rahatl\u0131k arayan anneler i\u00e7in ideal bir tercihtir.<\/p>\n<p>\u2014 Technical Details \u2014<br \/>\n\u00dcr\u00fcn Grubu: ATL-Emzirme Atleti<br \/>\nCinsiyet: A<br \/>\nTak\u0131m \/ Tekil: Tekil<br \/>\nFit: Standart<br \/>\nMalzeme T\u00fcr\u00fc: \u00d6rme<br \/>\nYaka Tipi: Modelli Yaka<br \/>\nMen\u015fei: T\u00fcrkiye<\/p>\n","protected":false},"excerpt":{"rendered":"<p>Baby Mom anne emzirme atleti, modelli yaka tasar\u0131m\u0131yla konforlu ve pratik bir kullan\u0131m sunar. %95 pamuk ve %5 elastan i\u00e7eren kuma\u015f\u0131 sayesinde yumu\u015fak dokulu ve esnek bir yap\u0131 sa\u011flar. G\u00fcnl\u00fck kullan\u0131m ve emzirme d\u00f6neminde rahatl\u0131k arayan anneler i\u00e7in ideal bir tercihtir. \u2014 Technical Details \u2014 \u00dcr\u00fcn Grubu: ATL-Emzirme Atleti Cinsiyet: A Tak\u0131m \/ Tekil: Tekil [&hellip;]<\/p>\n","protected":false},"featured_media":118979,"comment_status":"open","ping_status":"closed","template":"","meta":[],"product_brand":[],"product_cat":[8763,8775],"product_tag":[7488,6751],"class_list":{"0":"post-118994","1":"product","2":"type-product","3":"status-publish","4":"has-post-thumbnail","6":"product_cat-hamilelik-urunleri","7":"product_cat-ic-camasiri-ve-sutyenler","8":"product_tag-pamuk","9":"product_tag-rahat","10":"pa_brand-baby-mom","11":"pa_color-siyah","12":"pa_size-2xl","13":"pa_size-l","14":"pa_size-m","15":"pa_size-s","16":"pa_size-xl","18":"first","19":"outofstock","20":"shipping-taxable","21":"product-type-variable"},"_links":{"self":[{"href":"https:\/\/mod.wisdar.net\/tr\/wp-json\/wp\/v2\/product\/118994","targetHints":{"allow":["GET"]}}],"collection":[{"href":"https:\/\/mod.wisdar.net\/tr\/wp-json\/wp\/v2\/product"}],"about":[{"href":"https:\/\/mod.wisdar.net\/tr\/wp-json\/wp\/v2\/types\/product"}],"replies":[{"embeddable":true,"href":"https:\/\/mod.wisdar.net\/tr\/wp-json\/wp\/v2\/comments?post=118994"}],"wp:featuredmedia":[{"embeddable":true,"href":"https:\/\/mod.wisdar.net\/tr\/wp-json\/wp\/v2\/media\/118979"}],"wp:attachment":[{"href":"https:\/\/mod.wisdar.net\/tr\/wp-json\/wp\/v2\/media?parent=118994"}],"wp:term":[{"taxonomy":"product_brand","embeddable":true,"href":"https:\/\/mod.wisdar.net\/tr\/wp-json\/wp\/v2\/product_brand?post=118994"},{"taxonomy":"product_cat","embeddable":true,"href":"https:\/\/mod.wisdar.net\/tr\/wp-json\/wp\/v2\/product_cat?post=118994"},{"taxonomy":"product_tag","embeddable":true,"href":"https:\/\/mod.wisdar.net\/tr\/wp-json\/wp\/v2\/product_tag?post=118994"}],"curies":[{"name":"wp","href":"https:\/\/api.w.org\/{rel}","templated":true}]}}