{"id":11901,"date":"2025-11-07T20:16:06","date_gmt":"2025-11-01T21:19:04","guid":{"rendered":"https:\/\/modesthanim.com\/product\/bol-paca-pantolon-bej-2\/"},"modified":"2026-03-06T11:49:23","modified_gmt":"2026-03-06T11:49:23","slug":"bol-paca-pantolon-bej-2","status":"publish","type":"product","link":"https:\/\/mod.wisdar.net\/tr\/urun\/bol-paca-pantolon-bej-2\/","title":{"rendered":"Bol Pa\u00e7a Pantolon \u2013 Bej"},"content":{"rendered":"<p>Konforlu yap\u0131s\u0131yla \u00f6ne \u00e7\u0131kan Bol Pa\u00e7a Pantolon, geni\u015f kesimi sayesinde g\u00fcn boyu hareket \u00f6zg\u00fcrl\u00fc\u011f\u00fc sunarken modern ve zarif bir duru\u015f sa\u011flar. Y\u00fcksek bel formu, v\u00fccut proporsiyonunu dengeleyerek silueti daha uzun ve dengeli g\u00f6sterir. Kuma\u015f \u0130\u00e7eri\u011fi: %65 Lyocell, %35 Viskon. Desen: D\u00fcz. Bel Tipi: Y\u00fcksek Bel. Pa\u00e7a Tipi: Bol Pa\u00e7a. Cep: Yan Cep. Astar: Astars\u0131z. \u00dcr\u00fcn Boyu: 113 cm. Kal\u0131p Tipi: Normal Kal\u0131p. Mankenin Giydi\u011fi Beden: 38. Manken \u00d6l\u00e7\u00fcleri: Boy: 179 cm, G\u00f6\u011f\u00fcs: 84 cm, Bel: 62 cm, Basen: 90 cm.<\/p>\n","protected":false},"excerpt":{"rendered":"<p>Konforlu yap\u0131s\u0131yla \u00f6ne \u00e7\u0131kan Bol Pa\u00e7a Pantolon, geni\u015f kesimi sayesinde g\u00fcn boyu hareket \u00f6zg\u00fcrl\u00fc\u011f\u00fc sunarken modern ve zarif bir duru\u015f sa\u011flar. Y\u00fcksek bel formu, v\u00fccut proporsiyonunu dengeleyerek silueti daha uzun ve dengeli g\u00f6sterir. Kuma\u015f \u0130\u00e7eri\u011fi: %65 Lyocell, %35 Viskon. Desen: D\u00fcz. Bel Tipi: Y\u00fcksek Bel. Pa\u00e7a Tipi: Bol Pa\u00e7a. Cep: Yan Cep. Astar: Astars\u0131z. \u00dcr\u00fcn [&hellip;]<\/p>\n","protected":false},"featured_media":0,"comment_status":"open","ping_status":"closed","template":"","meta":[],"product_brand":[],"product_cat":[1882],"product_tag":[],"class_list":{"0":"post-11901","1":"product","2":"type-product","3":"status-publish","5":"product_cat-alt-giyim","6":"pa_color-bej","7":"pa_size-4706","8":"pa_size-4711","9":"pa_size-4713","10":"pa_size-4751","11":"pa_size-4749","12":"pa_size-4747","14":"first","15":"instock","16":"sale","17":"shipping-taxable","18":"purchasable","19":"product-type-variable"},"_links":{"self":[{"href":"https:\/\/mod.wisdar.net\/tr\/wp-json\/wp\/v2\/product\/11901","targetHints":{"allow":["GET"]}}],"collection":[{"href":"https:\/\/mod.wisdar.net\/tr\/wp-json\/wp\/v2\/product"}],"about":[{"href":"https:\/\/mod.wisdar.net\/tr\/wp-json\/wp\/v2\/types\/product"}],"replies":[{"embeddable":true,"href":"https:\/\/mod.wisdar.net\/tr\/wp-json\/wp\/v2\/comments?post=11901"}],"wp:attachment":[{"href":"https:\/\/mod.wisdar.net\/tr\/wp-json\/wp\/v2\/media?parent=11901"}],"wp:term":[{"taxonomy":"product_brand","embeddable":true,"href":"https:\/\/mod.wisdar.net\/tr\/wp-json\/wp\/v2\/product_brand?post=11901"},{"taxonomy":"product_cat","embeddable":true,"href":"https:\/\/mod.wisdar.net\/tr\/wp-json\/wp\/v2\/product_cat?post=11901"},{"taxonomy":"product_tag","embeddable":true,"href":"https:\/\/mod.wisdar.net\/tr\/wp-json\/wp\/v2\/product_tag?post=11901"}],"curies":[{"name":"wp","href":"https:\/\/api.w.org\/{rel}","templated":true}]}}