{"id":119057,"date":"2026-02-17T20:00:28","date_gmt":"2026-02-17T20:00:28","guid":{"rendered":"https:\/\/modesthanim.com\/product\/beyaz-bisiklet-yaka-kolsuz-kadin-emzirme-atlet\/"},"modified":"2026-03-27T02:41:25","modified_gmt":"2026-03-27T02:41:25","slug":"beyaz-bisiklet-yaka-kolsuz-kadin-emzirme-atlet","status":"publish","type":"product","link":"https:\/\/mod.wisdar.net\/tr\/urun\/beyaz-bisiklet-yaka-kolsuz-kadin-emzirme-atlet\/","title":{"rendered":"Beyaz Bisiklet Yaka Kolsuz Kad\u0131n Emzirme Atlet"},"content":{"rendered":"<p>\u00b7Ana kuma\u015f: %95 Pamuk %5 Elastan dan \u00fcretilmi\u015ftir.<\/p>\n<p>\u00b7\u00dcr\u00fcn\u00fcm\u00fcz\u00fcn emzirmek i\u00e7in tasarlanm\u0131\u015f ask\u0131lar\u0131ndaki a\u00e7\u0131l\u0131r kapan\u0131r \u00e7\u0131t-\u00e7\u0131tlar\u0131 sayesinde emzirme d\u00f6neminiz boyunca rahat\u00e7a kullanabilir, sonras\u0131nda ise g\u00fcnl\u00fck hayat\u0131n\u0131z i\u00e7inde kullanabilirsiniz.<\/p>\n<p>\u00b7Yumu\u015fak kuma\u015f dokusu ile rahat bir kal\u0131ba sahiptir.<\/p>\n<p>\u00b7Beden se\u00e7iminiz i\u00e7in; boyunuz a\u011f\u0131rl\u0131\u011f\u0131n\u0131z ve ka\u00e7\u0131nc\u0131 ayda oldu\u011funuza ba\u011fl\u0131 olarak de\u011fi\u015fkenlik g\u00f6sterece\u011finden tam bedeninizi alman\u0131z tavsiye edilir fakat ara bedenseniz bir b\u00fcy\u00fck beden alman\u0131z tavsiye edilir.<\/p>\n","protected":false},"excerpt":{"rendered":"<p>\u00b7Ana kuma\u015f: %95 Pamuk %5 Elastan dan \u00fcretilmi\u015ftir. \u00b7\u00dcr\u00fcn\u00fcm\u00fcz\u00fcn emzirmek i\u00e7in tasarlanm\u0131\u015f ask\u0131lar\u0131ndaki a\u00e7\u0131l\u0131r kapan\u0131r \u00e7\u0131t-\u00e7\u0131tlar\u0131 sayesinde emzirme d\u00f6neminiz boyunca rahat\u00e7a kullanabilir, sonras\u0131nda ise g\u00fcnl\u00fck hayat\u0131n\u0131z i\u00e7inde kullanabilirsiniz. \u00b7Yumu\u015fak kuma\u015f dokusu ile rahat bir kal\u0131ba sahiptir. \u00b7Beden se\u00e7iminiz i\u00e7in; boyunuz a\u011f\u0131rl\u0131\u011f\u0131n\u0131z ve ka\u00e7\u0131nc\u0131 ayda oldu\u011funuza ba\u011fl\u0131 olarak de\u011fi\u015fkenlik g\u00f6sterece\u011finden tam bedeninizi alman\u0131z tavsiye edilir fakat [&hellip;]<\/p>\n","protected":false},"featured_media":119054,"comment_status":"open","ping_status":"closed","template":"","meta":[],"product_brand":[],"product_cat":[8763,8775],"product_tag":[7547,7488],"class_list":{"0":"post-119057","1":"product","2":"type-product","3":"status-publish","4":"has-post-thumbnail","6":"product_cat-hamilelik-urunleri","7":"product_cat-ic-camasiri-ve-sutyenler","8":"product_tag-kadin-giyim","9":"product_tag-pamuk","10":"pa_color-beyaz","11":"pa_color-beyaz-baskili","12":"pa_color-ekru","13":"pa_color-siyah","14":"pa_size-l","15":"pa_size-m","16":"pa_size-s","17":"pa_size-xl","19":"first","20":"outofstock","21":"shipping-taxable","22":"product-type-variable"},"_links":{"self":[{"href":"https:\/\/mod.wisdar.net\/tr\/wp-json\/wp\/v2\/product\/119057","targetHints":{"allow":["GET"]}}],"collection":[{"href":"https:\/\/mod.wisdar.net\/tr\/wp-json\/wp\/v2\/product"}],"about":[{"href":"https:\/\/mod.wisdar.net\/tr\/wp-json\/wp\/v2\/types\/product"}],"replies":[{"embeddable":true,"href":"https:\/\/mod.wisdar.net\/tr\/wp-json\/wp\/v2\/comments?post=119057"}],"wp:featuredmedia":[{"embeddable":true,"href":"https:\/\/mod.wisdar.net\/tr\/wp-json\/wp\/v2\/media\/119054"}],"wp:attachment":[{"href":"https:\/\/mod.wisdar.net\/tr\/wp-json\/wp\/v2\/media?parent=119057"}],"wp:term":[{"taxonomy":"product_brand","embeddable":true,"href":"https:\/\/mod.wisdar.net\/tr\/wp-json\/wp\/v2\/product_brand?post=119057"},{"taxonomy":"product_cat","embeddable":true,"href":"https:\/\/mod.wisdar.net\/tr\/wp-json\/wp\/v2\/product_cat?post=119057"},{"taxonomy":"product_tag","embeddable":true,"href":"https:\/\/mod.wisdar.net\/tr\/wp-json\/wp\/v2\/product_tag?post=119057"}],"curies":[{"name":"wp","href":"https:\/\/api.w.org\/{rel}","templated":true}]}}