{"id":119078,"date":"2026-02-17T20:00:33","date_gmt":"2026-02-17T20:00:33","guid":{"rendered":"https:\/\/modesthanim.com\/product\/anne-giyim-kapli-emzirme-sutyeni-saten-bej\/"},"modified":"2026-03-27T02:32:58","modified_gmt":"2026-03-27T02:32:58","slug":"anne-giyim-kapli-emzirme-sutyeni-saten-bej","status":"publish","type":"product","link":"https:\/\/mod.wisdar.net\/tr\/urun\/anne-giyim-kapli-emzirme-sutyeni-saten-bej\/","title":{"rendered":"Anne Giyim Kapl\u0131 Emzirme S\u00fctyeni Saten Bej"},"content":{"rendered":"<p>\u00dcr\u00fcn Grubu: Kapl\u0131 Emzirme S\u00fctyeni<br \/>\nKullan\u0131m Tipi: G\u00fcnl\u00fck Kullan\u0131m<br \/>\nKal\u0131p: Normal Kal\u0131p<br \/>\nAna Kuma\u015f: %79 Polyamit %21 Elastan<br \/>\nPed: %100 Polyester<br \/>\nYumu\u015fak kuma\u015f dokusu ve rahat kal\u0131ba sahiptir.<br \/>\n30 derecede y\u0131kanabilir.<br \/>\nG\u00dcVENLE G\u0130YD\u0130R\u0130N! ebebek tekstil \u00fcr\u00fcnleri bebe\u011finizin g\u00fcvenli\u011fi i\u00e7in kimyasal i\u00e7eriklere kar\u015f\u0131 test edilmi\u015ftir. Bebe\u011finiz i\u00e7in risk olu\u015fturabilecek yutulabilir k\u00fc\u00e7\u00fck par\u00e7alar ve keskin kenarl\u0131 materyaller kullan\u0131lmamaktad\u0131r. Kullan\u0131m s\u0131ras\u0131nda tehlikeli olabilecek uzunlukta ba\u011fc\u0131k ve kordonlar kullan\u0131lmamaktad\u0131r.<\/p>\n<p>\u2014 Technical Details \u2014<br \/>\npattern: Normal Kal\u0131p<br \/>\nusage_type: G\u00fcnl\u00fck Kullan\u0131m<br \/>\nproduct_group: STY-Kapl\u0131 Emzirme S\u00fctyeni<br \/>\ngender: A<br \/>\nmaterial_type: \u00d6rme<br \/>\norigin: T\u00fcrkiye<br \/>\nwashing_instructions: 30 derecede y\u0131kanabilir<\/p>\n","protected":false},"excerpt":{"rendered":"<p>\u00dcr\u00fcn Grubu: Kapl\u0131 Emzirme S\u00fctyeni Kullan\u0131m Tipi: G\u00fcnl\u00fck Kullan\u0131m Kal\u0131p: Normal Kal\u0131p Ana Kuma\u015f: %79 Polyamit %21 Elastan Ped: %100 Polyester Yumu\u015fak kuma\u015f dokusu ve rahat kal\u0131ba sahiptir. 30 derecede y\u0131kanabilir. G\u00dcVENLE G\u0130YD\u0130R\u0130N! ebebek tekstil \u00fcr\u00fcnleri bebe\u011finizin g\u00fcvenli\u011fi i\u00e7in kimyasal i\u00e7eriklere kar\u015f\u0131 test edilmi\u015ftir. Bebe\u011finiz i\u00e7in risk olu\u015fturabilecek yutulabilir k\u00fc\u00e7\u00fck par\u00e7alar ve keskin kenarl\u0131 materyaller [&hellip;]<\/p>\n","protected":false},"featured_media":119062,"comment_status":"open","ping_status":"closed","template":"","meta":[],"product_brand":[],"product_cat":[8763,8775],"product_tag":[6753,7019,6751],"class_list":{"0":"post-119078","1":"product","2":"type-product","3":"status-publish","4":"has-post-thumbnail","6":"product_cat-hamilelik-urunleri","7":"product_cat-ic-camasiri-ve-sutyenler","8":"product_tag-bej","9":"product_tag-gunluk-kullanim","10":"product_tag-rahat","11":"pa_color-bej","12":"pa_size-10768","13":"pa_size-80b","14":"pa_size-85b","15":"pa_size-90b","16":"pa_size-95b","18":"first","19":"instock","20":"shipping-taxable","21":"purchasable","22":"product-type-variable"},"_links":{"self":[{"href":"https:\/\/mod.wisdar.net\/tr\/wp-json\/wp\/v2\/product\/119078","targetHints":{"allow":["GET"]}}],"collection":[{"href":"https:\/\/mod.wisdar.net\/tr\/wp-json\/wp\/v2\/product"}],"about":[{"href":"https:\/\/mod.wisdar.net\/tr\/wp-json\/wp\/v2\/types\/product"}],"replies":[{"embeddable":true,"href":"https:\/\/mod.wisdar.net\/tr\/wp-json\/wp\/v2\/comments?post=119078"}],"wp:featuredmedia":[{"embeddable":true,"href":"https:\/\/mod.wisdar.net\/tr\/wp-json\/wp\/v2\/media\/119062"}],"wp:attachment":[{"href":"https:\/\/mod.wisdar.net\/tr\/wp-json\/wp\/v2\/media?parent=119078"}],"wp:term":[{"taxonomy":"product_brand","embeddable":true,"href":"https:\/\/mod.wisdar.net\/tr\/wp-json\/wp\/v2\/product_brand?post=119078"},{"taxonomy":"product_cat","embeddable":true,"href":"https:\/\/mod.wisdar.net\/tr\/wp-json\/wp\/v2\/product_cat?post=119078"},{"taxonomy":"product_tag","embeddable":true,"href":"https:\/\/mod.wisdar.net\/tr\/wp-json\/wp\/v2\/product_tag?post=119078"}],"curies":[{"name":"wp","href":"https:\/\/api.w.org\/{rel}","templated":true}]}}