{"id":119152,"date":"2026-02-17T20:01:47","date_gmt":"2026-02-17T20:01:47","guid":{"rendered":"https:\/\/modesthanim.com\/product\/anne-giyim-kapsiz-emzirme-sutyeni-ten\/"},"modified":"2026-03-27T02:42:43","modified_gmt":"2026-03-27T02:42:43","slug":"anne-giyim-kapsiz-emzirme-sutyeni-ten","status":"publish","type":"product","link":"https:\/\/mod.wisdar.net\/tr\/urun\/anne-giyim-kapsiz-emzirme-sutyeni-ten\/","title":{"rendered":"Anne Giyim Kaps\u0131z Emzirme S\u00fctyeni Ten"},"content":{"rendered":"<p>baby mom Kaps\u0131z Emzirme S\u00fctyen, Ten, 100<\/p>\n<p>\u00dcr\u00fcn Grubu: Emzirme S\u00fctyeni<br \/>\nKullan\u0131m Tipi: G\u00fcnl\u00fck Kullan\u0131m<br \/>\nKal\u0131p: Normal Kal\u0131p<br \/>\nKuma\u015f: Ana Kuma\u015f: %96 Pamuk %4 Elastan<br \/>\nYumu\u015fak kuma\u015f dokusu ve rahat kal\u0131ba sahiptir.<br \/>\n30 derecede y\u0131kanabilir.<br \/>\nG\u00dcVENLE G\u0130YD\u0130R\u0130N! ebebek tekstil \u00fcr\u00fcnleri bebe\u011finizin g\u00fcvenli\u011fi i\u00e7in kimyasal i\u00e7eriklere kar\u015f\u0131 test edilmi\u015ftir. Bebe\u011finiz i\u00e7in risk olu\u015fturabilecek yutulabilir k\u00fc\u00e7\u00fck par\u00e7alar ve keskin kenarl\u0131 materyaller kullan\u0131lmamaktad\u0131r. Kullan\u0131m s\u0131ras\u0131nda tehlikeli olabilecek uzunlukta ba\u011fc\u0131k ve kordonlar kullan\u0131lmamaktad\u0131r.<\/p>\n<p>\u2014 Technical Details \u2014<br \/>\n\u00dcr\u00fcn Grubu: STY-Kaps\u0131z Emzirme S\u00fctyeni<br \/>\nCinsiyet: A<br \/>\nTak\u0131m \/ Tekil: Tekil<br \/>\nFit: Standart<br \/>\nMalzeme T\u00fcr\u00fc: \u00d6rme<br \/>\nMen\u015fei: T\u00fcrkiye<\/p>\n","protected":false},"excerpt":{"rendered":"<p>baby mom Kaps\u0131z Emzirme S\u00fctyen, Ten, 100 \u00dcr\u00fcn Grubu: Emzirme S\u00fctyeni Kullan\u0131m Tipi: G\u00fcnl\u00fck Kullan\u0131m Kal\u0131p: Normal Kal\u0131p Kuma\u015f: Ana Kuma\u015f: %96 Pamuk %4 Elastan Yumu\u015fak kuma\u015f dokusu ve rahat kal\u0131ba sahiptir. 30 derecede y\u0131kanabilir. G\u00dcVENLE G\u0130YD\u0130R\u0130N! ebebek tekstil \u00fcr\u00fcnleri bebe\u011finizin g\u00fcvenli\u011fi i\u00e7in kimyasal i\u00e7eriklere kar\u015f\u0131 test edilmi\u015ftir. Bebe\u011finiz i\u00e7in risk olu\u015fturabilecek yutulabilir k\u00fc\u00e7\u00fck par\u00e7alar [&hellip;]<\/p>\n","protected":false},"featured_media":119138,"comment_status":"open","ping_status":"closed","template":"","meta":[],"product_brand":[],"product_cat":[8763,8775],"product_tag":[7354,7488,6751],"class_list":{"0":"post-119152","1":"product","2":"type-product","3":"status-publish","4":"has-post-thumbnail","6":"product_cat-hamilelik-urunleri","7":"product_cat-ic-camasiri-ve-sutyenler","8":"product_tag-gunluk-giyim-2","9":"product_tag-pamuk","10":"product_tag-rahat","11":"pa_color-ten","12":"pa_size-10768","13":"pa_size-85b","14":"pa_size-90b","15":"pa_size-95b","17":"first","18":"instock","19":"shipping-taxable","20":"purchasable","21":"product-type-variable"},"_links":{"self":[{"href":"https:\/\/mod.wisdar.net\/tr\/wp-json\/wp\/v2\/product\/119152","targetHints":{"allow":["GET"]}}],"collection":[{"href":"https:\/\/mod.wisdar.net\/tr\/wp-json\/wp\/v2\/product"}],"about":[{"href":"https:\/\/mod.wisdar.net\/tr\/wp-json\/wp\/v2\/types\/product"}],"replies":[{"embeddable":true,"href":"https:\/\/mod.wisdar.net\/tr\/wp-json\/wp\/v2\/comments?post=119152"}],"wp:featuredmedia":[{"embeddable":true,"href":"https:\/\/mod.wisdar.net\/tr\/wp-json\/wp\/v2\/media\/119138"}],"wp:attachment":[{"href":"https:\/\/mod.wisdar.net\/tr\/wp-json\/wp\/v2\/media?parent=119152"}],"wp:term":[{"taxonomy":"product_brand","embeddable":true,"href":"https:\/\/mod.wisdar.net\/tr\/wp-json\/wp\/v2\/product_brand?post=119152"},{"taxonomy":"product_cat","embeddable":true,"href":"https:\/\/mod.wisdar.net\/tr\/wp-json\/wp\/v2\/product_cat?post=119152"},{"taxonomy":"product_tag","embeddable":true,"href":"https:\/\/mod.wisdar.net\/tr\/wp-json\/wp\/v2\/product_tag?post=119152"}],"curies":[{"name":"wp","href":"https:\/\/api.w.org\/{rel}","templated":true}]}}