{"id":119206,"date":"2026-02-17T20:03:02","date_gmt":"2026-02-17T20:03:02","guid":{"rendered":"https:\/\/modesthanim.com\/product\/anne-giyim-hamile-kulot-pamuklu-siyah\/"},"modified":"2026-04-02T21:14:30","modified_gmt":"2026-04-02T21:14:30","slug":"anne-giyim-hamile-kulot-pamuklu-siyah","status":"publish","type":"product","link":"https:\/\/mod.wisdar.net\/tr\/urun\/anne-giyim-hamile-kulot-pamuklu-siyah\/","title":{"rendered":"Anne Giyim Hamile K\u00fclot Pamuklu Siyah"},"content":{"rendered":"<p>\u00dcr\u00fcn Grubu: Hamile K\u00fclodu<br \/>\nKullan\u0131m Tipi: G\u00fcnl\u00fck Kullan\u0131m<br \/>\nKal\u0131p: Normal Kal\u0131p<br \/>\nKuma\u015f: %96 Pamuk, %4 Elastan<br \/>\nYumu\u015fak kuma\u015f dokusu ve rahat kal\u0131ba sahiptir.<br \/>\n30 derecede y\u0131kanabilir.<br \/>\nG\u00dcVENLE G\u0130YD\u0130R\u0130N! ebebek tekstil \u00fcr\u00fcnleri bebe\u011finizin g\u00fcvenli\u011fi i\u00e7in kimyasal i\u00e7eriklere kar\u015f\u0131 test edilmi\u015ftir. Bebe\u011finiz i\u00e7in risk olu\u015fturabilecek yutulabilir k\u00fc\u00e7\u00fck par\u00e7alar ve keskin kenarl\u0131 materyaller kullan\u0131lmamaktad\u0131r. Kullan\u0131m s\u0131ras\u0131nda tehlikeli olabilecek uzunlukta ba\u011fc\u0131k ve kordonlar kullan\u0131lmamaktad\u0131r.<\/p>\n<p>\u2014 Technical Details \u2014<br \/>\n\u00dcr\u00fcn Grubu: KLT-Hamile K\u00fclot<br \/>\nCinsiyet: A<br \/>\nMen\u015fei: T\u00fcrkiye<\/p>\n","protected":false},"excerpt":{"rendered":"<p>\u00dcr\u00fcn Grubu: Hamile K\u00fclodu Kullan\u0131m Tipi: G\u00fcnl\u00fck Kullan\u0131m Kal\u0131p: Normal Kal\u0131p Kuma\u015f: %96 Pamuk, %4 Elastan Yumu\u015fak kuma\u015f dokusu ve rahat kal\u0131ba sahiptir. 30 derecede y\u0131kanabilir. G\u00dcVENLE G\u0130YD\u0130R\u0130N! ebebek tekstil \u00fcr\u00fcnleri bebe\u011finizin g\u00fcvenli\u011fi i\u00e7in kimyasal i\u00e7eriklere kar\u015f\u0131 test edilmi\u015ftir. Bebe\u011finiz i\u00e7in risk olu\u015fturabilecek yutulabilir k\u00fc\u00e7\u00fck par\u00e7alar ve keskin kenarl\u0131 materyaller kullan\u0131lmamaktad\u0131r. Kullan\u0131m s\u0131ras\u0131nda tehlikeli olabilecek [&hellip;]<\/p>\n","protected":false},"featured_media":119199,"comment_status":"open","ping_status":"closed","template":"","meta":[],"product_brand":[],"product_cat":[8763,8775],"product_tag":[7354],"class_list":{"0":"post-119206","1":"product","2":"type-product","3":"status-publish","4":"has-post-thumbnail","6":"product_cat-hamilelik-urunleri","7":"product_cat-ic-camasiri-ve-sutyenler","8":"product_tag-gunluk-giyim-2","9":"pa_brand-baby-mom","10":"pa_color-bej","11":"pa_color-beyaz","12":"pa_color-ekru","13":"pa_color-gri-melanj","14":"pa_color-lila","15":"pa_color-mavi","16":"pa_color-siyah","17":"pa_color-ten","18":"pa_size-10768","19":"pa_size-2xl","20":"pa_size-80b","21":"pa_size-85b","22":"pa_size-l","23":"pa_size-m","24":"pa_size-s","25":"pa_size-xl","27":"first","28":"outofstock","29":"shipping-taxable","30":"product-type-variable"},"_links":{"self":[{"href":"https:\/\/mod.wisdar.net\/tr\/wp-json\/wp\/v2\/product\/119206","targetHints":{"allow":["GET"]}}],"collection":[{"href":"https:\/\/mod.wisdar.net\/tr\/wp-json\/wp\/v2\/product"}],"about":[{"href":"https:\/\/mod.wisdar.net\/tr\/wp-json\/wp\/v2\/types\/product"}],"replies":[{"embeddable":true,"href":"https:\/\/mod.wisdar.net\/tr\/wp-json\/wp\/v2\/comments?post=119206"}],"wp:featuredmedia":[{"embeddable":true,"href":"https:\/\/mod.wisdar.net\/tr\/wp-json\/wp\/v2\/media\/119199"}],"wp:attachment":[{"href":"https:\/\/mod.wisdar.net\/tr\/wp-json\/wp\/v2\/media?parent=119206"}],"wp:term":[{"taxonomy":"product_brand","embeddable":true,"href":"https:\/\/mod.wisdar.net\/tr\/wp-json\/wp\/v2\/product_brand?post=119206"},{"taxonomy":"product_cat","embeddable":true,"href":"https:\/\/mod.wisdar.net\/tr\/wp-json\/wp\/v2\/product_cat?post=119206"},{"taxonomy":"product_tag","embeddable":true,"href":"https:\/\/mod.wisdar.net\/tr\/wp-json\/wp\/v2\/product_tag?post=119206"}],"curies":[{"name":"wp","href":"https:\/\/api.w.org\/{rel}","templated":true}]}}