{"id":11926,"date":"2025-11-07T20:16:06","date_gmt":"2025-11-01T21:19:34","guid":{"rendered":"https:\/\/modesthanim.com\/product\/pileli-kemerli-pantolon-kahve\/"},"modified":"2026-04-07T04:01:08","modified_gmt":"2026-04-07T04:01:08","slug":"pileli-kemerli-pantolon-kahve","status":"publish","type":"product","link":"https:\/\/mod.wisdar.net\/tr\/urun\/pileli-kemerli-pantolon-kahve\/","title":{"rendered":"Pileli Kemerli Pantolon \u2013 Kahve"},"content":{"rendered":"<p>Pile detaylar\u0131 ile hareket kazanan bu pantolon, kemer aksesuar\u0131 ile \u015f\u0131kl\u0131\u011f\u0131n\u0131 tamamlar. Modern kesimi ile hem ofis hem de g\u00fcnl\u00fck stilinize uyum sa\u011flar. Konfor ve zarafeti bir arada sunar. Kuma\u015f \u0130\u00e7eri\u011fi: %100 Lyocell. Desen: D\u00fcz. Bel Tipi: Y\u00fcksek Bel. Pa\u00e7a Tipi: Bol Pa\u00e7a. Cep: Yan Cep. Astar: Astars\u0131z. \u00dcr\u00fcn Boyu: 109 cm. Kal\u0131p Tipi: Rahat Kal\u0131p. Mankenin Giydi\u011fi Beden: 38. Manken \u00d6l\u00e7\u00fcleri: Boy: 176 cm, G\u00f6\u011f\u00fcs: 80 cm, Bel: 60 cm, Basen: 90 cm.<\/p>\n","protected":false},"excerpt":{"rendered":"<p>Pile detaylar\u0131 ile hareket kazanan bu pantolon, kemer aksesuar\u0131 ile \u015f\u0131kl\u0131\u011f\u0131n\u0131 tamamlar. Modern kesimi ile hem ofis hem de g\u00fcnl\u00fck stilinize uyum sa\u011flar. Konfor ve zarafeti bir arada sunar. Kuma\u015f \u0130\u00e7eri\u011fi: %100 Lyocell. Desen: D\u00fcz. Bel Tipi: Y\u00fcksek Bel. Pa\u00e7a Tipi: Bol Pa\u00e7a. Cep: Yan Cep. Astar: Astars\u0131z. \u00dcr\u00fcn Boyu: 109 cm. Kal\u0131p Tipi: Rahat [&hellip;]<\/p>\n","protected":false},"featured_media":11887,"comment_status":"open","ping_status":"closed","template":"","meta":[],"product_brand":[],"product_cat":[1882],"product_tag":[],"class_list":{"0":"post-11926","1":"product","2":"type-product","3":"status-publish","4":"has-post-thumbnail","6":"product_cat-alt-giyim","7":"pa_brand-tugba","8":"pa_color-kahve","9":"pa_size-4706","10":"pa_size-4711","11":"pa_size-4713","12":"pa_size-4751","14":"first","15":"instock","16":"sale","17":"shipping-taxable","18":"purchasable","19":"product-type-variable"},"_links":{"self":[{"href":"https:\/\/mod.wisdar.net\/tr\/wp-json\/wp\/v2\/product\/11926","targetHints":{"allow":["GET"]}}],"collection":[{"href":"https:\/\/mod.wisdar.net\/tr\/wp-json\/wp\/v2\/product"}],"about":[{"href":"https:\/\/mod.wisdar.net\/tr\/wp-json\/wp\/v2\/types\/product"}],"replies":[{"embeddable":true,"href":"https:\/\/mod.wisdar.net\/tr\/wp-json\/wp\/v2\/comments?post=11926"}],"wp:featuredmedia":[{"embeddable":true,"href":"https:\/\/mod.wisdar.net\/tr\/wp-json\/wp\/v2\/media\/11887"}],"wp:attachment":[{"href":"https:\/\/mod.wisdar.net\/tr\/wp-json\/wp\/v2\/media?parent=11926"}],"wp:term":[{"taxonomy":"product_brand","embeddable":true,"href":"https:\/\/mod.wisdar.net\/tr\/wp-json\/wp\/v2\/product_brand?post=11926"},{"taxonomy":"product_cat","embeddable":true,"href":"https:\/\/mod.wisdar.net\/tr\/wp-json\/wp\/v2\/product_cat?post=11926"},{"taxonomy":"product_tag","embeddable":true,"href":"https:\/\/mod.wisdar.net\/tr\/wp-json\/wp\/v2\/product_tag?post=11926"}],"curies":[{"name":"wp","href":"https:\/\/api.w.org\/{rel}","templated":true}]}}