{"id":119374,"date":"2026-02-17T21:05:43","date_gmt":"2026-02-17T21:05:43","guid":{"rendered":"https:\/\/modesthanim.com\/product\/bordo-yandan-fermuar-kadin-mevsimlik-hamile-salopet\/"},"modified":"2026-02-19T23:02:08","modified_gmt":"2026-02-19T23:02:08","slug":"bordo-yandan-fermuar-kadin-mevsimlik-hamile-salopet","status":"publish","type":"product","link":"https:\/\/mod.wisdar.net\/tr\/urun\/bordo-yandan-fermuar-kadin-mevsimlik-hamile-salopet\/","title":{"rendered":"Bordo Yandan Fermuar Kad\u0131n Mevsimlik Hamile Salopet"},"content":{"rendered":"<p>\u00b7Ana Kuma\u015f: %95 Pamuk %5 Elastan<br \/>\n\u00b7\u00dcr\u00fcn\u00fcm\u00fcz yandan fermuarl\u0131d\u0131r ve ask\u0131s\u0131 d\u00fc\u011fmesiz olup diledi\u011finiz \u015fekilde ask\u0131 boyunu g\u00f6rselindeki gibi ilikten ge\u00e7irip ba\u011flay\u0131p ayarlayabilir ve hamilelik d\u00f6neminiz boyunca rahat\u00e7a kullanabilirsiniz.<br \/>\n\u00b7Yumu\u015fak kuma\u015f dokusu ile rahat bir kal\u0131ba sahiptir.<br \/>\n\u00b7Beden se\u00e7iminiz i\u00e7in; boyunuz a\u011f\u0131rl\u0131\u011f\u0131n\u0131z ve ka\u00e7\u0131nc\u0131 ayda oldu\u011funuza ba\u011fl\u0131 olarak de\u011fi\u015fkenlik g\u00f6sterece\u011finden tam bedeninizi alman\u0131z tavsiye edilir fakat ara bedenseniz bir b\u00fcy\u00fck beden alman\u0131z tavsiye edilir.<\/p>\n","protected":false},"excerpt":{"rendered":"<p>\u00b7Ana Kuma\u015f: %95 Pamuk %5 Elastan \u00b7\u00dcr\u00fcn\u00fcm\u00fcz yandan fermuarl\u0131d\u0131r ve ask\u0131s\u0131 d\u00fc\u011fmesiz olup diledi\u011finiz \u015fekilde ask\u0131 boyunu g\u00f6rselindeki gibi ilikten ge\u00e7irip ba\u011flay\u0131p ayarlayabilir ve hamilelik d\u00f6neminiz boyunca rahat\u00e7a kullanabilirsiniz. \u00b7Yumu\u015fak kuma\u015f dokusu ile rahat bir kal\u0131ba sahiptir. \u00b7Beden se\u00e7iminiz i\u00e7in; boyunuz a\u011f\u0131rl\u0131\u011f\u0131n\u0131z ve ka\u00e7\u0131nc\u0131 ayda oldu\u011funuza ba\u011fl\u0131 olarak de\u011fi\u015fkenlik g\u00f6sterece\u011finden tam bedeninizi alman\u0131z tavsiye edilir [&hellip;]<\/p>\n","protected":false},"featured_media":119371,"comment_status":"open","ping_status":"closed","template":"","meta":[],"product_brand":[],"product_cat":[8769,8763],"product_tag":[7150,6744],"class_list":{"0":"post-119374","1":"product","2":"type-product","3":"status-publish","4":"has-post-thumbnail","6":"product_cat-hamile-pantolonlari-ve-taytlari","7":"product_cat-hamilelik-urunleri","8":"product_tag-bordo","9":"product_tag-kadin-modasi","10":"pa_color-fume","11":"pa_size-2xl","12":"pa_size-3xl","13":"pa_size-l","14":"pa_size-m","15":"pa_size-s","16":"pa_size-xl","18":"first","19":"outofstock","20":"shipping-taxable","21":"product-type-variable"},"_links":{"self":[{"href":"https:\/\/mod.wisdar.net\/tr\/wp-json\/wp\/v2\/product\/119374","targetHints":{"allow":["GET"]}}],"collection":[{"href":"https:\/\/mod.wisdar.net\/tr\/wp-json\/wp\/v2\/product"}],"about":[{"href":"https:\/\/mod.wisdar.net\/tr\/wp-json\/wp\/v2\/types\/product"}],"replies":[{"embeddable":true,"href":"https:\/\/mod.wisdar.net\/tr\/wp-json\/wp\/v2\/comments?post=119374"}],"wp:featuredmedia":[{"embeddable":true,"href":"https:\/\/mod.wisdar.net\/tr\/wp-json\/wp\/v2\/media\/119371"}],"wp:attachment":[{"href":"https:\/\/mod.wisdar.net\/tr\/wp-json\/wp\/v2\/media?parent=119374"}],"wp:term":[{"taxonomy":"product_brand","embeddable":true,"href":"https:\/\/mod.wisdar.net\/tr\/wp-json\/wp\/v2\/product_brand?post=119374"},{"taxonomy":"product_cat","embeddable":true,"href":"https:\/\/mod.wisdar.net\/tr\/wp-json\/wp\/v2\/product_cat?post=119374"},{"taxonomy":"product_tag","embeddable":true,"href":"https:\/\/mod.wisdar.net\/tr\/wp-json\/wp\/v2\/product_tag?post=119374"}],"curies":[{"name":"wp","href":"https:\/\/api.w.org\/{rel}","templated":true}]}}