{"id":119423,"date":"2026-02-17T21:06:44","date_gmt":"2026-02-17T21:06:44","guid":{"rendered":"https:\/\/modesthanim.com\/product\/siyah-kadin-hamile-kemer-genisetici\/"},"modified":"2026-02-19T23:03:58","modified_gmt":"2026-02-19T23:03:58","slug":"siyah-kadin-hamile-kemer-genisetici","status":"publish","type":"product","link":"https:\/\/mod.wisdar.net\/tr\/urun\/siyah-kadin-hamile-kemer-genisetici\/","title":{"rendered":"Siyah Kad\u0131n Hamile Kemer Geni\u015fetici"},"content":{"rendered":"<p>\u00b7Ana Kuma\u015f: %100 Pamuk tan \u00fcretilmi\u015ftir.<br \/>\n\u00b7\u00dcr\u00fcn\u00fcm\u00fcz lastik ve d\u00fc\u011fmeli kuma\u015f\u0131 elastik olup istedi\u011finiz gibi ayarlayabilir bu sayede hamilelik d\u00f6neminiz boyunca pantolonlar\u0131n\u0131z i\u00e7in rahatl\u0131kla kullanabilirsiniz.<br \/>\n\u00b7Hamilelik pantolonunuzda bebe\u011finiz i\u00e7in yer a\u00e7\u0131n.<br \/>\n\u00b7Kullan\u0131m\u0131 kolayd\u0131r ve pantolonlar\u0131n\u0131za takmak sadece birka\u00e7 saniye s\u00fcrer.<br \/>\n\u00b7Normal pantolonunuzu hamilelik pantolonuna d\u00f6n\u00fc\u015ft\u00fcr\u00fcr.<br \/>\n\u00b7Hamilelik s\u0131ras\u0131nda en sevdi\u011finiz pantolonlar\u0131n\u0131z\u0131 giymeye devam edebilirsiniz.<br \/>\n\u00b7Kuma\u015f\u0131 elastik olup ve ayarlanabilir olmas\u0131yla kullan\u0131m\u0131 olduk\u00e7a kolayd\u0131r.<\/p>\n","protected":false},"excerpt":{"rendered":"<p>\u00b7Ana Kuma\u015f: %100 Pamuk tan \u00fcretilmi\u015ftir. \u00b7\u00dcr\u00fcn\u00fcm\u00fcz lastik ve d\u00fc\u011fmeli kuma\u015f\u0131 elastik olup istedi\u011finiz gibi ayarlayabilir bu sayede hamilelik d\u00f6neminiz boyunca pantolonlar\u0131n\u0131z i\u00e7in rahatl\u0131kla kullanabilirsiniz. \u00b7Hamilelik pantolonunuzda bebe\u011finiz i\u00e7in yer a\u00e7\u0131n. \u00b7Kullan\u0131m\u0131 kolayd\u0131r ve pantolonlar\u0131n\u0131za takmak sadece birka\u00e7 saniye s\u00fcrer. \u00b7Normal pantolonunuzu hamilelik pantolonuna d\u00f6n\u00fc\u015ft\u00fcr\u00fcr. \u00b7Hamilelik s\u0131ras\u0131nda en sevdi\u011finiz pantolonlar\u0131n\u0131z\u0131 giymeye devam edebilirsiniz. \u00b7Kuma\u015f\u0131 elastik [&hellip;]<\/p>\n","protected":false},"featured_media":119418,"comment_status":"open","ping_status":"closed","template":"","meta":[],"product_brand":[],"product_cat":[8769,8763],"product_tag":[8088],"class_list":{"0":"post-119423","1":"product","2":"type-product","3":"status-publish","4":"has-post-thumbnail","6":"product_cat-hamile-pantolonlari-ve-taytlari","7":"product_cat-hamilelik-urunleri","8":"product_tag-lastikli-bel-2","9":"pa_color-gri","10":"pa_size-standart","12":"first","13":"outofstock","14":"shipping-taxable","15":"product-type-variable"},"_links":{"self":[{"href":"https:\/\/mod.wisdar.net\/tr\/wp-json\/wp\/v2\/product\/119423","targetHints":{"allow":["GET"]}}],"collection":[{"href":"https:\/\/mod.wisdar.net\/tr\/wp-json\/wp\/v2\/product"}],"about":[{"href":"https:\/\/mod.wisdar.net\/tr\/wp-json\/wp\/v2\/types\/product"}],"replies":[{"embeddable":true,"href":"https:\/\/mod.wisdar.net\/tr\/wp-json\/wp\/v2\/comments?post=119423"}],"wp:featuredmedia":[{"embeddable":true,"href":"https:\/\/mod.wisdar.net\/tr\/wp-json\/wp\/v2\/media\/119418"}],"wp:attachment":[{"href":"https:\/\/mod.wisdar.net\/tr\/wp-json\/wp\/v2\/media?parent=119423"}],"wp:term":[{"taxonomy":"product_brand","embeddable":true,"href":"https:\/\/mod.wisdar.net\/tr\/wp-json\/wp\/v2\/product_brand?post=119423"},{"taxonomy":"product_cat","embeddable":true,"href":"https:\/\/mod.wisdar.net\/tr\/wp-json\/wp\/v2\/product_cat?post=119423"},{"taxonomy":"product_tag","embeddable":true,"href":"https:\/\/mod.wisdar.net\/tr\/wp-json\/wp\/v2\/product_tag?post=119423"}],"curies":[{"name":"wp","href":"https:\/\/api.w.org\/{rel}","templated":true}]}}