{"id":119488,"date":"2026-02-17T21:07:34","date_gmt":"2026-02-17T21:07:34","guid":{"rendered":"https:\/\/modesthanim.com\/product\/gri-kadin-dugmeli-dantelli-cepli-hamile-geceligi-2\/"},"modified":"2026-04-02T21:11:17","modified_gmt":"2026-04-02T21:11:17","slug":"gri-kadin-dugmeli-dantelli-cepli-hamile-geceligi-2","status":"publish","type":"product","link":"https:\/\/mod.wisdar.net\/tr\/urun\/gri-kadin-dugmeli-dantelli-cepli-hamile-geceligi-2\/","title":{"rendered":"GR\u0130 Kad\u0131n D\u00fc\u011fmeli Dantelli Cepli Hamile Geceli\u011fi"},"content":{"rendered":"<p>\u00b7Ana kuma\u015f: %95 Viskon %5 Elastan dan \u00fcretilmi\u015ftir.<br \/>\n\u00b7Spor ve \u015f\u0131k tasar\u0131ml\u0131 \u00fcr\u00fcn\u00fcm\u00fcz\u00fcn g\u00f6\u011f\u00fcs b\u00f6lgesinde bulunan \u00fcst par\u00e7as\u0131 yukar\u0131 kald\u0131r\u0131labilir olan emzirmeye yard\u0131mc\u0131 b\u00f6lme ile g\u00fcnl\u00fck hayat\u0131n\u0131zda kolayl\u0131kla emzirilebilirsiniz.<br \/>\n\u00b7Yumu\u015fak kuma\u015f dokusu ile rahat bir kal\u0131ba sahiptir.<br \/>\n\u00b7Beden se\u00e7iminiz i\u00e7in; boyunuz a\u011f\u0131rl\u0131\u011f\u0131n\u0131z ve ka\u00e7\u0131nc\u0131 ayda oldu\u011funuza ba\u011fl\u0131 olarak de\u011fi\u015fkenlik g\u00f6sterece\u011finden tam bedeninizi alman\u0131z tavsiye edilir fakat ara bedenseniz bir b\u00fcy\u00fck beden alman\u0131z tavsiye edilir.<\/p>\n","protected":false},"excerpt":{"rendered":"<p>\u00b7Ana kuma\u015f: %95 Viskon %5 Elastan dan \u00fcretilmi\u015ftir. \u00b7Spor ve \u015f\u0131k tasar\u0131ml\u0131 \u00fcr\u00fcn\u00fcm\u00fcz\u00fcn g\u00f6\u011f\u00fcs b\u00f6lgesinde bulunan \u00fcst par\u00e7as\u0131 yukar\u0131 kald\u0131r\u0131labilir olan emzirmeye yard\u0131mc\u0131 b\u00f6lme ile g\u00fcnl\u00fck hayat\u0131n\u0131zda kolayl\u0131kla emzirilebilirsiniz. \u00b7Yumu\u015fak kuma\u015f dokusu ile rahat bir kal\u0131ba sahiptir. \u00b7Beden se\u00e7iminiz i\u00e7in; boyunuz a\u011f\u0131rl\u0131\u011f\u0131n\u0131z ve ka\u00e7\u0131nc\u0131 ayda oldu\u011funuza ba\u011fl\u0131 olarak de\u011fi\u015fkenlik g\u00f6sterece\u011finden tam bedeninizi alman\u0131z tavsiye edilir [&hellip;]<\/p>\n","protected":false},"featured_media":119483,"comment_status":"open","ping_status":"closed","template":"","meta":[],"product_brand":[],"product_cat":[8763,8772],"product_tag":[7625,6751],"class_list":{"0":"post-119488","1":"product","2":"type-product","3":"status-publish","4":"has-post-thumbnail","6":"product_cat-hamilelik-urunleri","7":"product_cat-pijama-takimlari","8":"product_tag-kadin-giyim-2","9":"product_tag-rahat","10":"pa_brand-luvmabelly","11":"pa_color-ekru","12":"pa_color-gri","13":"pa_color-pembe","14":"pa_color-siyah","15":"pa_size-2xl","16":"pa_size-l","17":"pa_size-m","18":"pa_size-s","19":"pa_size-xl","21":"first","22":"outofstock","23":"shipping-taxable","24":"product-type-variable"},"_links":{"self":[{"href":"https:\/\/mod.wisdar.net\/tr\/wp-json\/wp\/v2\/product\/119488","targetHints":{"allow":["GET"]}}],"collection":[{"href":"https:\/\/mod.wisdar.net\/tr\/wp-json\/wp\/v2\/product"}],"about":[{"href":"https:\/\/mod.wisdar.net\/tr\/wp-json\/wp\/v2\/types\/product"}],"replies":[{"embeddable":true,"href":"https:\/\/mod.wisdar.net\/tr\/wp-json\/wp\/v2\/comments?post=119488"}],"wp:featuredmedia":[{"embeddable":true,"href":"https:\/\/mod.wisdar.net\/tr\/wp-json\/wp\/v2\/media\/119483"}],"wp:attachment":[{"href":"https:\/\/mod.wisdar.net\/tr\/wp-json\/wp\/v2\/media?parent=119488"}],"wp:term":[{"taxonomy":"product_brand","embeddable":true,"href":"https:\/\/mod.wisdar.net\/tr\/wp-json\/wp\/v2\/product_brand?post=119488"},{"taxonomy":"product_cat","embeddable":true,"href":"https:\/\/mod.wisdar.net\/tr\/wp-json\/wp\/v2\/product_cat?post=119488"},{"taxonomy":"product_tag","embeddable":true,"href":"https:\/\/mod.wisdar.net\/tr\/wp-json\/wp\/v2\/product_tag?post=119488"}],"curies":[{"name":"wp","href":"https:\/\/api.w.org\/{rel}","templated":true}]}}