{"id":119522,"date":"2026-02-17T21:08:22","date_gmt":"2026-02-17T21:08:22","guid":{"rendered":"https:\/\/modesthanim.com\/product\/siyah-kisa-kollu-kadin-hamile-elbise\/"},"modified":"2026-04-02T20:10:19","modified_gmt":"2026-04-02T20:10:19","slug":"siyah-kisa-kollu-kadin-hamile-elbise","status":"publish","type":"product","link":"https:\/\/mod.wisdar.net\/tr\/urun\/siyah-kisa-kollu-kadin-hamile-elbise\/","title":{"rendered":"Siyah K\u0131sa Kollu Kad\u0131n Hamile Elbise"},"content":{"rendered":"<p>\u00b7Ana kuma\u015f: %100 Viskon dan \u00fcretilmi\u015ftir.<\/p>\n<p>\u00b7Spor ve \u015f\u0131k olan \u00fcr\u00fcn\u00fcm\u00fcz\u00fcn g\u00f6bek b\u00f6lgesi yanlar\u0131nda bulunan b\u00fczg\u00fcleri sayesinde hamilelik d\u00f6neminiz boyunca ve sonras\u0131nda g\u00fcnl\u00fck hayat\u0131n\u0131z i\u00e7inde rahatl\u0131kla kullanabilirsiniz.<\/p>\n<p>\u00b7Yumu\u015fak kuma\u015f dokusu ile rahat bir kal\u0131ba sahiptir.<\/p>\n<p>\u00b7Beden se\u00e7iminiz i\u00e7in; boyunuz a\u011f\u0131rl\u0131\u011f\u0131n\u0131z ve ka\u00e7\u0131nc\u0131 ayda oldu\u011funuza ba\u011fl\u0131 olarak de\u011fi\u015fkenlik g\u00f6sterece\u011finden tam bedeninizi alman\u0131z tavsiye edilir fakat ara bedenseniz bir b\u00fcy\u00fck beden alman\u0131z tavsiye edilir.<\/p>\n","protected":false},"excerpt":{"rendered":"<p>\u00b7Ana kuma\u015f: %100 Viskon dan \u00fcretilmi\u015ftir. \u00b7Spor ve \u015f\u0131k olan \u00fcr\u00fcn\u00fcm\u00fcz\u00fcn g\u00f6bek b\u00f6lgesi yanlar\u0131nda bulunan b\u00fczg\u00fcleri sayesinde hamilelik d\u00f6neminiz boyunca ve sonras\u0131nda g\u00fcnl\u00fck hayat\u0131n\u0131z i\u00e7inde rahatl\u0131kla kullanabilirsiniz. \u00b7Yumu\u015fak kuma\u015f dokusu ile rahat bir kal\u0131ba sahiptir. \u00b7Beden se\u00e7iminiz i\u00e7in; boyunuz a\u011f\u0131rl\u0131\u011f\u0131n\u0131z ve ka\u00e7\u0131nc\u0131 ayda oldu\u011funuza ba\u011fl\u0131 olarak de\u011fi\u015fkenlik g\u00f6sterece\u011finden tam bedeninizi alman\u0131z tavsiye edilir fakat ara [&hellip;]<\/p>\n","protected":false},"featured_media":119517,"comment_status":"open","ping_status":"closed","template":"","meta":[],"product_brand":[],"product_cat":[8766,8763],"product_tag":[7547,6751,6937,8107],"class_list":{"0":"post-119522","1":"product","2":"type-product","3":"status-publish","4":"has-post-thumbnail","6":"product_cat-hamile-elbiseleri","7":"product_cat-hamilelik-urunleri","8":"product_tag-kadin-giyim","9":"product_tag-rahat","10":"product_tag-siyah-elbise","11":"product_tag-sik","12":"pa_brand-luvmabelly","13":"pa_color-gri","14":"pa_size-l","15":"pa_size-m","16":"pa_size-s","17":"pa_size-xl","19":"first","20":"outofstock","21":"shipping-taxable","22":"product-type-variable"},"_links":{"self":[{"href":"https:\/\/mod.wisdar.net\/tr\/wp-json\/wp\/v2\/product\/119522","targetHints":{"allow":["GET"]}}],"collection":[{"href":"https:\/\/mod.wisdar.net\/tr\/wp-json\/wp\/v2\/product"}],"about":[{"href":"https:\/\/mod.wisdar.net\/tr\/wp-json\/wp\/v2\/types\/product"}],"replies":[{"embeddable":true,"href":"https:\/\/mod.wisdar.net\/tr\/wp-json\/wp\/v2\/comments?post=119522"}],"wp:featuredmedia":[{"embeddable":true,"href":"https:\/\/mod.wisdar.net\/tr\/wp-json\/wp\/v2\/media\/119517"}],"wp:attachment":[{"href":"https:\/\/mod.wisdar.net\/tr\/wp-json\/wp\/v2\/media?parent=119522"}],"wp:term":[{"taxonomy":"product_brand","embeddable":true,"href":"https:\/\/mod.wisdar.net\/tr\/wp-json\/wp\/v2\/product_brand?post=119522"},{"taxonomy":"product_cat","embeddable":true,"href":"https:\/\/mod.wisdar.net\/tr\/wp-json\/wp\/v2\/product_cat?post=119522"},{"taxonomy":"product_tag","embeddable":true,"href":"https:\/\/mod.wisdar.net\/tr\/wp-json\/wp\/v2\/product_tag?post=119522"}],"curies":[{"name":"wp","href":"https:\/\/api.w.org\/{rel}","templated":true}]}}