{"id":119651,"date":"2026-02-17T21:11:33","date_gmt":"2026-02-17T21:11:33","guid":{"rendered":"https:\/\/modesthanim.com\/product\/bebetto-erkek-bebek-sweatshirt-hirka-patiksiz-alt-hayvan-baskili-fermuarli-happy-penguin-bisiklet-yaka-uzun-paca-uzun-kol\/"},"modified":"2026-04-11T07:31:28","modified_gmt":"2026-04-11T07:31:28","slug":"bebetto-erkek-bebek-sweatshirt-hirka-patiksiz-alt-hayvan-baskili-fermuarli-happy-penguin-bisiklet-yaka-uzun-paca-uzun-kol","status":"publish","type":"product","link":"https:\/\/mod.wisdar.net\/tr\/urun\/bebetto-erkek-bebek-sweatshirt-hirka-patiksiz-alt-hayvan-baskili-fermuarli-happy-penguin-bisiklet-yaka-uzun-paca-uzun-kol\/","title":{"rendered":"Bebetto Erkek Bebek Sweatshirt-H\u0131rka-Patiksiz Alt Hayvan Bask\u0131l\u0131 Fermuarl\u0131 Happy Penguin Bisiklet Yaka Uzun Pa\u00e7a Uzun Kol"},"content":{"rendered":"<p>Bebetto Erkek Bebek Yenido\u011fan Sweatshirt-H\u0131rka-Patik Fermuarl\u0131 Kadife Bisiklet Yaka Uzun Kol Patiksiz Pa\u00e7a<\/p>\n<p>\u00dcr\u00fcn, bisiklet yaka, uzun kollu ve patiksiz modelde olup, g\u00fcnl\u00fck kullan\u0131m i\u00e7in uygundur. Yumu\u015fak kuma\u015f dokusu ve rahat kal\u0131b\u0131 sayesinde konfor sunar. \u00dcr\u00fcn v\u00fccut k\u0131sm\u0131nda %100 pamuk, h\u0131rkada %56 pamuk ve %44 polyester, pantolonda ise %35 pamuk ve %65 polyester i\u00e7erir. Fermuarl\u0131 kapanma \u00f6zelli\u011fi ile Yenido\u011fandan 1 ya\u015fa kadar beden se\u00e7enekleri mevcuttur.<\/p>\n<p>Sitemizdeki t\u00fcm bebek sweatshirt h\u0131rka patik \u00fcr\u00fcnlerinde buradan ula\u015fabilirsiniz.<\/p>\n<p>Bebetto Erkek Bebek Yenido\u011fan Sweatshirt-H\u0131rka-Patik Fermuarl\u0131 Kadife Bisiklet Yaka Uzun Kol Patiksiz Pa\u00e7a \u00d6zellikler:<\/p>\n<p>\u2013 \u00dcr\u00fcn Grubu: Bebek Sweatshirt<br \/>\n\u2013 Yaka Tipi: Bisiklet Yaka<br \/>\n\u2013 Kol Tipi: Uzun Kol<br \/>\n\u2013 Pa\u00e7a Tipi: Patiksiz<br \/>\n\u2013 Kullan\u0131m Tipi: G\u00fcnl\u00fck Kullan\u0131m<br \/>\n\u2013 Kal\u0131p: Normal Kal\u0131p<br \/>\n\u2013 Kuma\u015f: Body: %100 PamukH\u0131rka: %56 Pamuk %44 PolyesterPantolon: %35 Pamuk %65 Polyester<br \/>\n\u2013 Yumu\u015fak kuma\u015f dokusu ve rahat kal\u0131ba sahiptir.<br \/>\n\u2013 30 derecede y\u0131kanabilir.<\/p>\n<p>G\u00dcVENLE G\u0130YD\u0130R\u0130N! ebebek tekstil \u00fcr\u00fcnleri bebe\u011finizin g\u00fcvenli\u011fi i\u00e7in kimyasal i\u00e7eriklere kar\u015f\u0131 test edilmi\u015ftir. Bebe\u011finiz i\u00e7in risk olu\u015fturabilecek yutulabilir k\u00fc\u00e7\u00fck par\u00e7alar ve keskin kenarl\u0131 materyaller kullan\u0131lmamaktad\u0131r. Kullan\u0131m s\u0131ras\u0131nda tehlikeli olabilecek uzunlukta ba\u011fc\u0131k ve kordonlar kullan\u0131lmamaktad\u0131r.<\/p>\n<p>\u2014 Technical Details \u2014<br \/>\nTema: Happy Penguin<br \/>\n\u00dcr\u00fcn Grubu: TKM-Sweatshirt-H\u0131rka-Patiksiz Alt<br \/>\nCinsiyet: E<br \/>\nTak\u0131m \/ Tekil: Tak\u0131m<br \/>\nTak\u0131m \u0130\u00e7eri\u011fi: H\u0131rka, Sweatshirt, Patiksiz Alt<br \/>\nFit: Standart<br \/>\nMalzeme T\u00fcr\u00fc: \u00d6rme<br \/>\nBa\u011flama Tipi: Fermuarl\u0131<br \/>\nYaka Tipi: Bisiklet Yaka<br \/>\nGrafik Temas\u0131: Hayvan Bask\u0131l\u0131<br \/>\nMen\u015fei: T\u00fcrkiye<br \/>\nGrafik Detay: Nak\u0131\u015f<\/p>\n","protected":false},"excerpt":{"rendered":"<p>Bebetto Erkek Bebek Yenido\u011fan Sweatshirt-H\u0131rka-Patik Fermuarl\u0131 Kadife Bisiklet Yaka Uzun Kol Patiksiz Pa\u00e7a \u00dcr\u00fcn, bisiklet yaka, uzun kollu ve patiksiz modelde olup, g\u00fcnl\u00fck kullan\u0131m i\u00e7in uygundur. Yumu\u015fak kuma\u015f dokusu ve rahat kal\u0131b\u0131 sayesinde konfor sunar. \u00dcr\u00fcn v\u00fccut k\u0131sm\u0131nda %100 pamuk, h\u0131rkada %56 pamuk ve %44 polyester, pantolonda ise %35 pamuk ve %65 polyester i\u00e7erir. Fermuarl\u0131 [&hellip;]<\/p>\n","protected":false},"featured_media":119644,"comment_status":"open","ping_status":"closed","template":"","meta":[],"product_brand":[],"product_cat":[8703,8694,8697],"product_tag":[8110,7418,7354,7766,6876,7422],"class_list":{"0":"post-119651","1":"product","2":"type-product","3":"status-publish","4":"has-post-thumbnail","6":"product_cat-bebek-setleri","7":"product_cat-cocuklar","8":"product_cat-yenidogan-0-12-ay","9":"product_tag-bisiklet-yaka-2","10":"product_tag-fermuar","11":"product_tag-gunluk-giyim-2","12":"product_tag-kapusonlu-sweatshirt-2","13":"product_tag-rahat-kesim","14":"product_tag-sweatshirt","15":"pa_brand-bebetto","16":"pa_color-ekru","17":"pa_color-gri","18":"pa_color-yesil","19":"pa_size-1-yas","20":"pa_size-1-3-ay","21":"pa_size-3-ay","22":"pa_size-3-6-ay","23":"pa_size-6-ay","24":"pa_size-6-9-ay","25":"pa_size-9-12-ay-2","26":"pa_size-9-ay","27":"pa_size-yenidogan","29":"first","30":"outofstock","31":"shipping-taxable","32":"product-type-variable"},"_links":{"self":[{"href":"https:\/\/mod.wisdar.net\/tr\/wp-json\/wp\/v2\/product\/119651","targetHints":{"allow":["GET"]}}],"collection":[{"href":"https:\/\/mod.wisdar.net\/tr\/wp-json\/wp\/v2\/product"}],"about":[{"href":"https:\/\/mod.wisdar.net\/tr\/wp-json\/wp\/v2\/types\/product"}],"replies":[{"embeddable":true,"href":"https:\/\/mod.wisdar.net\/tr\/wp-json\/wp\/v2\/comments?post=119651"}],"wp:featuredmedia":[{"embeddable":true,"href":"https:\/\/mod.wisdar.net\/tr\/wp-json\/wp\/v2\/media\/119644"}],"wp:attachment":[{"href":"https:\/\/mod.wisdar.net\/tr\/wp-json\/wp\/v2\/media?parent=119651"}],"wp:term":[{"taxonomy":"product_brand","embeddable":true,"href":"https:\/\/mod.wisdar.net\/tr\/wp-json\/wp\/v2\/product_brand?post=119651"},{"taxonomy":"product_cat","embeddable":true,"href":"https:\/\/mod.wisdar.net\/tr\/wp-json\/wp\/v2\/product_cat?post=119651"},{"taxonomy":"product_tag","embeddable":true,"href":"https:\/\/mod.wisdar.net\/tr\/wp-json\/wp\/v2\/product_tag?post=119651"}],"curies":[{"name":"wp","href":"https:\/\/api.w.org\/{rel}","templated":true}]}}