{"id":11969,"date":"2025-11-07T20:16:06","date_gmt":"2025-11-01T21:20:18","guid":{"rendered":"https:\/\/modesthanim.com\/product\/sal-desenli-bol-paca-pantolon-bej\/"},"modified":"2026-03-06T11:51:15","modified_gmt":"2026-03-06T11:51:15","slug":"sal-desenli-bol-paca-pantolon-bej","status":"publish","type":"product","link":"https:\/\/mod.wisdar.net\/tr\/urun\/sal-desenli-bol-paca-pantolon-bej\/","title":{"rendered":"\u015eal Desenli Bol Pa\u00e7a Pantolon \u2013 Bej"},"content":{"rendered":"<p>Etno-modern \u015fal deseniyle hareket kazanan bu bol pa\u00e7a pantolon, \u00f6zg\u00fcn ve rahat bir stil sunar. Hafif yap\u0131s\u0131yla g\u00fcn boyu konforu ve \u015f\u0131kl\u0131\u011f\u0131 bir arada ya\u015fat\u0131r.<\/p>\n<p>Kuma\u015f \u0130\u00e7eri\u011fi: %100 Viskon<br \/>\nDesen: \u015eal Desen<br \/>\nBel Tipi: Normal Bel<br \/>\nPa\u00e7a Tipi: Bol<br \/>\nCep: Yan Cep<br \/>\nAstar: Astarl\u0131<br \/>\n\u00dcr\u00fcn Boyu: 110 cm<br \/>\nKal\u0131p Tipi: Normal Kal\u0131p<br \/>\nMankenin Giydi\u011fi Beden: 38<br \/>\nManken \u00d6l\u00e7\u00fcleri:Boy: 176 cm G\u00f6\u011f\u00fcs: 80 cm Bel: 61 cm Basen: 90 cm<\/p>\n<p>\u2014 Technical Details \u2014<br \/>\nDesen: \u015eal Desen<br \/>\nBel Tipi: Normal Bel<br \/>\nPa\u00e7a Tipi: Bol<br \/>\nCep: Yan Cep<br \/>\nAstar: Astarl\u0131<br \/>\n\u00dcr\u00fcn Boyu: 110 cm<br \/>\nKal\u0131p Tipi: Normal Kal\u0131p<br \/>\nMankenin Giydi\u011fi Beden: 38<br \/>\nManken \u00d6l\u00e7\u00fcleri: Boy: 176 cm, G\u00f6\u011f\u00fcs: 80 cm, Bel: 61 cm, Basen: 90 cm<\/p>\n","protected":false},"excerpt":{"rendered":"<p>Etno-modern \u015fal deseniyle hareket kazanan bu bol pa\u00e7a pantolon, \u00f6zg\u00fcn ve rahat bir stil sunar. Hafif yap\u0131s\u0131yla g\u00fcn boyu konforu ve \u015f\u0131kl\u0131\u011f\u0131 bir arada ya\u015fat\u0131r. Kuma\u015f \u0130\u00e7eri\u011fi: %100 Viskon Desen: \u015eal Desen Bel Tipi: Normal Bel Pa\u00e7a Tipi: Bol Cep: Yan Cep Astar: Astarl\u0131 \u00dcr\u00fcn Boyu: 110 cm Kal\u0131p Tipi: Normal Kal\u0131p Mankenin Giydi\u011fi Beden: [&hellip;]<\/p>\n","protected":false},"featured_media":0,"comment_status":"open","ping_status":"closed","template":"","meta":[],"product_brand":[],"product_cat":[1882],"product_tag":[5012,7419],"class_list":{"0":"post-11969","1":"product","2":"type-product","3":"status-publish","5":"product_cat-alt-giyim","6":"product_tag-elegant","7":"product_tag-gunluk","8":"pa_color-bej","9":"pa_size-4706","10":"pa_size-4711","11":"pa_size-4713","12":"pa_size-4751","14":"first","15":"instock","16":"sale","17":"shipping-taxable","18":"purchasable","19":"product-type-variable"},"_links":{"self":[{"href":"https:\/\/mod.wisdar.net\/tr\/wp-json\/wp\/v2\/product\/11969","targetHints":{"allow":["GET"]}}],"collection":[{"href":"https:\/\/mod.wisdar.net\/tr\/wp-json\/wp\/v2\/product"}],"about":[{"href":"https:\/\/mod.wisdar.net\/tr\/wp-json\/wp\/v2\/types\/product"}],"replies":[{"embeddable":true,"href":"https:\/\/mod.wisdar.net\/tr\/wp-json\/wp\/v2\/comments?post=11969"}],"wp:attachment":[{"href":"https:\/\/mod.wisdar.net\/tr\/wp-json\/wp\/v2\/media?parent=11969"}],"wp:term":[{"taxonomy":"product_brand","embeddable":true,"href":"https:\/\/mod.wisdar.net\/tr\/wp-json\/wp\/v2\/product_brand?post=11969"},{"taxonomy":"product_cat","embeddable":true,"href":"https:\/\/mod.wisdar.net\/tr\/wp-json\/wp\/v2\/product_cat?post=11969"},{"taxonomy":"product_tag","embeddable":true,"href":"https:\/\/mod.wisdar.net\/tr\/wp-json\/wp\/v2\/product_tag?post=11969"}],"curies":[{"name":"wp","href":"https:\/\/api.w.org\/{rel}","templated":true}]}}