{"id":119691,"date":"2026-02-17T21:12:40","date_gmt":"2026-02-17T21:12:40","guid":{"rendered":"https:\/\/modesthanim.com\/product\/bebetto-kiz-sweatshirt-hirka-patiksiz-alt-cicek-baskili-fermuarli-petite-fleurs-bisiklet-yaka-uzun-paca-uzun-kol\/"},"modified":"2026-03-03T10:53:28","modified_gmt":"2026-03-03T10:53:28","slug":"bebetto-kiz-sweatshirt-hirka-patiksiz-alt-cicek-baskili-fermuarli-petite-fleurs-bisiklet-yaka-uzun-paca-uzun-kol","status":"publish","type":"product","link":"https:\/\/mod.wisdar.net\/tr\/urun\/bebetto-kiz-sweatshirt-hirka-patiksiz-alt-cicek-baskili-fermuarli-petite-fleurs-bisiklet-yaka-uzun-paca-uzun-kol\/","title":{"rendered":"Bebetto, K\u0131z, Sweatshirt-H\u0131rka-Patiksiz Alt, \u00c7i\u00e7ek Bask\u0131l\u0131, Fermuarl\u0131, Petite Fleurs, Bisiklet Yaka, Uzun Pa\u00e7a, Uzun Kol"},"content":{"rendered":"<p>Bebetto Petite Fleurs koleksiyonuna ait bu k\u0131z bebek tak\u0131m\u0131; fermuarl\u0131 sweatshirt-h\u0131rka ve patiksiz alt par\u00e7adan olu\u015fan pratik bir tasar\u0131m sunar. \u00c7i\u00e7ek bask\u0131lar\u0131 ve bisiklet yaka detay\u0131yla g\u00fcnl\u00fck kullan\u0131ma uygun olan set, uzun kollu yap\u0131s\u0131yla serin havalarda konforlu bir kullan\u0131m sa\u011flar.<\/p>\n<p>\u2014 Technical Details \u2014<br \/>\npattern: Yenido\u011fan Tak\u0131m<br \/>\nyaka_tipi: Bisiklet Yaka<br \/>\nkol_tipi: Uzun Kol<br \/>\npaca_tipi: Patiksiz<br \/>\nkullanim_tipi: G\u00fcnl\u00fck Kullan\u0131m<br \/>\nkalip: Normal Kal\u0131p<br \/>\ntema: Petite Fleurs<br \/>\nurun_grubu: TKM-Sweatshirt-H\u0131rka-Patiksiz Alt<br \/>\ncinsiyet: K<br \/>\ntakim_tekil: Tak\u0131m<br \/>\ntakim_icerigi: H\u0131rka, Sweatshirt, Patiksiz Alt<br \/>\nfit: Standart<br \/>\nmalzeme_turu: \u00d6rme<br \/>\nbaglama_tipi: Fermuarl\u0131<br \/>\ngrafik_temasi: \u00c7i\u00e7ek Bask\u0131l\u0131<br \/>\nmen\u015fei: T\u00fcrkiye<br \/>\ngrafik_detay: Nak\u0131\u015f<\/p>\n","protected":false},"excerpt":{"rendered":"<p>Bebetto Petite Fleurs koleksiyonuna ait bu k\u0131z bebek tak\u0131m\u0131; fermuarl\u0131 sweatshirt-h\u0131rka ve patiksiz alt par\u00e7adan olu\u015fan pratik bir tasar\u0131m sunar. \u00c7i\u00e7ek bask\u0131lar\u0131 ve bisiklet yaka detay\u0131yla g\u00fcnl\u00fck kullan\u0131ma uygun olan set, uzun kollu yap\u0131s\u0131yla serin havalarda konforlu bir kullan\u0131m sa\u011flar. \u2014 Technical Details \u2014 pattern: Yenido\u011fan Tak\u0131m yaka_tipi: Bisiklet Yaka kol_tipi: Uzun Kol paca_tipi: Patiksiz [&hellip;]<\/p>\n","protected":false},"featured_media":119684,"comment_status":"open","ping_status":"closed","template":"","meta":[],"product_brand":[],"product_cat":[8703,8694,8697],"product_tag":[10027,7779,7354],"class_list":{"0":"post-119691","1":"product","2":"type-product","3":"status-publish","4":"has-post-thumbnail","6":"product_cat-bebek-setleri","7":"product_cat-cocuklar","8":"product_cat-yenidogan-0-12-ay","9":"product_tag-baby-girl-set","10":"product_tag-fermuarli-kapusonlu","11":"product_tag-gunluk-giyim-2","12":"pa_color-gul-kurusu","13":"pa_size-1-3-ay","14":"pa_size-3-6-ay","15":"pa_size-6-9-ay","16":"pa_size-9-12-ay-2","18":"first","19":"instock","20":"sale","21":"shipping-taxable","22":"purchasable","23":"product-type-variable"},"_links":{"self":[{"href":"https:\/\/mod.wisdar.net\/tr\/wp-json\/wp\/v2\/product\/119691","targetHints":{"allow":["GET"]}}],"collection":[{"href":"https:\/\/mod.wisdar.net\/tr\/wp-json\/wp\/v2\/product"}],"about":[{"href":"https:\/\/mod.wisdar.net\/tr\/wp-json\/wp\/v2\/types\/product"}],"replies":[{"embeddable":true,"href":"https:\/\/mod.wisdar.net\/tr\/wp-json\/wp\/v2\/comments?post=119691"}],"wp:featuredmedia":[{"embeddable":true,"href":"https:\/\/mod.wisdar.net\/tr\/wp-json\/wp\/v2\/media\/119684"}],"wp:attachment":[{"href":"https:\/\/mod.wisdar.net\/tr\/wp-json\/wp\/v2\/media?parent=119691"}],"wp:term":[{"taxonomy":"product_brand","embeddable":true,"href":"https:\/\/mod.wisdar.net\/tr\/wp-json\/wp\/v2\/product_brand?post=119691"},{"taxonomy":"product_cat","embeddable":true,"href":"https:\/\/mod.wisdar.net\/tr\/wp-json\/wp\/v2\/product_cat?post=119691"},{"taxonomy":"product_tag","embeddable":true,"href":"https:\/\/mod.wisdar.net\/tr\/wp-json\/wp\/v2\/product_tag?post=119691"}],"curies":[{"name":"wp","href":"https:\/\/api.w.org\/{rel}","templated":true}]}}