{"id":119731,"date":"2026-02-17T21:15:37","date_gmt":"2026-02-17T21:15:37","guid":{"rendered":"https:\/\/modesthanim.com\/product\/bebetto-kiz-tshirt-patiksiz-alt-meyve-baskili-strawberry-bisiklet-yaka-uzun-kisa-kol\/"},"modified":"2026-04-03T22:44:27","modified_gmt":"2026-04-03T22:44:27","slug":"bebetto-kiz-tshirt-patiksiz-alt-meyve-baskili-strawberry-bisiklet-yaka-uzun-kisa-kol","status":"publish","type":"product","link":"https:\/\/mod.wisdar.net\/tr\/urun\/bebetto-kiz-tshirt-patiksiz-alt-meyve-baskili-strawberry-bisiklet-yaka-uzun-kisa-kol\/","title":{"rendered":"Bebetto, K\u0131z, Tshirt-Patiksiz Alt, Meyve Bask\u0131l\u0131, Strawberry, Bisiklet Yaka, Uzun, K\u0131sa Kol"},"content":{"rendered":"<p>Bebetto K\u0131z Bebek Yenido\u011fan Strawberry Ti\u015f\u00f6rt-Patiksiz Alt Tak\u0131m, yenido\u011fandan itibaren 12. aya kadar kullan\u0131ma uygundur. Bisiklet yaka, k\u0131sa kol ve patiksiz pa\u00e7a tasar\u0131m\u0131yla yaz aylar\u0131nda g\u00fcnl\u00fck kullan\u0131m i\u00e7in idealdir. Normal kal\u0131pta \u00fcretilmi\u015f olan bu alt tak\u0131m, %95 pamuk ve %5 elastan i\u00e7eren ka\u015fkorse kuma\u015f\u0131 sayesinde yumu\u015fak dokulu ve esnektir. Bebe\u011finizin hassas cildiyle uyumlu olan bu \u00fcr\u00fcn, rahat kal\u0131b\u0131yla konfor sunar.<\/p>\n<p>\u2014 Technical Details \u2014<br \/>\nTema: Strawberry<br \/>\n\u00dcr\u00fcn Grubu: TKM-Tshirt-Patiksiz Alt<br \/>\nCinsiyet: K<br \/>\nTak\u0131m \/ Tekil: Tak\u0131m<br \/>\nTak\u0131m \u0130\u00e7eri\u011fi: Tshirt, Patiksiz Alt<br \/>\nFit: Standart<br \/>\nMalzeme T\u00fcr\u00fc: \u00d6rme<br \/>\nYaka Tipi: Bisiklet Yaka<br \/>\nGrafik Temas\u0131: Meyve Bask\u0131l\u0131<br \/>\nMen\u015fei: T\u00fcrkiye<br \/>\nGrafik Detay: Bask\u0131<\/p>\n","protected":false},"excerpt":{"rendered":"<p>Bebetto K\u0131z Bebek Yenido\u011fan Strawberry Ti\u015f\u00f6rt-Patiksiz Alt Tak\u0131m, yenido\u011fandan itibaren 12. aya kadar kullan\u0131ma uygundur. Bisiklet yaka, k\u0131sa kol ve patiksiz pa\u00e7a tasar\u0131m\u0131yla yaz aylar\u0131nda g\u00fcnl\u00fck kullan\u0131m i\u00e7in idealdir. Normal kal\u0131pta \u00fcretilmi\u015f olan bu alt tak\u0131m, %95 pamuk ve %5 elastan i\u00e7eren ka\u015fkorse kuma\u015f\u0131 sayesinde yumu\u015fak dokulu ve esnektir. Bebe\u011finizin hassas cildiyle uyumlu olan bu [&hellip;]<\/p>\n","protected":false},"featured_media":119724,"comment_status":"open","ping_status":"closed","template":"","meta":[],"product_brand":[],"product_cat":[8703,8694,8697],"product_tag":[7425,6751],"class_list":{"0":"post-119731","1":"product","2":"type-product","3":"status-publish","4":"has-post-thumbnail","6":"product_cat-bebek-setleri","7":"product_cat-cocuklar","8":"product_cat-yenidogan-0-12-ay","9":"product_tag-pamuk-karisimi","10":"product_tag-rahat","11":"pa_brand-bebetto","12":"pa_color-gul-kurusu","13":"pa_size-1-3-ay","14":"pa_size-3-6-ay","15":"pa_size-6-9-ay","16":"pa_size-9-12-ay-2","17":"pa_size-9-12-ay","19":"first","20":"instock","21":"sale","22":"shipping-taxable","23":"purchasable","24":"product-type-variable"},"_links":{"self":[{"href":"https:\/\/mod.wisdar.net\/tr\/wp-json\/wp\/v2\/product\/119731","targetHints":{"allow":["GET"]}}],"collection":[{"href":"https:\/\/mod.wisdar.net\/tr\/wp-json\/wp\/v2\/product"}],"about":[{"href":"https:\/\/mod.wisdar.net\/tr\/wp-json\/wp\/v2\/types\/product"}],"replies":[{"embeddable":true,"href":"https:\/\/mod.wisdar.net\/tr\/wp-json\/wp\/v2\/comments?post=119731"}],"wp:featuredmedia":[{"embeddable":true,"href":"https:\/\/mod.wisdar.net\/tr\/wp-json\/wp\/v2\/media\/119724"}],"wp:attachment":[{"href":"https:\/\/mod.wisdar.net\/tr\/wp-json\/wp\/v2\/media?parent=119731"}],"wp:term":[{"taxonomy":"product_brand","embeddable":true,"href":"https:\/\/mod.wisdar.net\/tr\/wp-json\/wp\/v2\/product_brand?post=119731"},{"taxonomy":"product_cat","embeddable":true,"href":"https:\/\/mod.wisdar.net\/tr\/wp-json\/wp\/v2\/product_cat?post=119731"},{"taxonomy":"product_tag","embeddable":true,"href":"https:\/\/mod.wisdar.net\/tr\/wp-json\/wp\/v2\/product_tag?post=119731"}],"curies":[{"name":"wp","href":"https:\/\/api.w.org\/{rel}","templated":true}]}}