{"id":119811,"date":"2026-02-17T21:21:55","date_gmt":"2026-02-17T21:21:55","guid":{"rendered":"https:\/\/modesthanim.com\/product\/bebetto-erkek-tshirt-sort-ayi-baskili-dugmeli-hello-bisiklet-yaka-kisa-paca-kisa-kol-2\/"},"modified":"2026-04-15T20:25:46","modified_gmt":"2026-04-15T20:25:46","slug":"bebetto-erkek-tshirt-sort-ayi-baskili-dugmeli-hello-bisiklet-yaka-kisa-paca-kisa-kol-2","status":"publish","type":"product","link":"https:\/\/mod.wisdar.net\/tr\/urun\/bebetto-erkek-tshirt-sort-ayi-baskili-dugmeli-hello-bisiklet-yaka-kisa-paca-kisa-kol-2\/","title":{"rendered":"Bebetto, Erkek, Tshirt-\u015eort, Ay\u0131 Bask\u0131l\u0131, D\u00fc\u011fmeli, Hello, Bisiklet Yaka, K\u0131sa Pa\u00e7a, K\u0131sa Kol"},"content":{"rendered":"<p>Bebetto&#8217;nun \u201cHello\u201d temal\u0131 erkek bebek ti\u015f\u00f6rt-\u015fort tak\u0131m\u0131, bisiklet yaka ve k\u0131sa kollu \u00fcst par\u00e7as\u0131yla yaz aylar\u0131nda ferah bir kullan\u0131m sunarken, d\u00fc\u011fmeli detaylar\u0131 ve reglan pa\u00e7a kesimli alt par\u00e7as\u0131yla \u015f\u0131k bir g\u00f6r\u00fcn\u00fcm kazand\u0131r\u0131r. %100 pamuk kuma\u015ftan \u00fcretilen model, yumu\u015fak dokusu ve nefes alabilen yap\u0131s\u0131yla bebeklerin hassas cildine uyum sa\u011flar. Normal kal\u0131ba sahip bu tak\u0131m, 1. aydan 12. aya kadar beden se\u00e7enekleriyle sunulmaktad\u0131r.<\/p>\n<p>Sitemizdeki t\u00fcm \u00e7o\u00e7uk ti\u015f\u00f6rtlerine buradan ula\u015fabilirsiniz.<\/p>\n<p>Bebetto Erkek Bebek Tshirt-\u015eort D\u00fc\u011fmeli Hello Bisiklet Yaka K\u0131sa Pa\u00e7a K\u0131sa Kol \u00d6zellikler:<\/p>\n<p>\u2013 \u00dcr\u00fcn Grubu: Bebek Tshirt \u015eort Tak\u0131m<br \/>\n\u2013 Yaka Tipi: Bisiklet Yaka<br \/>\n\u2013 Kol Tipi: K\u0131sa Kol<br \/>\n\u2013 Pa\u00e7a Tipi: Re\u00e7me<br \/>\n\u2013 Kullan\u0131m Tipi: G\u00fcnl\u00fck Kullan\u0131m<br \/>\n\u2013 Kal\u0131p: Normal Kal\u0131p<br \/>\n\u2013 Kuma\u015f: %100 Pamuk<br \/>\n\u2013 Yumu\u015fak kuma\u015f dokusu ve rahat kal\u0131ba sahiptir.<\/p>\n<p>\u2014 Technical Details \u2014<br \/>\nTema: Hello<br \/>\n\u00dcr\u00fcn Grubu: TKM-Tshirt-\u015eort<br \/>\nCinsiyet: E<br \/>\nTak\u0131m \/ Tekil: Tak\u0131m<br \/>\nTak\u0131m \u0130\u00e7eri\u011fi: \u015eort, Tshirt<br \/>\nFit: Standart<br \/>\nMalzeme T\u00fcr\u00fc: \u00d6rme<br \/>\nBa\u011flama Tipi: D\u00fc\u011fmeli<br \/>\nYaka Tipi: Bisiklet Yaka<br \/>\nGrafik Temas\u0131: Ay\u0131 Bask\u0131l\u0131<br \/>\nMen\u015fei: T\u00fcrkiye<br \/>\nGrafik Detay: Bask\u0131<\/p>\n","protected":false},"excerpt":{"rendered":"<p>Bebetto&#8217;nun \u201cHello\u201d temal\u0131 erkek bebek ti\u015f\u00f6rt-\u015fort tak\u0131m\u0131, bisiklet yaka ve k\u0131sa kollu \u00fcst par\u00e7as\u0131yla yaz aylar\u0131nda ferah bir kullan\u0131m sunarken, d\u00fc\u011fmeli detaylar\u0131 ve reglan pa\u00e7a kesimli alt par\u00e7as\u0131yla \u015f\u0131k bir g\u00f6r\u00fcn\u00fcm kazand\u0131r\u0131r. %100 pamuk kuma\u015ftan \u00fcretilen model, yumu\u015fak dokusu ve nefes alabilen yap\u0131s\u0131yla bebeklerin hassas cildine uyum sa\u011flar. Normal kal\u0131ba sahip bu tak\u0131m, 1. aydan [&hellip;]<\/p>\n","protected":false},"featured_media":119804,"comment_status":"open","ping_status":"closed","template":"","meta":[],"product_brand":[],"product_cat":[8703,8694,8697],"product_tag":[7801],"class_list":{"0":"post-119811","1":"product","2":"type-product","3":"status-publish","4":"has-post-thumbnail","6":"product_cat-bebek-setleri","7":"product_cat-cocuklar","8":"product_cat-yenidogan-0-12-ay","9":"product_tag-dugmeli","10":"pa_brand-bebetto","11":"pa_color-koyu-turuncu","12":"pa_size-1-3-ay","13":"pa_size-3-6-ay","14":"pa_size-6-9-ay","15":"pa_size-9-12-ay-2","16":"pa_size-9-12-ay","18":"first","19":"instock","20":"sale","21":"shipping-taxable","22":"purchasable","23":"product-type-variable"},"_links":{"self":[{"href":"https:\/\/mod.wisdar.net\/tr\/wp-json\/wp\/v2\/product\/119811","targetHints":{"allow":["GET"]}}],"collection":[{"href":"https:\/\/mod.wisdar.net\/tr\/wp-json\/wp\/v2\/product"}],"about":[{"href":"https:\/\/mod.wisdar.net\/tr\/wp-json\/wp\/v2\/types\/product"}],"replies":[{"embeddable":true,"href":"https:\/\/mod.wisdar.net\/tr\/wp-json\/wp\/v2\/comments?post=119811"}],"wp:featuredmedia":[{"embeddable":true,"href":"https:\/\/mod.wisdar.net\/tr\/wp-json\/wp\/v2\/media\/119804"}],"wp:attachment":[{"href":"https:\/\/mod.wisdar.net\/tr\/wp-json\/wp\/v2\/media?parent=119811"}],"wp:term":[{"taxonomy":"product_brand","embeddable":true,"href":"https:\/\/mod.wisdar.net\/tr\/wp-json\/wp\/v2\/product_brand?post=119811"},{"taxonomy":"product_cat","embeddable":true,"href":"https:\/\/mod.wisdar.net\/tr\/wp-json\/wp\/v2\/product_cat?post=119811"},{"taxonomy":"product_tag","embeddable":true,"href":"https:\/\/mod.wisdar.net\/tr\/wp-json\/wp\/v2\/product_tag?post=119811"}],"curies":[{"name":"wp","href":"https:\/\/api.w.org\/{rel}","templated":true}]}}