{"id":119849,"date":"2026-02-17T21:23:24","date_gmt":"2026-02-17T21:23:24","guid":{"rendered":"https:\/\/modesthanim.com\/product\/bebetto-erkek-sort-salopet-tshirt-citcitli-little-boss-gomlek-yaka-kisa-paca-kisa-kol\/"},"modified":"2026-04-03T22:45:31","modified_gmt":"2026-04-03T22:45:31","slug":"bebetto-erkek-sort-salopet-tshirt-citcitli-little-boss-gomlek-yaka-kisa-paca-kisa-kol","status":"publish","type":"product","link":"https:\/\/mod.wisdar.net\/tr\/urun\/bebetto-erkek-sort-salopet-tshirt-citcitli-little-boss-gomlek-yaka-kisa-paca-kisa-kol\/","title":{"rendered":"Bebetto, Erkek, \u015eort Salopet-Tshirt, \u00c7\u0131t\u00e7\u0131tl\u0131, Little Boss, G\u00f6mlek Yaka, K\u0131sa Pa\u00e7a, K\u0131sa Kol"},"content":{"rendered":"<p>Bebetto markas\u0131na ait bu erkek bebek \u015fortlu salopet-ti\u015f\u00f6rt tak\u0131m\u0131, g\u00f6mlek yaka ve k\u0131sa kollu \u00fcst ile tamamlanan, re\u00e7me pa\u00e7a detay\u0131na sahip \u015f\u0131k bir modeldir. G\u00fcnl\u00fck kullan\u0131m i\u00e7in tasarlanm\u0131\u015f olan bu tak\u0131m, normal kal\u0131p \u00f6l\u00e7\u00fclerindedir. Ti\u015f\u00f6rt %100 pamuk, salopet ise %98 pamuk ve %2 elastan i\u00e7erir; bu sayede hem yumu\u015fak hem esnek bir yap\u0131ya sahiptir. Kuma\u015f\u0131yla bebekler i\u00e7in konfor sunar. Yenido\u011fandan 12. aya kadar olan beden se\u00e7enekleriyle \u00fcretilmi\u015ftir ve d\u00fc\u011fmeli tasar\u0131m\u0131yla pratik bir kullan\u0131m sa\u011flar.<\/p>\n<p>\u2014 Technical Details \u2014<br \/>\nTema: Little Boss<br \/>\n\u00dcr\u00fcn Grubu: SLP-\u015eort Salopet-Tshirt<br \/>\nCinsiyet: E<br \/>\nTak\u0131m \/ Tekil: Tekil<br \/>\nTak\u0131m \u0130\u00e7eri\u011fi: Eldiven, \u015eapka, Z\u0131b\u0131n, Patikli Alt, Yaka \u00d6nl\u00fc\u011f\u00fc<br \/>\nFit: Standart<br \/>\nMalzeme T\u00fcr\u00fc: Dokuma<br \/>\nBa\u011flama Tipi: \u00c7\u0131t\u00e7\u0131tl\u0131<br \/>\nYaka Tipi: G\u00f6mlek Yaka<br \/>\nMen\u015fei: T\u00fcrkiye<br \/>\nGrafik Detay: Nak\u0131\u015f<\/p>\n","protected":false},"excerpt":{"rendered":"<p>Bebetto markas\u0131na ait bu erkek bebek \u015fortlu salopet-ti\u015f\u00f6rt tak\u0131m\u0131, g\u00f6mlek yaka ve k\u0131sa kollu \u00fcst ile tamamlanan, re\u00e7me pa\u00e7a detay\u0131na sahip \u015f\u0131k bir modeldir. G\u00fcnl\u00fck kullan\u0131m i\u00e7in tasarlanm\u0131\u015f olan bu tak\u0131m, normal kal\u0131p \u00f6l\u00e7\u00fclerindedir. Ti\u015f\u00f6rt %100 pamuk, salopet ise %98 pamuk ve %2 elastan i\u00e7erir; bu sayede hem yumu\u015fak hem esnek bir yap\u0131ya sahiptir. Kuma\u015f\u0131yla [&hellip;]<\/p>\n","protected":false},"featured_media":119843,"comment_status":"open","ping_status":"closed","template":"","meta":[],"product_brand":[],"product_cat":[8703,8709,8694,8706,8697],"product_tag":[7354],"class_list":{"0":"post-119849","1":"product","2":"type-product","3":"status-publish","4":"has-post-thumbnail","6":"product_cat-bebek-setleri","7":"product_cat-bodyler-tulumlar","8":"product_cat-cocuklar","9":"product_cat-tulum","10":"product_cat-yenidogan-0-12-ay","11":"product_tag-gunluk-giyim-2","12":"pa_brand-bebetto","13":"pa_color-bej","14":"pa_size-1-3-ay","15":"pa_size-3-6-ay","16":"pa_size-6-9-ay","17":"pa_size-9-12-ay-2","18":"pa_size-9-12-ay","20":"first","21":"instock","22":"sale","23":"shipping-taxable","24":"purchasable","25":"product-type-variable"},"_links":{"self":[{"href":"https:\/\/mod.wisdar.net\/tr\/wp-json\/wp\/v2\/product\/119849","targetHints":{"allow":["GET"]}}],"collection":[{"href":"https:\/\/mod.wisdar.net\/tr\/wp-json\/wp\/v2\/product"}],"about":[{"href":"https:\/\/mod.wisdar.net\/tr\/wp-json\/wp\/v2\/types\/product"}],"replies":[{"embeddable":true,"href":"https:\/\/mod.wisdar.net\/tr\/wp-json\/wp\/v2\/comments?post=119849"}],"wp:featuredmedia":[{"embeddable":true,"href":"https:\/\/mod.wisdar.net\/tr\/wp-json\/wp\/v2\/media\/119843"}],"wp:attachment":[{"href":"https:\/\/mod.wisdar.net\/tr\/wp-json\/wp\/v2\/media?parent=119849"}],"wp:term":[{"taxonomy":"product_brand","embeddable":true,"href":"https:\/\/mod.wisdar.net\/tr\/wp-json\/wp\/v2\/product_brand?post=119849"},{"taxonomy":"product_cat","embeddable":true,"href":"https:\/\/mod.wisdar.net\/tr\/wp-json\/wp\/v2\/product_cat?post=119849"},{"taxonomy":"product_tag","embeddable":true,"href":"https:\/\/mod.wisdar.net\/tr\/wp-json\/wp\/v2\/product_tag?post=119849"}],"curies":[{"name":"wp","href":"https:\/\/api.w.org\/{rel}","templated":true}]}}