{"id":119900,"date":"2026-02-17T21:25:00","date_gmt":"2026-02-17T21:25:00","guid":{"rendered":"https:\/\/modesthanim.com\/product\/bebetto-erkek-5li-aski-hastane-cikisi-citcitli-little-boss-gomlek-yaka-uzun-paca-uzun-kol\/"},"modified":"2026-02-20T18:05:10","modified_gmt":"2026-02-20T18:05:10","slug":"bebetto-erkek-5li-aski-hastane-cikisi-citcitli-little-boss-gomlek-yaka-uzun-paca-uzun-kol","status":"publish","type":"product","link":"https:\/\/mod.wisdar.net\/tr\/urun\/bebetto-erkek-5li-aski-hastane-cikisi-citcitli-little-boss-gomlek-yaka-uzun-paca-uzun-kol\/","title":{"rendered":"Bebetto, Erkek, 5li Ask\u0131 Hastane \u00c7\u0131k\u0131\u015f\u0131, \u00c7\u0131t\u00e7\u0131tl\u0131, Little Boss, G\u00f6mlek Yaka, Uzun Pa\u00e7a, Uzun Kol"},"content":{"rendered":"<p>Bebetto Erkek 5\u2019li Ask\u0131 Hastane \u00c7\u0131k\u0131\u015f\u0131 seti, g\u00f6mlek yaka ve uzun kollu tasar\u0131m\u0131yla yenido\u011fan bebekler i\u00e7in g\u00fcnl\u00fck kullan\u0131ma uygundur. %100 pamuk kuma\u015f\u0131 sayesinde yumu\u015fak bir dokunu\u015f sunar, \u00e7\u0131t\u00e7\u0131tl\u0131 yap\u0131s\u0131 ile kolay giydirilir ve bebe\u011fin hassas cildine nazik bir konfor sa\u011flar.<\/p>\n<p>Sitemizdeki t\u00fcm yenido\u011fan hastane \u00e7\u0131k\u0131\u015flar\u0131na buradan ula\u015fabilirsiniz.<\/p>\n<p>Bebetto, Erkek, 5li Ask\u0131 Hastane \u00c7\u0131k\u0131\u015f\u0131, \u00c7\u0131t\u00e7\u0131tl\u0131, Little Boss, G\u00f6mlek Yaka, Uzun, Uzun Kol \u00d6zellikleri:<\/p>\n<p>\u00dcr\u00fcn Grubu: Yenido\u011fan Hastane \u00c7\u0131k\u0131\u015f\u0131<br \/>\nYaka Tipi: G\u00f6mlek Yaka<br \/>\nKol Tipi: Uzun Kol<br \/>\nPa\u00e7a Tipi: Patikli<br \/>\nKullan\u0131m Tipi: G\u00fcnl\u00fck Kullan\u0131m<br \/>\nKal\u0131p: Normal Kal\u0131p<br \/>\nKuma\u015f: %100 Pamuk<br \/>\nYumu\u015fak kuma\u015f dokusu ve rahat kal\u0131ba sahiptir.<br \/>\n30 derecede y\u0131kanabilir.<\/p>\n<p>\u2014 Technical Details \u2014<br \/>\nTema: Little Boss<br \/>\n\u00dcr\u00fcn Grubu: SET-5li Ask\u0131 Hastane \u00c7\u0131k\u0131\u015f\u0131<br \/>\nCinsiyet: E<br \/>\nTak\u0131m \/ Tekil: Tak\u0131m<br \/>\nTak\u0131m \u0130\u00e7eri\u011fi: Eldiven, \u015eapka, Z\u0131b\u0131n, Patikli Alt, Yaka \u00d6nl\u00fc\u011f\u00fc<br \/>\nFit: Standart<br \/>\nMalzeme T\u00fcr\u00fc: \u00d6rme<br \/>\nBa\u011flama Tipi: \u00c7\u0131t\u00e7\u0131tl\u0131<br \/>\nYaka Tipi: G\u00f6mlek Yaka<br \/>\nMen\u015fei: T\u00fcrkiye<br \/>\nGrafik Detay: Nak\u0131\u015f<\/p>\n","protected":false},"excerpt":{"rendered":"<p>Bebetto Erkek 5\u2019li Ask\u0131 Hastane \u00c7\u0131k\u0131\u015f\u0131 seti, g\u00f6mlek yaka ve uzun kollu tasar\u0131m\u0131yla yenido\u011fan bebekler i\u00e7in g\u00fcnl\u00fck kullan\u0131ma uygundur. %100 pamuk kuma\u015f\u0131 sayesinde yumu\u015fak bir dokunu\u015f sunar, \u00e7\u0131t\u00e7\u0131tl\u0131 yap\u0131s\u0131 ile kolay giydirilir ve bebe\u011fin hassas cildine nazik bir konfor sa\u011flar. Sitemizdeki t\u00fcm yenido\u011fan hastane \u00e7\u0131k\u0131\u015flar\u0131na buradan ula\u015fabilirsiniz. Bebetto, Erkek, 5li Ask\u0131 Hastane \u00c7\u0131k\u0131\u015f\u0131, \u00c7\u0131t\u00e7\u0131tl\u0131, Little [&hellip;]<\/p>\n","protected":false},"featured_media":119891,"comment_status":"open","ping_status":"closed","template":"","meta":[],"product_brand":[],"product_cat":[8703,8694,8697],"product_tag":[4579,6771,7354],"class_list":{"0":"post-119900","1":"product","2":"type-product","3":"status-publish","4":"has-post-thumbnail","6":"product_cat-bebek-setleri","7":"product_cat-cocuklar","8":"product_cat-yenidogan-0-12-ay","9":"product_tag-100-cotton","10":"product_tag-gomlek-yaka","11":"product_tag-gunluk-giyim-2","12":"pa_brand-bebetto","13":"pa_color-mavi","14":"pa_size-yenidogan","16":"first","17":"outofstock","18":"shipping-taxable","19":"product-type-variable"},"_links":{"self":[{"href":"https:\/\/mod.wisdar.net\/tr\/wp-json\/wp\/v2\/product\/119900","targetHints":{"allow":["GET"]}}],"collection":[{"href":"https:\/\/mod.wisdar.net\/tr\/wp-json\/wp\/v2\/product"}],"about":[{"href":"https:\/\/mod.wisdar.net\/tr\/wp-json\/wp\/v2\/types\/product"}],"replies":[{"embeddable":true,"href":"https:\/\/mod.wisdar.net\/tr\/wp-json\/wp\/v2\/comments?post=119900"}],"wp:featuredmedia":[{"embeddable":true,"href":"https:\/\/mod.wisdar.net\/tr\/wp-json\/wp\/v2\/media\/119891"}],"wp:attachment":[{"href":"https:\/\/mod.wisdar.net\/tr\/wp-json\/wp\/v2\/media?parent=119900"}],"wp:term":[{"taxonomy":"product_brand","embeddable":true,"href":"https:\/\/mod.wisdar.net\/tr\/wp-json\/wp\/v2\/product_brand?post=119900"},{"taxonomy":"product_cat","embeddable":true,"href":"https:\/\/mod.wisdar.net\/tr\/wp-json\/wp\/v2\/product_cat?post=119900"},{"taxonomy":"product_tag","embeddable":true,"href":"https:\/\/mod.wisdar.net\/tr\/wp-json\/wp\/v2\/product_tag?post=119900"}],"curies":[{"name":"wp","href":"https:\/\/api.w.org\/{rel}","templated":true}]}}