{"id":119942,"date":"2026-02-17T21:38:46","date_gmt":"2026-02-17T21:38:46","guid":{"rendered":"https:\/\/modesthanim.com\/product\/bebetto-kiz-jile-sweatshirt-cicek-baskili-citcitli-petite-fleurs-bebe-yaka-uzun-kol\/"},"modified":"2026-04-10T16:08:08","modified_gmt":"2026-04-10T16:08:08","slug":"bebetto-kiz-jile-sweatshirt-cicek-baskili-citcitli-petite-fleurs-bebe-yaka-uzun-kol","status":"publish","type":"product","link":"https:\/\/mod.wisdar.net\/tr\/urun\/bebetto-kiz-jile-sweatshirt-cicek-baskili-citcitli-petite-fleurs-bebe-yaka-uzun-kol\/","title":{"rendered":"Bebetto, K\u0131z, Jile-Sweatshirt, \u00c7i\u00e7ek Bask\u0131l\u0131, \u00c7\u0131t\u00e7\u0131tl\u0131, Petite Fleurs, Bebe Yaka, Uzun Kol"},"content":{"rendered":"<p>Bebetto Petite Fleurs k\u0131z jile\u2013sweatshirt seti, \u00e7i\u00e7ek bask\u0131l\u0131 tasar\u0131m\u0131 ve sevimli bebe yaka detay\u0131yla \u015f\u0131k ve zarif bir g\u00f6r\u00fcn\u00fcm sunar. Uzun kollu yap\u0131s\u0131 ve \u00e7\u0131t\u00e7\u0131tl\u0131 tasar\u0131m\u0131 sayesinde pratik kullan\u0131m sa\u011flarken, g\u00fcnl\u00fck kombinler i\u00e7in ideal bir se\u00e7enektir. Hem konforlu hem de estetik duru\u015fuyla bebe\u011finizin stilini tamamlar.<\/p>\n<p>\u2014 Technical Details \u2014<br \/>\npattern: Yenido\u011fan Tak\u0131m<br \/>\nyaka_tipi: Bebe Yaka<br \/>\nkol_tipi: Uzun Kol<br \/>\npaca_tipi: Yok<br \/>\nkullanim_tipi: G\u00fcnl\u00fck Kullan\u0131m<br \/>\nkalip: Normal Kal\u0131p<br \/>\ntema: Petite Fleurs<br \/>\nurun_grubu: JLE-Jile-Sweatshirt<br \/>\ncinsiyet: K<br \/>\ntakim_tekil: Tak\u0131m<br \/>\ntakim_icerigi: Sweatshirt<br \/>\nfit: Standart<br \/>\nmalzeme_turu: \u00d6rme<br \/>\nbaglama_tipi: \u00c7\u0131t\u00e7\u0131tl\u0131<br \/>\ngrafik_temasi: \u00c7i\u00e7ek Bask\u0131l\u0131<br \/>\nmen\u015fei: T\u00fcrkiye<br \/>\ngrafik_detay: Nak\u0131\u015f<\/p>\n","protected":false},"excerpt":{"rendered":"<p>Bebetto Petite Fleurs k\u0131z jile\u2013sweatshirt seti, \u00e7i\u00e7ek bask\u0131l\u0131 tasar\u0131m\u0131 ve sevimli bebe yaka detay\u0131yla \u015f\u0131k ve zarif bir g\u00f6r\u00fcn\u00fcm sunar. Uzun kollu yap\u0131s\u0131 ve \u00e7\u0131t\u00e7\u0131tl\u0131 tasar\u0131m\u0131 sayesinde pratik kullan\u0131m sa\u011flarken, g\u00fcnl\u00fck kombinler i\u00e7in ideal bir se\u00e7enektir. Hem konforlu hem de estetik duru\u015fuyla bebe\u011finizin stilini tamamlar. \u2014 Technical Details \u2014 pattern: Yenido\u011fan Tak\u0131m yaka_tipi: Bebe Yaka [&hellip;]<\/p>\n","protected":false},"featured_media":119935,"comment_status":"open","ping_status":"closed","template":"","meta":[],"product_brand":[],"product_cat":[8703,8694,8697],"product_tag":[7244,6770,6768],"class_list":{"0":"post-119942","1":"product","2":"type-product","3":"status-publish","4":"has-post-thumbnail","6":"product_cat-bebek-setleri","7":"product_cat-cocuklar","8":"product_cat-yenidogan-0-12-ay","9":"product_tag-citcit-kapama","10":"product_tag-gunluk-giyim","11":"product_tag-uzun-kol","12":"pa_brand-bebetto","13":"pa_color-gul-kurusu","14":"pa_size-1-3-ay","15":"pa_size-3-6-ay","16":"pa_size-6-9-ay","17":"pa_size-9-12-ay-2","19":"first","20":"outofstock","21":"shipping-taxable","22":"product-type-variable"},"_links":{"self":[{"href":"https:\/\/mod.wisdar.net\/tr\/wp-json\/wp\/v2\/product\/119942","targetHints":{"allow":["GET"]}}],"collection":[{"href":"https:\/\/mod.wisdar.net\/tr\/wp-json\/wp\/v2\/product"}],"about":[{"href":"https:\/\/mod.wisdar.net\/tr\/wp-json\/wp\/v2\/types\/product"}],"replies":[{"embeddable":true,"href":"https:\/\/mod.wisdar.net\/tr\/wp-json\/wp\/v2\/comments?post=119942"}],"wp:featuredmedia":[{"embeddable":true,"href":"https:\/\/mod.wisdar.net\/tr\/wp-json\/wp\/v2\/media\/119935"}],"wp:attachment":[{"href":"https:\/\/mod.wisdar.net\/tr\/wp-json\/wp\/v2\/media?parent=119942"}],"wp:term":[{"taxonomy":"product_brand","embeddable":true,"href":"https:\/\/mod.wisdar.net\/tr\/wp-json\/wp\/v2\/product_brand?post=119942"},{"taxonomy":"product_cat","embeddable":true,"href":"https:\/\/mod.wisdar.net\/tr\/wp-json\/wp\/v2\/product_cat?post=119942"},{"taxonomy":"product_tag","embeddable":true,"href":"https:\/\/mod.wisdar.net\/tr\/wp-json\/wp\/v2\/product_tag?post=119942"}],"curies":[{"name":"wp","href":"https:\/\/api.w.org\/{rel}","templated":true}]}}