{"id":119954,"date":"2026-02-17T21:38:50","date_gmt":"2026-02-17T21:38:50","guid":{"rendered":"https:\/\/modesthanim.com\/product\/bebetto-kiz-bluz-tayt-cicek-baskili-citcitli-bloom-firfirli-yaka-uzun-paca-kisa-kol\/"},"modified":"2026-04-02T21:06:26","modified_gmt":"2026-04-02T21:06:26","slug":"bebetto-kiz-bluz-tayt-cicek-baskili-citcitli-bloom-firfirli-yaka-uzun-paca-kisa-kol","status":"publish","type":"product","link":"https:\/\/mod.wisdar.net\/tr\/urun\/bebetto-kiz-bluz-tayt-cicek-baskili-citcitli-bloom-firfirli-yaka-uzun-paca-kisa-kol\/","title":{"rendered":"Bebetto, K\u0131z, Bluz-Tayt, \u00c7i\u00e7ek Bask\u0131l\u0131, \u00c7\u0131t\u00e7\u0131tl\u0131, Bloom, F\u0131rf\u0131rl\u0131 Yaka, Uzun Pa\u00e7a, K\u0131sa Kol"},"content":{"rendered":"<p>Bebetto Yenido\u011fan Bloom Bluz Tayt, k\u0131z bebekler i\u00e7in g\u00fcnl\u00fck kullan\u0131ma uygun, konforlu ve \u015f\u0131k bir alt \u00fcst giyim setidir. Bluz ve patiksiz tayt kombinasyonundan olu\u015fan bu \u00fcr\u00fcn, k\u0131sa kol tasar\u0131m\u0131 sayesinde \u00f6zellikle \u0131l\u0131k havalarda rahat bir kullan\u0131m sunar. Normal kal\u0131p yap\u0131s\u0131, bebe\u011fin hareket \u00f6zg\u00fcrl\u00fc\u011f\u00fcn\u00fc destekler.Jakar \u00f6rme kuma\u015f tipine sahip olan ve %100 pamuk i\u00e7eri\u011fiyle \u00fcretilen Bebetto yenido\u011fan bluz tayt seti, yumu\u015fak ve nefes alabilen dokusuyla hassas bebek cildi i\u00e7in uygundur. F\u0131rf\u0131rl\u0131 yaka detay\u0131 ve Bloom temas\u0131, \u00fcr\u00fcne zarif ve sevimli bir g\u00f6r\u00fcn\u00fcm kazand\u0131r\u0131r. 30 derecede y\u0131kanabilir olmas\u0131, ebeveynler i\u00e7in pratik bak\u0131m avantaj\u0131 sa\u011flar.<\/p>\n<p>Bebetto Yenido\u011fan Bloom Bluz Tayt Genel \u00d6zellikler<\/p>\n<p>\u00dcr\u00fcn Grubu: Bluz \u2013 Tayt<br \/>\nCinsiyet: K\u0131z Bebek<br \/>\nKol Tipi: K\u0131sa Kol<br \/>\nPa\u00e7a Tipi: Patiksiz<br \/>\nKullan\u0131m Tipi: G\u00fcnl\u00fck Kullan\u0131m<br \/>\nKal\u0131p: Normal Kal\u0131p<br \/>\nKuma\u015f Tipi : Jakar \u00d6rme<br \/>\nKuma\u015f: %100 Pamuk<br \/>\nYaka Tipi: F\u0131rf\u0131rl\u0131 Yaka<br \/>\nTema: Bloom<br \/>\n30 derecede y\u0131kanabilir.<\/p>\n<p>G\u00dcVENLE G\u0130YD\u0130R\u0130N! ebebek tekstil \u00fcr\u00fcnleri bebe\u011finizin g\u00fcvenli\u011fi i\u00e7in kimyasal i\u00e7eriklere kar\u015f\u0131 test edilmi\u015ftir. Bebe\u011finiz i\u00e7in risk olu\u015fturabilecek yutulabilir k\u00fc\u00e7\u00fck par\u00e7alar ve keskin kenarl\u0131 materyaller kullan\u0131lmamaktad\u0131r. Kullan\u0131m s\u0131ras\u0131nda tehlikeli olabilecek uzunlukta ba\u011fc\u0131k ve kordonlar kullan\u0131lmamaktad\u0131r.<\/p>\n<p>\u2014 Technical Details \u2014<br \/>\nTema: Bloom<br \/>\n\u00dcr\u00fcn Grubu: BTY-Bluz-Tayt<br \/>\nCinsiyet: K<br \/>\nTak\u0131m \/ Tekil: Tak\u0131m<br \/>\nTak\u0131m \u0130\u00e7eri\u011fi: Bluz, Tayt<br \/>\nFit: Standart<br \/>\nMalzeme T\u00fcr\u00fc: \u00d6rme<br \/>\nBa\u011flama Tipi: \u00c7\u0131t\u00e7\u0131tl\u0131<br \/>\nYaka Tipi: F\u0131rf\u0131rl\u0131 Yaka<br \/>\nGrafik Temas\u0131: \u00c7i\u00e7ek Bask\u0131l\u0131<br \/>\nMen\u015fei: T\u00fcrkiye<\/p>\n","protected":false},"excerpt":{"rendered":"<p>Bebetto Yenido\u011fan Bloom Bluz Tayt, k\u0131z bebekler i\u00e7in g\u00fcnl\u00fck kullan\u0131ma uygun, konforlu ve \u015f\u0131k bir alt \u00fcst giyim setidir. Bluz ve patiksiz tayt kombinasyonundan olu\u015fan bu \u00fcr\u00fcn, k\u0131sa kol tasar\u0131m\u0131 sayesinde \u00f6zellikle \u0131l\u0131k havalarda rahat bir kullan\u0131m sunar. Normal kal\u0131p yap\u0131s\u0131, bebe\u011fin hareket \u00f6zg\u00fcrl\u00fc\u011f\u00fcn\u00fc destekler.Jakar \u00f6rme kuma\u015f tipine sahip olan ve %100 pamuk i\u00e7eri\u011fiyle \u00fcretilen [&hellip;]<\/p>\n","protected":false},"featured_media":119947,"comment_status":"open","ping_status":"closed","template":"","meta":[],"product_brand":[],"product_cat":[8703,8694,8697],"product_tag":[4579,7354,7480],"class_list":{"0":"post-119954","1":"product","2":"type-product","3":"status-publish","4":"has-post-thumbnail","6":"product_cat-bebek-setleri","7":"product_cat-cocuklar","8":"product_cat-yenidogan-0-12-ay","9":"product_tag-100-cotton","10":"product_tag-gunluk-giyim-2","11":"product_tag-tayt","12":"pa_brand-bebetto","13":"pa_color-pembe","14":"pa_color-sari","15":"pa_size-1-3-ay","16":"pa_size-3-6-ay","17":"pa_size-6-9-ay","18":"pa_size-9-12-ay-2","19":"pa_size-9-12-ay","21":"first","22":"outofstock","23":"shipping-taxable","24":"product-type-variable"},"_links":{"self":[{"href":"https:\/\/mod.wisdar.net\/tr\/wp-json\/wp\/v2\/product\/119954","targetHints":{"allow":["GET"]}}],"collection":[{"href":"https:\/\/mod.wisdar.net\/tr\/wp-json\/wp\/v2\/product"}],"about":[{"href":"https:\/\/mod.wisdar.net\/tr\/wp-json\/wp\/v2\/types\/product"}],"replies":[{"embeddable":true,"href":"https:\/\/mod.wisdar.net\/tr\/wp-json\/wp\/v2\/comments?post=119954"}],"wp:featuredmedia":[{"embeddable":true,"href":"https:\/\/mod.wisdar.net\/tr\/wp-json\/wp\/v2\/media\/119947"}],"wp:attachment":[{"href":"https:\/\/mod.wisdar.net\/tr\/wp-json\/wp\/v2\/media?parent=119954"}],"wp:term":[{"taxonomy":"product_brand","embeddable":true,"href":"https:\/\/mod.wisdar.net\/tr\/wp-json\/wp\/v2\/product_brand?post=119954"},{"taxonomy":"product_cat","embeddable":true,"href":"https:\/\/mod.wisdar.net\/tr\/wp-json\/wp\/v2\/product_cat?post=119954"},{"taxonomy":"product_tag","embeddable":true,"href":"https:\/\/mod.wisdar.net\/tr\/wp-json\/wp\/v2\/product_tag?post=119954"}],"curies":[{"name":"wp","href":"https:\/\/api.w.org\/{rel}","templated":true}]}}