{"id":120000,"date":"2026-02-17T21:44:05","date_gmt":"2026-02-17T21:44:05","guid":{"rendered":"https:\/\/modesthanim.com\/product\/bebbek-kiz-bebek-5li-kutulu-hastane-cikisi-v-yaka\/"},"modified":"2026-04-15T21:19:34","modified_gmt":"2026-04-15T21:19:34","slug":"bebbek-kiz-bebek-5li-kutulu-hastane-cikisi-v-yaka","status":"publish","type":"product","link":"https:\/\/mod.wisdar.net\/tr\/urun\/bebbek-kiz-bebek-5li-kutulu-hastane-cikisi-v-yaka\/","title":{"rendered":"Bebbek K\u0131z Bebek 5li Kutulu Hastane \u00c7\u0131k\u0131\u015f\u0131 V Yaka"},"content":{"rendered":"<p>Bebbek Yenido\u011fan K\u0131z 5l, Ekru, Yenido\u011fan<\/p>\n<p>\u00dcr\u00fcn Grubu: Yenido\u011fan Hastane \u00c7\u0131k\u0131\u015f\u0131<br \/>\nYaka Tipi: V Yaka<br \/>\nKol Boyu: Uzun Kol<br \/>\nPa\u00e7a Tipi: Patikli<br \/>\nKullan\u0131m Tipi: G\u00fcnl\u00fck Kullan\u0131m<br \/>\nKal\u0131p: Normal Kal\u0131p<br \/>\nKuma\u015f: %100 Pamuk<br \/>\nYumu\u015fak kuma\u015f dokusu ve rahat kal\u0131ba sahiptir.<br \/>\n30 derecede y\u0131kanabilir.<\/p>\n<p>G\u00dcVENLE G\u0130YD\u0130R\u0130N! ebebek tekstil \u00fcr\u00fcnleri bebe\u011finizin g\u00fcvenli\u011fi i\u00e7in kimyasal i\u00e7eriklere kar\u015f\u0131 test edilmi\u015ftir. Bebe\u011finiz i\u00e7in risk olu\u015fturabilecek yutulabilir k\u00fc\u00e7\u00fck par\u00e7alar ve keskin kenarl\u0131 materyaller kullan\u0131lmamaktad\u0131r. Kullan\u0131m s\u0131ras\u0131nda tehlikeli olabilecek uzunlukta ba\u011fc\u0131k ve kordonlar kullan\u0131lmamaktad\u0131r.<\/p>\n<p>\u2014 Technical Details \u2014<br \/>\npattern: Yenido\u011fan Hastane \u00c7\u0131k\u0131\u015f\u0131<br \/>\ngender: K<br \/>\nmaterial_type: \u00d6rme<br \/>\ncollar_type: V Yaka<br \/>\nsleeve_length: Uzun Kol<br \/>\nleg_type: Patikli<br \/>\nusage_type: G\u00fcnl\u00fck Kullan\u0131m<br \/>\nfit: Normal Kal\u0131p<br \/>\nproduct_group: SET-5li Kutulu Hastane \u00c7\u0131k\u0131\u015f\u0131<\/p>\n","protected":false},"excerpt":{"rendered":"<p>Bebbek Yenido\u011fan K\u0131z 5l, Ekru, Yenido\u011fan \u00dcr\u00fcn Grubu: Yenido\u011fan Hastane \u00c7\u0131k\u0131\u015f\u0131 Yaka Tipi: V Yaka Kol Boyu: Uzun Kol Pa\u00e7a Tipi: Patikli Kullan\u0131m Tipi: G\u00fcnl\u00fck Kullan\u0131m Kal\u0131p: Normal Kal\u0131p Kuma\u015f: %100 Pamuk Yumu\u015fak kuma\u015f dokusu ve rahat kal\u0131ba sahiptir. 30 derecede y\u0131kanabilir. G\u00dcVENLE G\u0130YD\u0130R\u0130N! ebebek tekstil \u00fcr\u00fcnleri bebe\u011finizin g\u00fcvenli\u011fi i\u00e7in kimyasal i\u00e7eriklere kar\u015f\u0131 test edilmi\u015ftir. [&hellip;]<\/p>\n","protected":false},"featured_media":119993,"comment_status":"open","ping_status":"closed","template":"","meta":[],"product_brand":[],"product_cat":[8703,8694,8697],"product_tag":[6757,7488],"class_list":{"0":"post-120000","1":"product","2":"type-product","3":"status-publish","4":"has-post-thumbnail","6":"product_cat-bebek-setleri","7":"product_cat-cocuklar","8":"product_cat-yenidogan-0-12-ay","9":"product_tag-ekru","10":"product_tag-pamuk","11":"pa_brand-bebbek","12":"pa_color-ekru","13":"pa_size-yenidogan","15":"first","16":"instock","17":"sale","18":"shipping-taxable","19":"purchasable","20":"product-type-variable"},"_links":{"self":[{"href":"https:\/\/mod.wisdar.net\/tr\/wp-json\/wp\/v2\/product\/120000","targetHints":{"allow":["GET"]}}],"collection":[{"href":"https:\/\/mod.wisdar.net\/tr\/wp-json\/wp\/v2\/product"}],"about":[{"href":"https:\/\/mod.wisdar.net\/tr\/wp-json\/wp\/v2\/types\/product"}],"replies":[{"embeddable":true,"href":"https:\/\/mod.wisdar.net\/tr\/wp-json\/wp\/v2\/comments?post=120000"}],"wp:featuredmedia":[{"embeddable":true,"href":"https:\/\/mod.wisdar.net\/tr\/wp-json\/wp\/v2\/media\/119993"}],"wp:attachment":[{"href":"https:\/\/mod.wisdar.net\/tr\/wp-json\/wp\/v2\/media?parent=120000"}],"wp:term":[{"taxonomy":"product_brand","embeddable":true,"href":"https:\/\/mod.wisdar.net\/tr\/wp-json\/wp\/v2\/product_brand?post=120000"},{"taxonomy":"product_cat","embeddable":true,"href":"https:\/\/mod.wisdar.net\/tr\/wp-json\/wp\/v2\/product_cat?post=120000"},{"taxonomy":"product_tag","embeddable":true,"href":"https:\/\/mod.wisdar.net\/tr\/wp-json\/wp\/v2\/product_tag?post=120000"}],"curies":[{"name":"wp","href":"https:\/\/api.w.org\/{rel}","templated":true}]}}