{"id":120110,"date":"2026-02-17T21:49:10","date_gmt":"2026-02-17T21:49:10","guid":{"rendered":"https:\/\/modesthanim.com\/product\/bebetto-kiz-sweatshirt-hirka-patiksiz-alt-meyve-baskili-fermuarli-strawberry-bisiklet-yaka-uzun-uzun-kol\/"},"modified":"2026-04-03T23:05:04","modified_gmt":"2026-04-03T23:05:04","slug":"bebetto-kiz-sweatshirt-hirka-patiksiz-alt-meyve-baskili-fermuarli-strawberry-bisiklet-yaka-uzun-uzun-kol","status":"publish","type":"product","link":"https:\/\/mod.wisdar.net\/tr\/urun\/bebetto-kiz-sweatshirt-hirka-patiksiz-alt-meyve-baskili-fermuarli-strawberry-bisiklet-yaka-uzun-uzun-kol\/","title":{"rendered":"Bebetto, K\u0131z, Sweatshirt-H\u0131rka-Patiksiz Alt, Meyve Bask\u0131l\u0131, Fermuarl\u0131, Strawberry, Bisiklet Yaka, Uzun, Uzun Kol"},"content":{"rendered":"<p>Bebetto K\u0131z Bebek Yenido\u011fan Strawberry Sweatshirt-H\u0131rka-Alt Tak\u0131m, yenido\u011fandan itibaren 12. aya kadar kullan\u0131ma uygundur. Bisiklet yaka, uzun kol ve patiksiz pa\u00e7a tasar\u0131m\u0131yla g\u00fcnl\u00fck kullan\u0131m i\u00e7in ideal olan bu tak\u0131m, bebeklerin konforunu \u00f6n planda tutar. Normal kal\u0131pta \u00fcretilmi\u015f olup, %95 pamuk ve %5 elastan i\u00e7eren kuma\u015f\u0131 sayesinde hem yumu\u015fak hem de esnektir. Bu \u00f6zellikleri sayesinde bebe\u011finizin hassas cildine uyum sa\u011flar ve rahat bir kullan\u0131m sunar.<\/p>\n<p>Sitemizdeki t\u00fcm anne sweatshirt \u00fcr\u00fcnlerine buradan ula\u015fabilirsiniz.<\/p>\n<p>Bebetto K\u0131z Bebek Yenido\u011fan Strawberry Sweatshirt-H\u0131rka-Alt Ka\u015fkorse Bisiklet Yaka Uzun Kol Patiksiz Pa\u00e7a \u00d6zellikler:<\/p>\n<p>\u2013 \u00dcr\u00fcn Grubu: Bebek Sweatshirt H\u0131rka-Alt<br \/>\n\u2013 Yaka Tipi: Bisiklet Yaka<br \/>\n\u2013 Kol Tipi: Uzun Kol<br \/>\n\u2013 Pa\u00e7a Tipi: Patiksiz Pa\u00e7a<br \/>\n\u2013 Kullan\u0131m Tipi: G\u00fcnl\u00fck Kullan\u0131m<br \/>\n\u2013 Kal\u0131p: Normal Kal\u0131p<br \/>\n\u2013 Kuma\u015f: %95 Pamuk, % 5 Elastan<br \/>\n\u2013 Yumu\u015fak kuma\u015f dokusu ve rahat kal\u0131ba sahiptir.<br \/>\n\u2013 30 derecede y\u0131kanabilir.<\/p>\n<p>\u2014 Technical Details \u2014<br \/>\nTema: Strawberry<br \/>\n\u00dcr\u00fcn Grubu: TKM-Sweatshirt-H\u0131rka-Patiksiz Alt<br \/>\nCinsiyet: K<br \/>\nTak\u0131m \/ Tekil: Tak\u0131m<br \/>\nTak\u0131m \u0130\u00e7eri\u011fi: H\u0131rka, Sweatshirt, Patiksiz Alt<br \/>\nFit: Standart<br \/>\nMalzeme T\u00fcr\u00fc: \u00d6rme<br \/>\nBa\u011flama Tipi: Fermuarl\u0131<br \/>\nYaka Tipi: Bisiklet Yaka<br \/>\nGrafik Temas\u0131: Meyve Bask\u0131l\u0131<br \/>\nMen\u015fei: T\u00fcrkiye<\/p>\n","protected":false},"excerpt":{"rendered":"<p>Bebetto K\u0131z Bebek Yenido\u011fan Strawberry Sweatshirt-H\u0131rka-Alt Tak\u0131m, yenido\u011fandan itibaren 12. aya kadar kullan\u0131ma uygundur. Bisiklet yaka, uzun kol ve patiksiz pa\u00e7a tasar\u0131m\u0131yla g\u00fcnl\u00fck kullan\u0131m i\u00e7in ideal olan bu tak\u0131m, bebeklerin konforunu \u00f6n planda tutar. Normal kal\u0131pta \u00fcretilmi\u015f olup, %95 pamuk ve %5 elastan i\u00e7eren kuma\u015f\u0131 sayesinde hem yumu\u015fak hem de esnektir. Bu \u00f6zellikleri sayesinde bebe\u011finizin [&hellip;]<\/p>\n","protected":false},"featured_media":120103,"comment_status":"open","ping_status":"closed","template":"","meta":[],"product_brand":[],"product_cat":[8703,8694,8697],"product_tag":[7309,7354,7766,7488,6768],"class_list":{"0":"post-120110","1":"product","2":"type-product","3":"status-publish","4":"has-post-thumbnail","6":"product_cat-bebek-setleri","7":"product_cat-cocuklar","8":"product_cat-yenidogan-0-12-ay","9":"product_tag-fermuarli","10":"product_tag-gunluk-giyim-2","11":"product_tag-kapusonlu-sweatshirt-2","12":"product_tag-pamuk","13":"product_tag-uzun-kol","14":"pa_brand-bebetto","15":"pa_color-gul-kurusu","16":"pa_size-1-3-ay","17":"pa_size-3-6-ay","18":"pa_size-6-9-ay","19":"pa_size-9-12-ay-2","21":"first","22":"instock","23":"sale","24":"shipping-taxable","25":"purchasable","26":"product-type-variable"},"_links":{"self":[{"href":"https:\/\/mod.wisdar.net\/tr\/wp-json\/wp\/v2\/product\/120110","targetHints":{"allow":["GET"]}}],"collection":[{"href":"https:\/\/mod.wisdar.net\/tr\/wp-json\/wp\/v2\/product"}],"about":[{"href":"https:\/\/mod.wisdar.net\/tr\/wp-json\/wp\/v2\/types\/product"}],"replies":[{"embeddable":true,"href":"https:\/\/mod.wisdar.net\/tr\/wp-json\/wp\/v2\/comments?post=120110"}],"wp:featuredmedia":[{"embeddable":true,"href":"https:\/\/mod.wisdar.net\/tr\/wp-json\/wp\/v2\/media\/120103"}],"wp:attachment":[{"href":"https:\/\/mod.wisdar.net\/tr\/wp-json\/wp\/v2\/media?parent=120110"}],"wp:term":[{"taxonomy":"product_brand","embeddable":true,"href":"https:\/\/mod.wisdar.net\/tr\/wp-json\/wp\/v2\/product_brand?post=120110"},{"taxonomy":"product_cat","embeddable":true,"href":"https:\/\/mod.wisdar.net\/tr\/wp-json\/wp\/v2\/product_cat?post=120110"},{"taxonomy":"product_tag","embeddable":true,"href":"https:\/\/mod.wisdar.net\/tr\/wp-json\/wp\/v2\/product_tag?post=120110"}],"curies":[{"name":"wp","href":"https:\/\/api.w.org\/{rel}","templated":true}]}}