{"id":120150,"date":"2026-02-17T21:50:26","date_gmt":"2026-02-17T21:50:26","guid":{"rendered":"https:\/\/modesthanim.com\/product\/yenidogan-kiz-bebek-tshirt-patiksiz-alt-2li-takim-interlok-cute-duck-bisiklet-yaka-kisa-kol-somon\/"},"modified":"2026-04-10T16:07:35","modified_gmt":"2026-04-10T16:07:35","slug":"yenidogan-kiz-bebek-tshirt-patiksiz-alt-2li-takim-interlok-cute-duck-bisiklet-yaka-kisa-kol-somon","status":"publish","type":"product","link":"https:\/\/mod.wisdar.net\/tr\/urun\/yenidogan-kiz-bebek-tshirt-patiksiz-alt-2li-takim-interlok-cute-duck-bisiklet-yaka-kisa-kol-somon\/","title":{"rendered":"Yenido\u011fan K\u0131z Bebek Tshirt-Patiksiz Alt 2li Tak\u0131m \u0130nterlok Cute Duck Bisiklet Yaka K\u0131sa Kol Somon"},"content":{"rendered":"<p>HelloBaby Yenido\u011fan Cu, Somon, Yenido\u011fan<\/p>\n<p>\u00dcr\u00fcn Grubu: Bebek Alt \u00dcst Tak\u0131m<br \/>\nKol Boyu: K\u0131sa Kol<br \/>\nYaka Tipi: Bisiklet Yaka<br \/>\nSezon: \u0130lkbahar-Yaz<br \/>\nPa\u00e7a Tipi: Patiksiz<br \/>\nKullan\u0131m Tipi: G\u00fcnl\u00fck Kullan\u0131m<br \/>\nKal\u0131p: Normal Kal\u0131p<br \/>\nKuma\u015f: %95 Pamuk %5 Elastan<br \/>\nYumu\u015fak kuma\u015f dokusu ve rahat kal\u0131ba sahiptir.<br \/>\n30 derecede y\u0131kanabilir.<br \/>\nG\u00dcVENLE G\u0130YD\u0130R\u0130N! ebebek tekstil \u00fcr\u00fcnleri bebe\u011finizin g\u00fcvenli\u011fi i\u00e7in kimyasal i\u00e7eriklere kar\u015f\u0131 test edilmi\u015ftir. Bebe\u011finiz i\u00e7in risk olu\u015fturabilecek yutulabilir k\u00fc\u00e7\u00fck par\u00e7alar ve keskin kenarl\u0131 materyaller kullan\u0131lmamaktad\u0131r. Kullan\u0131m s\u0131ras\u0131nda tehlikeli olabilecek uzunlukta ba\u011fc\u0131k ve kordonlar kullan\u0131lmamaktad\u0131r.<\/p>\n<p>\u00dcr\u00fcn \u00d6zellikleri<br \/>\nTema: Cute Duck<br \/>\n\u00dcr\u00fcn Grubu: TKM-Tshirt-Patiksiz Alt<br \/>\nCinsiyet: K<br \/>\nMalzeme T\u00fcr\u00fc: \u00d6rme<br \/>\nYaka Tipi: Bisiklet Yaka<br \/>\nMen\u015fei: T\u00fcrkiye<\/p>\n<p>\u2014 Technical Details \u2014<br \/>\nTema: Cute Duck<br \/>\n\u00dcr\u00fcn Grubu: TKM-Tshirt-Patiksiz Alt<br \/>\nCinsiyet: K<br \/>\nMalzeme T\u00fcr\u00fc: \u00d6rme<br \/>\nYaka Tipi: Bisiklet Yaka<br \/>\nMen\u015fei: T\u00fcrkiye<\/p>\n","protected":false},"excerpt":{"rendered":"<p>HelloBaby Yenido\u011fan Cu, Somon, Yenido\u011fan \u00dcr\u00fcn Grubu: Bebek Alt \u00dcst Tak\u0131m Kol Boyu: K\u0131sa Kol Yaka Tipi: Bisiklet Yaka Sezon: \u0130lkbahar-Yaz Pa\u00e7a Tipi: Patiksiz Kullan\u0131m Tipi: G\u00fcnl\u00fck Kullan\u0131m Kal\u0131p: Normal Kal\u0131p Kuma\u015f: %95 Pamuk %5 Elastan Yumu\u015fak kuma\u015f dokusu ve rahat kal\u0131ba sahiptir. 30 derecede y\u0131kanabilir. G\u00dcVENLE G\u0130YD\u0130R\u0130N! ebebek tekstil \u00fcr\u00fcnleri bebe\u011finizin g\u00fcvenli\u011fi i\u00e7in kimyasal [&hellip;]<\/p>\n","protected":false},"featured_media":120143,"comment_status":"open","ping_status":"closed","template":"","meta":[],"product_brand":[],"product_cat":[8703,8694,8697],"product_tag":[9699,8896,9700,9701,9698,9703,9702,9704],"class_list":{"0":"post-120150","1":"product","2":"type-product","3":"status-publish","4":"has-post-thumbnail","6":"product_cat-bebek-setleri","7":"product_cat-cocuklar","8":"product_cat-yenidogan-0-12-ay","9":"product_tag-baby-2-piece-set","10":"product_tag-cotton-baby-clothes","11":"product_tag-cute-duck-pattern","12":"product_tag-footless-baby-bottoms","13":"product_tag-newborn-girl-clothing","14":"product_tag-salmon-baby-outfit","15":"product_tag-spring-summer-baby-wear","16":"product_tag-turkish-baby-fashion","17":"pa_brand-bebetto","18":"pa_color-somon","19":"pa_size-3-ay","20":"pa_size-6-ay","21":"pa_size-9-ay","22":"pa_size-yenidogan","24":"first","25":"outofstock","26":"shipping-taxable","27":"product-type-variable"},"_links":{"self":[{"href":"https:\/\/mod.wisdar.net\/tr\/wp-json\/wp\/v2\/product\/120150","targetHints":{"allow":["GET"]}}],"collection":[{"href":"https:\/\/mod.wisdar.net\/tr\/wp-json\/wp\/v2\/product"}],"about":[{"href":"https:\/\/mod.wisdar.net\/tr\/wp-json\/wp\/v2\/types\/product"}],"replies":[{"embeddable":true,"href":"https:\/\/mod.wisdar.net\/tr\/wp-json\/wp\/v2\/comments?post=120150"}],"wp:featuredmedia":[{"embeddable":true,"href":"https:\/\/mod.wisdar.net\/tr\/wp-json\/wp\/v2\/media\/120143"}],"wp:attachment":[{"href":"https:\/\/mod.wisdar.net\/tr\/wp-json\/wp\/v2\/media?parent=120150"}],"wp:term":[{"taxonomy":"product_brand","embeddable":true,"href":"https:\/\/mod.wisdar.net\/tr\/wp-json\/wp\/v2\/product_brand?post=120150"},{"taxonomy":"product_cat","embeddable":true,"href":"https:\/\/mod.wisdar.net\/tr\/wp-json\/wp\/v2\/product_cat?post=120150"},{"taxonomy":"product_tag","embeddable":true,"href":"https:\/\/mod.wisdar.net\/tr\/wp-json\/wp\/v2\/product_tag?post=120150"}],"curies":[{"name":"wp","href":"https:\/\/api.w.org\/{rel}","templated":true}]}}