{"id":120321,"date":"2026-02-18T11:20:45","date_gmt":"2026-02-18T11:20:45","guid":{"rendered":"https:\/\/modesthanim.com\/product\/bebetto-erkek-body-patiksiz-alt-marin-baskili-citcitli-palm-in-the-sea-bisiklet-yaka-uzun-paca-kisa-kol\/"},"modified":"2026-04-10T16:08:35","modified_gmt":"2026-04-10T16:08:35","slug":"bebetto-erkek-body-patiksiz-alt-marin-baskili-citcitli-palm-in-the-sea-bisiklet-yaka-uzun-paca-kisa-kol","status":"publish","type":"product","link":"https:\/\/mod.wisdar.net\/tr\/urun\/bebetto-erkek-body-patiksiz-alt-marin-baskili-citcitli-palm-in-the-sea-bisiklet-yaka-uzun-paca-kisa-kol\/","title":{"rendered":"Bebetto, Erkek, Body-Patiksiz Alt, Marin Bask\u0131l\u0131, \u00c7\u0131t\u00e7\u0131tl\u0131, Palm in the Sea, Bisiklet Yaka, Uzun Pa\u00e7a, K\u0131sa Kol"},"content":{"rendered":"<p>Bebetto&#8217;nun \u201cPalm in the Sea\u201d temal\u0131 erkek bebek body ve patiksiz alt tak\u0131m\u0131, bisiklet yaka ve k\u0131sa kol tasar\u0131m\u0131yla s\u0131cak havalarda g\u00fcnl\u00fck kullan\u0131m i\u00e7in idealdir. %100 pamuk kuma\u015ftan \u00fcretilen model, yumu\u015fak dokusu ve nefes alabilir yap\u0131s\u0131yla bebek cildine uyum sa\u011flar. Normal kal\u0131b\u0131 sayesinde rahat hareket etmeye olanak tan\u0131yan bu tak\u0131m, yenido\u011fandan 9. aya kadar uzanan beden se\u00e7enekleriyle bebeveynlerin be\u011fenisine sunulmaktad\u0131r.<\/p>\n<p>Sitemizdeki t\u00fcm bebek body patiksiz alt buradan ula\u015fabilirsiniz.<\/p>\n<p>Bebetto Erkek Bebek Body-Patiksiz Alt Marin Bask\u0131l\u0131 \u00c7\u0131t\u00e7\u0131tl\u0131 Palm in the Sea Bisiklet Yaka Uzun Pa\u00e7a K\u0131sa Kol \u00d6zellikler:<\/p>\n<p>\u00dcr\u00fcn Grubu: Bebek Body Patiksiz Alt<br \/>\nYaka Tipi: Bisiklet Yaka<br \/>\nKol Tipi: K\u0131sa Kol<br \/>\nPa\u00e7a Tipi: Patiksiz<br \/>\nKullan\u0131m Tipi: G\u00fcnl\u00fck Kullan\u0131m<br \/>\nKal\u0131p: Normal Kal\u0131p<br \/>\nKuma\u015f: %100 Pamuk<br \/>\nYumu\u015fak kuma\u015f dokusu ve rahat kal\u0131ba sahiptir.<\/p>\n<p>\u2014 Technical Details \u2014<br \/>\nTema: Palm in the Sea<br \/>\n\u00dcr\u00fcn Grubu: TKM-Body-Patiksiz Alt<br \/>\nCinsiyet: E<br \/>\nTak\u0131m \/ Tekil: Tak\u0131m<br \/>\nTak\u0131m \u0130\u00e7eri\u011fi: Body, Patiksiz Alt<br \/>\nFit: Standart<br \/>\nMalzeme T\u00fcr\u00fc: \u00d6rme<br \/>\nBa\u011flama Tipi: \u00c7\u0131t\u00e7\u0131tl\u0131<br \/>\nYaka Tipi: Bisiklet Yaka<br \/>\nGrafik Temas\u0131: Marin Bask\u0131l\u0131<br \/>\nMen\u015fei: T\u00fcrkiye<br \/>\nGrafik Detay: Bask\u0131<\/p>\n","protected":false},"excerpt":{"rendered":"<p>Bebetto&#8217;nun \u201cPalm in the Sea\u201d temal\u0131 erkek bebek body ve patiksiz alt tak\u0131m\u0131, bisiklet yaka ve k\u0131sa kol tasar\u0131m\u0131yla s\u0131cak havalarda g\u00fcnl\u00fck kullan\u0131m i\u00e7in idealdir. %100 pamuk kuma\u015ftan \u00fcretilen model, yumu\u015fak dokusu ve nefes alabilir yap\u0131s\u0131yla bebek cildine uyum sa\u011flar. Normal kal\u0131b\u0131 sayesinde rahat hareket etmeye olanak tan\u0131yan bu tak\u0131m, yenido\u011fandan 9. aya kadar uzanan [&hellip;]<\/p>\n","protected":false},"featured_media":120314,"comment_status":"open","ping_status":"closed","template":"","meta":[],"product_brand":[],"product_cat":[8703,8709,8694,8697],"product_tag":[8110,7244],"class_list":{"0":"post-120321","1":"product","2":"type-product","3":"status-publish","4":"has-post-thumbnail","6":"product_cat-bebek-setleri","7":"product_cat-bodyler-tulumlar","8":"product_cat-cocuklar","9":"product_cat-yenidogan-0-12-ay","10":"product_tag-bisiklet-yaka-2","11":"product_tag-citcit-kapama","12":"pa_brand-bebetto","13":"pa_color-petrol","14":"pa_size-0-1-ay","15":"pa_size-1-3-ay","16":"pa_size-3-6-ay","17":"pa_size-6-9-ay","19":"first","20":"outofstock","21":"shipping-taxable","22":"product-type-variable"},"_links":{"self":[{"href":"https:\/\/mod.wisdar.net\/tr\/wp-json\/wp\/v2\/product\/120321","targetHints":{"allow":["GET"]}}],"collection":[{"href":"https:\/\/mod.wisdar.net\/tr\/wp-json\/wp\/v2\/product"}],"about":[{"href":"https:\/\/mod.wisdar.net\/tr\/wp-json\/wp\/v2\/types\/product"}],"replies":[{"embeddable":true,"href":"https:\/\/mod.wisdar.net\/tr\/wp-json\/wp\/v2\/comments?post=120321"}],"wp:featuredmedia":[{"embeddable":true,"href":"https:\/\/mod.wisdar.net\/tr\/wp-json\/wp\/v2\/media\/120314"}],"wp:attachment":[{"href":"https:\/\/mod.wisdar.net\/tr\/wp-json\/wp\/v2\/media?parent=120321"}],"wp:term":[{"taxonomy":"product_brand","embeddable":true,"href":"https:\/\/mod.wisdar.net\/tr\/wp-json\/wp\/v2\/product_brand?post=120321"},{"taxonomy":"product_cat","embeddable":true,"href":"https:\/\/mod.wisdar.net\/tr\/wp-json\/wp\/v2\/product_cat?post=120321"},{"taxonomy":"product_tag","embeddable":true,"href":"https:\/\/mod.wisdar.net\/tr\/wp-json\/wp\/v2\/product_tag?post=120321"}],"curies":[{"name":"wp","href":"https:\/\/api.w.org\/{rel}","templated":true}]}}