{"id":12076,"date":"2025-11-01T21:22:16","date_gmt":"2025-11-01T21:22:16","guid":{"rendered":"https:\/\/modesthanim.com\/product\/cepli-bol-paca-pantolon-ekru\/"},"modified":"2026-04-07T04:20:40","modified_gmt":"2026-04-07T04:20:40","slug":"cepli-bol-paca-pantolon-ekru","status":"publish","type":"product","link":"https:\/\/mod.wisdar.net\/tr\/urun\/cepli-bol-paca-pantolon-ekru\/","title":{"rendered":"Cepli Bol Pa\u00e7a Pantolon \u2013 Ekru"},"content":{"rendered":"<p>Geni\u015f pa\u00e7a kesimiyle rahat bir duru\u015f sunan bu pantolon, cepli tasar\u0131m\u0131yla da i\u015flevsellik kazand\u0131r\u0131r. G\u00fcnl\u00fck stilinize modern ve konforlu bir dokunu\u015f ekler. Teknik Detaylar: Desen: D\u00fcz, Bel Tipi: Normal Bel, Pa\u00e7a Tipi: Bol, Cep: 5 Cep, Astar: Astars\u0131z, \u00dcr\u00fcn Boyu: 102 cm, Kal\u0131p Tipi: Normal Kal\u0131p, Mankenin Giydi\u011fi Beden: 38, Manken \u00d6l\u00e7\u00fcleri: Boy: 176 cm, G\u00f6\u011f\u00fcs: 80 cm, Bel: 60 cm, Basen: 90 cm.<\/p>\n","protected":false},"excerpt":{"rendered":"<p>Geni\u015f pa\u00e7a kesimiyle rahat bir duru\u015f sunan bu pantolon, cepli tasar\u0131m\u0131yla da i\u015flevsellik kazand\u0131r\u0131r. G\u00fcnl\u00fck stilinize modern ve konforlu bir dokunu\u015f ekler. Teknik Detaylar: Desen: D\u00fcz, Bel Tipi: Normal Bel, Pa\u00e7a Tipi: Bol, Cep: 5 Cep, Astar: Astars\u0131z, \u00dcr\u00fcn Boyu: 102 cm, Kal\u0131p Tipi: Normal Kal\u0131p, Mankenin Giydi\u011fi Beden: 38, Manken \u00d6l\u00e7\u00fcleri: Boy: 176 cm, [&hellip;]<\/p>\n","protected":false},"featured_media":12035,"comment_status":"open","ping_status":"closed","template":"","meta":[],"product_brand":[],"product_cat":[1882],"product_tag":[],"class_list":{"0":"post-12076","1":"product","2":"type-product","3":"status-publish","4":"has-post-thumbnail","6":"product_cat-alt-giyim","7":"pa_brand-tugba","8":"pa_color-ekru","9":"pa_size-4701","10":"pa_size-4706","11":"pa_size-4711","12":"pa_size-4713","13":"pa_size-4751","14":"pa_size-4749","16":"first","17":"instock","18":"sale","19":"shipping-taxable","20":"purchasable","21":"product-type-variable"},"_links":{"self":[{"href":"https:\/\/mod.wisdar.net\/tr\/wp-json\/wp\/v2\/product\/12076","targetHints":{"allow":["GET"]}}],"collection":[{"href":"https:\/\/mod.wisdar.net\/tr\/wp-json\/wp\/v2\/product"}],"about":[{"href":"https:\/\/mod.wisdar.net\/tr\/wp-json\/wp\/v2\/types\/product"}],"replies":[{"embeddable":true,"href":"https:\/\/mod.wisdar.net\/tr\/wp-json\/wp\/v2\/comments?post=12076"}],"wp:featuredmedia":[{"embeddable":true,"href":"https:\/\/mod.wisdar.net\/tr\/wp-json\/wp\/v2\/media\/12035"}],"wp:attachment":[{"href":"https:\/\/mod.wisdar.net\/tr\/wp-json\/wp\/v2\/media?parent=12076"}],"wp:term":[{"taxonomy":"product_brand","embeddable":true,"href":"https:\/\/mod.wisdar.net\/tr\/wp-json\/wp\/v2\/product_brand?post=12076"},{"taxonomy":"product_cat","embeddable":true,"href":"https:\/\/mod.wisdar.net\/tr\/wp-json\/wp\/v2\/product_cat?post=12076"},{"taxonomy":"product_tag","embeddable":true,"href":"https:\/\/mod.wisdar.net\/tr\/wp-json\/wp\/v2\/product_tag?post=12076"}],"curies":[{"name":"wp","href":"https:\/\/api.w.org\/{rel}","templated":true}]}}