{"id":121331,"date":"2026-02-18T11:52:57","date_gmt":"2026-02-18T11:52:57","guid":{"rendered":"https:\/\/modesthanim.com\/product\/yenidogan-erkek-bebek-kapusonlu-sweatshirt-hirka-alt-3lu-takim-safari-desenli-bisiklet-yaka-recme-paca-uzun-kol-karisik-renkli\/"},"modified":"2026-04-02T21:29:31","modified_gmt":"2026-04-02T21:29:31","slug":"yenidogan-erkek-bebek-kapusonlu-sweatshirt-hirka-alt-3lu-takim-safari-desenli-bisiklet-yaka-recme-paca-uzun-kol-karisik-renkli","status":"publish","type":"product","link":"https:\/\/mod.wisdar.net\/tr\/urun\/yenidogan-erkek-bebek-kapusonlu-sweatshirt-hirka-alt-3lu-takim-safari-desenli-bisiklet-yaka-recme-paca-uzun-kol-karisik-renkli\/","title":{"rendered":"Yenido\u011fan Erkek Bebek Kap\u00fc\u015fonlu Sweatshirt-H\u0131rka-Alt 3l\u00fc Tak\u0131m Safari Desenli Bisiklet Yaka Re\u00e7me Pa\u00e7a Uzun Kol Kar\u0131\u015f\u0131k Renkli"},"content":{"rendered":"<p>Bebetto Yenido\u011fan Safari Swe, Mint, 9 Ay<\/p>\n<p>\u00dcr\u00fcn Grubu: Bebek Alt \u00dcst Tak\u0131m<br \/>\nSezon: \u0130lkbahar-Yaz<br \/>\nYaka Tipi: Bisiklet Yaka<br \/>\nKol Boyu: Uzun Kol<br \/>\nPa\u00e7a Tipi: Re\u00e7me<br \/>\nPa\u00e7a Boyu: Uzun<br \/>\nKullan\u0131m Tipi: G\u00fcnl\u00fck Kullan\u0131m<br \/>\nKal\u0131p: Normal Kal\u0131p<br \/>\nKuma\u015f: %100 Pamuk<br \/>\nYumu\u015fak kuma\u015f dokusu ve rahat kal\u0131ba sahiptir.<br \/>\n30 derecede y\u0131kanabilir.<\/p>\n<p>G\u00dcVENLE G\u0130YD\u0130R\u0130N! ebebek tekstil \u00fcr\u00fcnleri bebe\u011finizin g\u00fcvenli\u011fi i\u00e7in kimyasal i\u00e7eriklere kar\u015f\u0131 test edilmi\u015ftir. Bebe\u011finiz i\u00e7in risk olu\u015fturabilecek yutulabilir k\u00fc\u00e7\u00fck par\u00e7alar ve keskin kenarl\u0131 materyaller kullan\u0131lmamaktad\u0131r. Kullan\u0131m s\u0131ras\u0131nda tehlikeli olabilecek uzunlukta ba\u011fc\u0131k ve kordonlar kullan\u0131lmamaktad\u0131r.<\/p>\n<p>\u00dcr\u00fcn \u00d6zellikleri:<br \/>\nTema: Safari<br \/>\n\u00dcr\u00fcn Grubu: TKM-Sweatshirt-H\u0131rka-Patiksiz Alt<br \/>\nCinsiyet: E<br \/>\nYaka Tipi: Bisiklet Yaka<br \/>\nMen\u015fei: T\u00fcrkiye<\/p>\n<p>\u2014 Technical Details \u2014<br \/>\npattern: Yenido\u011fan Tak\u0131m<br \/>\ntheme: Safari<br \/>\nproduct_group: TKM-Sweatshirt-H\u0131rka-Patiksiz Alt<br \/>\ngender: E<br \/>\ncollar_type: Bisiklet Yaka<br \/>\norigin: T\u00fcrkiye<br \/>\nseason: \u0130lkbahar-Yaz<br \/>\nsleeve_length: Uzun Kol<br \/>\nleg_type: Re\u00e7me<br \/>\nleg_length: Uzun<br \/>\nusage_type: G\u00fcnl\u00fck Kullan\u0131m<br \/>\nfit: Normal Kal\u0131p<\/p>\n","protected":false},"excerpt":{"rendered":"<p>Bebetto Yenido\u011fan Safari Swe, Mint, 9 Ay \u00dcr\u00fcn Grubu: Bebek Alt \u00dcst Tak\u0131m Sezon: \u0130lkbahar-Yaz Yaka Tipi: Bisiklet Yaka Kol Boyu: Uzun Kol Pa\u00e7a Tipi: Re\u00e7me Pa\u00e7a Boyu: Uzun Kullan\u0131m Tipi: G\u00fcnl\u00fck Kullan\u0131m Kal\u0131p: Normal Kal\u0131p Kuma\u015f: %100 Pamuk Yumu\u015fak kuma\u015f dokusu ve rahat kal\u0131ba sahiptir. 30 derecede y\u0131kanabilir. G\u00dcVENLE G\u0130YD\u0130R\u0130N! ebebek tekstil \u00fcr\u00fcnleri bebe\u011finizin [&hellip;]<\/p>\n","protected":false},"featured_media":121316,"comment_status":"open","ping_status":"closed","template":"","meta":[],"product_brand":[],"product_cat":[8703,8694,8697],"product_tag":[7429,7488],"class_list":{"0":"post-121331","1":"product","2":"type-product","3":"status-publish","4":"has-post-thumbnail","6":"product_cat-bebek-setleri","7":"product_cat-cocuklar","8":"product_cat-yenidogan-0-12-ay","9":"product_tag-kapusonlu-sweatshirt","10":"product_tag-pamuk","11":"pa_brand-bebetto","12":"pa_color-antrasit-melanj","13":"pa_color-beyaz","14":"pa_color-ekru","15":"pa_color-gri","16":"pa_color-gul-kurusu","17":"pa_color-mint","18":"pa_size-1-yas","19":"pa_size-3-ay","20":"pa_size-6-ay","21":"pa_size-9-ay","22":"pa_size-yenidogan","24":"first","25":"outofstock","26":"shipping-taxable","27":"product-type-variable"},"_links":{"self":[{"href":"https:\/\/mod.wisdar.net\/tr\/wp-json\/wp\/v2\/product\/121331","targetHints":{"allow":["GET"]}}],"collection":[{"href":"https:\/\/mod.wisdar.net\/tr\/wp-json\/wp\/v2\/product"}],"about":[{"href":"https:\/\/mod.wisdar.net\/tr\/wp-json\/wp\/v2\/types\/product"}],"replies":[{"embeddable":true,"href":"https:\/\/mod.wisdar.net\/tr\/wp-json\/wp\/v2\/comments?post=121331"}],"wp:featuredmedia":[{"embeddable":true,"href":"https:\/\/mod.wisdar.net\/tr\/wp-json\/wp\/v2\/media\/121316"}],"wp:attachment":[{"href":"https:\/\/mod.wisdar.net\/tr\/wp-json\/wp\/v2\/media?parent=121331"}],"wp:term":[{"taxonomy":"product_brand","embeddable":true,"href":"https:\/\/mod.wisdar.net\/tr\/wp-json\/wp\/v2\/product_brand?post=121331"},{"taxonomy":"product_cat","embeddable":true,"href":"https:\/\/mod.wisdar.net\/tr\/wp-json\/wp\/v2\/product_cat?post=121331"},{"taxonomy":"product_tag","embeddable":true,"href":"https:\/\/mod.wisdar.net\/tr\/wp-json\/wp\/v2\/product_tag?post=121331"}],"curies":[{"name":"wp","href":"https:\/\/api.w.org\/{rel}","templated":true}]}}