{"id":12135,"date":"2025-11-01T21:23:24","date_gmt":"2025-11-01T21:23:24","guid":{"rendered":"https:\/\/modesthanim.com\/product\/pileli-denim-pantolon-indigo\/"},"modified":"2026-04-15T21:25:54","modified_gmt":"2026-04-15T21:25:54","slug":"pileli-denim-pantolon-indigo","status":"publish","type":"product","link":"https:\/\/mod.wisdar.net\/tr\/urun\/pileli-denim-pantolon-indigo\/","title":{"rendered":"Pileli Denim Pantolon \u2013 \u0130ndigo"},"content":{"rendered":"<p>\u00d6n k\u0131sm\u0131ndaki pile detaylar\u0131yla hacimli ve modern bir duru\u015f kazanan bu denim pantolon, rahat kesimiyle konfor sunar. G\u00fcnl\u00fck stilinize sade ama etkileyici bir dokunu\u015f katar.<\/p>\n<p>Kuma\u015f \u0130\u00e7eri\u011fi: %85 Pamuklu, %15 Polyester<br \/>\nDesen: D\u00fcz<br \/>\nBel Tipi: Normal Bel<br \/>\nPa\u00e7a Tipi: Bol<br \/>\nCep: Gizli Cep<br \/>\nAstar: Astars\u0131z<br \/>\n\u00dcr\u00fcn Boyu: 110 cm<br \/>\nKal\u0131p Tipi: Normal Kal\u0131p<br \/>\nMankenin Giydi\u011fi Beden: 38<br \/>\nManken \u00d6l\u00e7\u00fcleri: Boy: 176 cm G\u00f6\u011f\u00fcs: 86 cm Bel: 61 cm Basen: 90 cm<\/p>\n<p>\u2014 Technical Details \u2014<br \/>\nDesen: D\u00fcz<br \/>\nBel Tipi: Normal Bel<br \/>\nPa\u00e7a Tipi: Bol<br \/>\nCep: Gizli Cep<br \/>\nAstar: Astars\u0131z<br \/>\n\u00dcr\u00fcn Boyu: 110 cm<br \/>\nKal\u0131p Tipi: Normal Kal\u0131p<br \/>\nMankenin Giydi\u011fi Beden: 38<br \/>\nManken \u00d6l\u00e7\u00fcleri: Boy: 176 cm, G\u00f6\u011f\u00fcs: 86 cm, Bel: 61 cm, Basen: 90 cm<\/p>\n","protected":false},"excerpt":{"rendered":"<p>\u00d6n k\u0131sm\u0131ndaki pile detaylar\u0131yla hacimli ve modern bir duru\u015f kazanan bu denim pantolon, rahat kesimiyle konfor sunar. G\u00fcnl\u00fck stilinize sade ama etkileyici bir dokunu\u015f katar. Kuma\u015f \u0130\u00e7eri\u011fi: %85 Pamuklu, %15 Polyester Desen: D\u00fcz Bel Tipi: Normal Bel Pa\u00e7a Tipi: Bol Cep: Gizli Cep Astar: Astars\u0131z \u00dcr\u00fcn Boyu: 110 cm Kal\u0131p Tipi: Normal Kal\u0131p Mankenin Giydi\u011fi [&hellip;]<\/p>\n","protected":false},"featured_media":0,"comment_status":"open","ping_status":"closed","template":"","meta":[],"product_brand":[],"product_cat":[1882],"product_tag":[7844,7419,4998,6749,6747],"class_list":{"0":"post-12135","1":"product","2":"type-product","3":"status-publish","5":"product_cat-alt-giyim","6":"product_tag-denim","7":"product_tag-gunluk","8":"product_tag-indigo","9":"product_tag-pantolon","10":"product_tag-pile-detayli","11":"pa_brand-tugba","12":"pa_color-indigo","13":"pa_size-4701","14":"pa_size-4706","15":"pa_size-4711","16":"pa_size-4713","17":"pa_size-4751","19":"first","20":"instock","21":"sale","22":"shipping-taxable","23":"purchasable","24":"product-type-variable"},"_links":{"self":[{"href":"https:\/\/mod.wisdar.net\/tr\/wp-json\/wp\/v2\/product\/12135","targetHints":{"allow":["GET"]}}],"collection":[{"href":"https:\/\/mod.wisdar.net\/tr\/wp-json\/wp\/v2\/product"}],"about":[{"href":"https:\/\/mod.wisdar.net\/tr\/wp-json\/wp\/v2\/types\/product"}],"replies":[{"embeddable":true,"href":"https:\/\/mod.wisdar.net\/tr\/wp-json\/wp\/v2\/comments?post=12135"}],"wp:attachment":[{"href":"https:\/\/mod.wisdar.net\/tr\/wp-json\/wp\/v2\/media?parent=12135"}],"wp:term":[{"taxonomy":"product_brand","embeddable":true,"href":"https:\/\/mod.wisdar.net\/tr\/wp-json\/wp\/v2\/product_brand?post=12135"},{"taxonomy":"product_cat","embeddable":true,"href":"https:\/\/mod.wisdar.net\/tr\/wp-json\/wp\/v2\/product_cat?post=12135"},{"taxonomy":"product_tag","embeddable":true,"href":"https:\/\/mod.wisdar.net\/tr\/wp-json\/wp\/v2\/product_tag?post=12135"}],"curies":[{"name":"wp","href":"https:\/\/api.w.org\/{rel}","templated":true}]}}