{"id":121373,"date":"2026-02-18T11:54:04","date_gmt":"2026-02-18T11:54:04","guid":{"rendered":"https:\/\/modesthanim.com\/product\/bebetto-erkek-sort-salopet-tshirt-bagcikli-dino-bisiklet-yaka-kisa-paca-kisa-kol\/"},"modified":"2026-04-03T22:11:45","modified_gmt":"2026-04-03T22:11:45","slug":"bebetto-erkek-sort-salopet-tshirt-bagcikli-dino-bisiklet-yaka-kisa-paca-kisa-kol","status":"publish","type":"product","link":"https:\/\/mod.wisdar.net\/tr\/urun\/bebetto-erkek-sort-salopet-tshirt-bagcikli-dino-bisiklet-yaka-kisa-paca-kisa-kol\/","title":{"rendered":"Bebetto, Erkek, \u015eort Salopet-Tshirt, Ba\u011fc\u0131kl\u0131, Dino, Bisiklet Yaka, K\u0131sa Pa\u00e7a, K\u0131sa Kol"},"content":{"rendered":"<p>Bebetto Erkek Bebek Yenido\u011fan Dino \u015eort Salopet-Tshirt Pike Bisiklet Yaka K\u0131sa Kol Re\u00e7me Pa\u00e7a<\/p>\n<p>Bebetto&#8217;nun erkek bebekler i\u00e7in tasarlad\u0131\u011f\u0131 Dino temal\u0131 \u015fort tulum ve ti\u015f\u00f6rt tak\u0131m\u0131, bisiklet yaka, k\u0131sa kol ve rahat reglan pa\u00e7a detaylar\u0131yla hareket \u00f6zg\u00fcrl\u00fc\u011f\u00fc sunarken, %95 pamuk %5 elastan kar\u0131\u015f\u0131ml\u0131 esnek kuma\u015f\u0131 sayesinde konforu art\u0131r\u0131r. G\u00fcnl\u00fck kullan\u0131ma uygun bu model, yumu\u015fak dokusu ve normal kal\u0131b\u0131yla bebeklerin hassas cildine uyum sa\u011flar; 30 derecede y\u0131kanabilir. 1. aydan 12. aya kadar farkl\u0131 beden se\u00e7enekleri mevcuttur.<\/p>\n<p>Sitemizdeki t\u00fcm bebek salopetli tak\u0131mlara buradan ula\u015fabilirsiniz.<\/p>\n<p>Bebetto Erkek Bebek Yenido\u011fan Dino \u015eort Salopet-Tshirt Pike Bisiklet Yaka K\u0131sa Kol Re\u00e7me Pa\u00e7a \u00d6zellikler:<\/p>\n<p>\u00dcr\u00fcn Grubu: Bebek \u015eort Salopet Tshirt<br \/>\nYaka Tipi: Bisiklet Yaka<br \/>\nKol Tipi: K\u0131sa Kol<br \/>\nPa\u00e7a Tipi: Re\u00e7me<br \/>\nKullan\u0131m Tipi: G\u00fcnl\u00fck Kullan\u0131m<br \/>\nKal\u0131p: Normal Kal\u0131p<br \/>\nKuma\u015f: %95 Pamuk %5 Elastan<br \/>\nYumu\u015fak kuma\u015f dokusu ve rahat kal\u0131ba sahiptir.<br \/>\n30 derecede y\u0131kanabilir.<\/p>\n<p>\u2014 Technical Details \u2014<br \/>\nTema: Dino<br \/>\n\u00dcr\u00fcn Grubu: SLP-\u015eort Salopet-Tshirt<br \/>\nCinsiyet: E<br \/>\nTak\u0131m \/ Tekil: Tak\u0131m<br \/>\nTak\u0131m \u0130\u00e7eri\u011fi: Salopet, Tshirt<br \/>\nFit: Standart<br \/>\nMalzeme T\u00fcr\u00fc: Dokuma<br \/>\nBa\u011flama Tipi: Ba\u011fc\u0131kl\u0131<br \/>\nYaka Tipi: Bisiklet Yaka<br \/>\nMen\u015fei: T\u00fcrkiye<br \/>\nGrafik Detay: Bask\u0131<\/p>\n","protected":false},"excerpt":{"rendered":"<p>Bebetto Erkek Bebek Yenido\u011fan Dino \u015eort Salopet-Tshirt Pike Bisiklet Yaka K\u0131sa Kol Re\u00e7me Pa\u00e7a Bebetto&#8217;nun erkek bebekler i\u00e7in tasarlad\u0131\u011f\u0131 Dino temal\u0131 \u015fort tulum ve ti\u015f\u00f6rt tak\u0131m\u0131, bisiklet yaka, k\u0131sa kol ve rahat reglan pa\u00e7a detaylar\u0131yla hareket \u00f6zg\u00fcrl\u00fc\u011f\u00fc sunarken, %95 pamuk %5 elastan kar\u0131\u015f\u0131ml\u0131 esnek kuma\u015f\u0131 sayesinde konforu art\u0131r\u0131r. G\u00fcnl\u00fck kullan\u0131ma uygun bu model, yumu\u015fak dokusu [&hellip;]<\/p>\n","protected":false},"featured_media":121365,"comment_status":"open","ping_status":"closed","template":"","meta":[],"product_brand":[],"product_cat":[8703,8694,8697],"product_tag":[8023,7354],"class_list":{"0":"post-121373","1":"product","2":"type-product","3":"status-publish","4":"has-post-thumbnail","6":"product_cat-bebek-setleri","7":"product_cat-cocuklar","8":"product_cat-yenidogan-0-12-ay","9":"product_tag-bisiklet-yaka","10":"product_tag-gunluk-giyim-2","11":"pa_brand-bebetto","12":"pa_color-bej","13":"pa_size-1-3-ay","14":"pa_size-3-6-ay","15":"pa_size-6-9-ay","16":"pa_size-9-12-ay-2","18":"first","19":"instock","20":"sale","21":"shipping-taxable","22":"purchasable","23":"product-type-variable"},"_links":{"self":[{"href":"https:\/\/mod.wisdar.net\/tr\/wp-json\/wp\/v2\/product\/121373","targetHints":{"allow":["GET"]}}],"collection":[{"href":"https:\/\/mod.wisdar.net\/tr\/wp-json\/wp\/v2\/product"}],"about":[{"href":"https:\/\/mod.wisdar.net\/tr\/wp-json\/wp\/v2\/types\/product"}],"replies":[{"embeddable":true,"href":"https:\/\/mod.wisdar.net\/tr\/wp-json\/wp\/v2\/comments?post=121373"}],"wp:featuredmedia":[{"embeddable":true,"href":"https:\/\/mod.wisdar.net\/tr\/wp-json\/wp\/v2\/media\/121365"}],"wp:attachment":[{"href":"https:\/\/mod.wisdar.net\/tr\/wp-json\/wp\/v2\/media?parent=121373"}],"wp:term":[{"taxonomy":"product_brand","embeddable":true,"href":"https:\/\/mod.wisdar.net\/tr\/wp-json\/wp\/v2\/product_brand?post=121373"},{"taxonomy":"product_cat","embeddable":true,"href":"https:\/\/mod.wisdar.net\/tr\/wp-json\/wp\/v2\/product_cat?post=121373"},{"taxonomy":"product_tag","embeddable":true,"href":"https:\/\/mod.wisdar.net\/tr\/wp-json\/wp\/v2\/product_tag?post=121373"}],"curies":[{"name":"wp","href":"https:\/\/api.w.org\/{rel}","templated":true}]}}