{"id":121418,"date":"2026-02-18T11:54:59","date_gmt":"2026-02-18T11:54:59","guid":{"rendered":"https:\/\/modesthanim.com\/product\/bebbek-kiz-bebek-zibin-sapka-patikli-alt-peter-pan-collar\/"},"modified":"2026-04-10T16:15:39","modified_gmt":"2026-04-10T16:15:39","slug":"bebbek-kiz-bebek-zibin-sapka-patikli-alt-peter-pan-collar","status":"publish","type":"product","link":"https:\/\/mod.wisdar.net\/tr\/urun\/bebbek-kiz-bebek-zibin-sapka-patikli-alt-peter-pan-collar\/","title":{"rendered":"Bebbek K\u0131z Bebek Z\u0131b\u0131n-\u015eapka-Patikli Alt Peter Pan Collar"},"content":{"rendered":"<p>\u00dcr\u00fcn Grubu: Yenido\u011fan Z\u0131b\u0131n<br \/>\nYaka Tipi: Bebe Yaka<br \/>\nKol Tipi: Uzun Kol<br \/>\nPa\u00e7a Tipi: Patikli<br \/>\nKullan\u0131m Tipi: G\u00fcnl\u00fck Kullan\u0131m<br \/>\nKuma\u015f: Alt-\u00dcst: %100 Pamuk<br \/>\nKal\u0131p: Normal Kal\u0131p<br \/>\nYumu\u015fak kuma\u015f dokusu ve rahat kal\u0131ba sahiptir.<br \/>\n30 derecede y\u0131kanabilir.<br \/>\nG\u00dcVENLE G\u0130YD\u0130R\u0130N! ebebek tekstil \u00fcr\u00fcnleri bebe\u011finizin g\u00fcvenli\u011fi i\u00e7in kimyasal i\u00e7eriklere kar\u015f\u0131 test edilmi\u015ftir. Bebe\u011finiz i\u00e7in risk olu\u015fturabilecek yutulabilir k\u00fc\u00e7\u00fck par\u00e7alar ve keskin kenarl\u0131 materyaller kullan\u0131lmamaktad\u0131r. Kullan\u0131m s\u0131ras\u0131nda tehlikeli olabilecek uzunlukta ba\u011fc\u0131k ve kordonlar kullan\u0131lmamaktad\u0131r.<\/p>\n<p>\u2014 Technical Details \u2014<br \/>\n\u00dcr\u00fcn Grubu: SET-Z\u0131b\u0131n-\u015eapka-Patikli Alt<br \/>\nCinsiyet: K<br \/>\nTak\u0131m \/ Tekil: Set<br \/>\nFit: Standart<br \/>\nMalzeme T\u00fcr\u00fc: \u00d6rme<br \/>\nYaka Tipi: Bebe Yaka<\/p>\n","protected":false},"excerpt":{"rendered":"<p>\u00dcr\u00fcn Grubu: Yenido\u011fan Z\u0131b\u0131n Yaka Tipi: Bebe Yaka Kol Tipi: Uzun Kol Pa\u00e7a Tipi: Patikli Kullan\u0131m Tipi: G\u00fcnl\u00fck Kullan\u0131m Kuma\u015f: Alt-\u00dcst: %100 Pamuk Kal\u0131p: Normal Kal\u0131p Yumu\u015fak kuma\u015f dokusu ve rahat kal\u0131ba sahiptir. 30 derecede y\u0131kanabilir. G\u00dcVENLE G\u0130YD\u0130R\u0130N! ebebek tekstil \u00fcr\u00fcnleri bebe\u011finizin g\u00fcvenli\u011fi i\u00e7in kimyasal i\u00e7eriklere kar\u015f\u0131 test edilmi\u015ftir. Bebe\u011finiz i\u00e7in risk olu\u015fturabilecek yutulabilir k\u00fc\u00e7\u00fck [&hellip;]<\/p>\n","protected":false},"featured_media":121405,"comment_status":"open","ping_status":"closed","template":"","meta":[],"product_brand":[],"product_cat":[8703,8694,8697],"product_tag":[8924,9766,8960,9764,9767,8867,8836,9765],"class_list":{"0":"post-121418","1":"product","2":"type-product","3":"status-publish","4":"has-post-thumbnail","6":"product_cat-bebek-setleri","7":"product_cat-cocuklar","8":"product_cat-yenidogan-0-12-ay","9":"product_tag-baby-bodysuit","10":"product_tag-baby-set","11":"product_tag-cotton-babywear","12":"product_tag-girl-fashion","13":"product_tag-hat-and-booties","14":"product_tag-newborn-clothing","15":"product_tag-newborn-essentials","16":"product_tag-peter-pan-collar","17":"pa_brand-bebbek","18":"pa_color-acik-pembe","19":"pa_size-3-ay","20":"pa_size-6-ay","21":"pa_size-yenidogan","23":"first","24":"outofstock","25":"shipping-taxable","26":"product-type-variable"},"_links":{"self":[{"href":"https:\/\/mod.wisdar.net\/tr\/wp-json\/wp\/v2\/product\/121418","targetHints":{"allow":["GET"]}}],"collection":[{"href":"https:\/\/mod.wisdar.net\/tr\/wp-json\/wp\/v2\/product"}],"about":[{"href":"https:\/\/mod.wisdar.net\/tr\/wp-json\/wp\/v2\/types\/product"}],"replies":[{"embeddable":true,"href":"https:\/\/mod.wisdar.net\/tr\/wp-json\/wp\/v2\/comments?post=121418"}],"wp:featuredmedia":[{"embeddable":true,"href":"https:\/\/mod.wisdar.net\/tr\/wp-json\/wp\/v2\/media\/121405"}],"wp:attachment":[{"href":"https:\/\/mod.wisdar.net\/tr\/wp-json\/wp\/v2\/media?parent=121418"}],"wp:term":[{"taxonomy":"product_brand","embeddable":true,"href":"https:\/\/mod.wisdar.net\/tr\/wp-json\/wp\/v2\/product_brand?post=121418"},{"taxonomy":"product_cat","embeddable":true,"href":"https:\/\/mod.wisdar.net\/tr\/wp-json\/wp\/v2\/product_cat?post=121418"},{"taxonomy":"product_tag","embeddable":true,"href":"https:\/\/mod.wisdar.net\/tr\/wp-json\/wp\/v2\/product_tag?post=121418"}],"curies":[{"name":"wp","href":"https:\/\/api.w.org\/{rel}","templated":true}]}}