{"id":121450,"date":"2026-02-18T11:55:25","date_gmt":"2026-02-18T11:55:25","guid":{"rendered":"https:\/\/modesthanim.com\/product\/midimod-unisex-sweatshirt-patiksiz-alt-hayvan-baskili-citcitli-bisiklet-yaka-uzun-paca-uzun-kol\/"},"modified":"2026-04-10T16:06:33","modified_gmt":"2026-04-10T16:06:33","slug":"midimod-unisex-sweatshirt-patiksiz-alt-hayvan-baskili-citcitli-bisiklet-yaka-uzun-paca-uzun-kol","status":"publish","type":"product","link":"https:\/\/mod.wisdar.net\/tr\/urun\/midimod-unisex-sweatshirt-patiksiz-alt-hayvan-baskili-citcitli-bisiklet-yaka-uzun-paca-uzun-kol\/","title":{"rendered":"Midimod Unisex Sweatshirt-Patiksiz Alt Hayvan Bask\u0131l\u0131 \u00c7\u0131t\u00e7\u0131tl\u0131 Bisiklet Yaka Uzun Pa\u00e7a Uzun Kol"},"content":{"rendered":"<p>Midimod Yenido\u011fan Sweatshirt-Patiksiz Alt \u00c7\u0131t\u00e7\u0131tl\u0131 Bisiklet Yaka Uzun Kol<\/p>\n<p>Bu tak\u0131m\u0131n \u00fcst k\u0131sm\u0131, pelu\u015f yap\u0131s\u0131yla s\u0131cak tutarken, alt k\u0131sm\u0131 rahat hareket edebilmesi i\u00e7in esnek bir yap\u0131ya sahiptir. %100 polyester kuma\u015f\u0131, bebe\u011finizin cildine uyum sa\u011flar ve rahatl\u0131kla giyilip \u00e7\u0131kar\u0131labilir. \u00dcr\u00fcn, rahat kullan\u0131m i\u00e7in lastikli bel k\u0131sm\u0131 ve kol u\u00e7lar\u0131 ile tasarlanm\u0131\u015ft\u0131r.<\/p>\n<p>Sitemizdeki t\u00fcm bebek sweatshirt-patiksiz alt buradan ula\u015fabilirsiniz.<\/p>\n<p>Midimod Yenido\u011fan Sweatshirt-Patiksiz Alt \u00c7\u0131t\u00e7\u0131tl\u0131 Bisiklet Yaka Uzun Kol \u00d6zellikler:<\/p>\n<p>\u2013 \u00dcr\u00fcn Grubu: Bebek E\u015fofman Tak\u0131m<br \/>\n\u2013 Yaka Tipi: Bisiklet Yaka<br \/>\n\u2013 Kol Tipi: Uzun Kol<br \/>\n\u2013 Pa\u00e7a Tipi: Patiksiz<br \/>\n\u2013 Kullan\u0131m Tipi: G\u00fcnl\u00fck Kullan\u0131m<br \/>\n\u2013 Kal\u0131p: Normal Kal\u0131p<br \/>\n\u2013 Kuma\u015f: %100 Polyester<br \/>\n\u2013 Yumu\u015fak kuma\u015f dokusu ve rahat kal\u0131ba sahiptir.<br \/>\n\u2013 30 derecede y\u0131kanabilir.<\/p>\n<p>G\u00dcVENLE G\u0130YD\u0130R\u0130N! ebebek tekstil \u00fcr\u00fcnleri bebe\u011finizin g\u00fcvenli\u011fi i\u00e7in kimyasal i\u00e7eriklere kar\u015f\u0131 test edilmi\u015ftir. Bebe\u011finiz i\u00e7in risk olu\u015fturabilecek yutulabilir k\u00fc\u00e7\u00fck par\u00e7alar ve keskin kenarl\u0131 materyaller kullan\u0131lmamaktad\u0131r. Kullan\u0131m s\u0131ras\u0131nda tehlikeli olabilecek uzunlukta ba\u011fc\u0131k ve kordonlar kullan\u0131lmamaktad\u0131r.<\/p>\n<p>\u2014 Technical Details \u2014<br \/>\npattern: Yenido\u011fan Tak\u0131m<br \/>\ngender: U<br \/>\nset_type: Tak\u0131m<br \/>\nset_content: Sweatshirt, Patiksiz Alt<br \/>\nfit: Standart<br \/>\nmaterial_type: \u00d6rme<br \/>\nlining: Astar<br \/>\nfastening_type: \u00c7\u0131t\u00e7\u0131tl\u0131<br \/>\nneck_type: Bisiklet Yaka<br \/>\ngraphic_theme: Hayvan Bask\u0131l\u0131<br \/>\norigin: T\u00fcrkiye<br \/>\ngraphic_detail: Nak\u0131\u015f<\/p>\n","protected":false},"excerpt":{"rendered":"<p>Midimod Yenido\u011fan Sweatshirt-Patiksiz Alt \u00c7\u0131t\u00e7\u0131tl\u0131 Bisiklet Yaka Uzun Kol Bu tak\u0131m\u0131n \u00fcst k\u0131sm\u0131, pelu\u015f yap\u0131s\u0131yla s\u0131cak tutarken, alt k\u0131sm\u0131 rahat hareket edebilmesi i\u00e7in esnek bir yap\u0131ya sahiptir. %100 polyester kuma\u015f\u0131, bebe\u011finizin cildine uyum sa\u011flar ve rahatl\u0131kla giyilip \u00e7\u0131kar\u0131labilir. \u00dcr\u00fcn, rahat kullan\u0131m i\u00e7in lastikli bel k\u0131sm\u0131 ve kol u\u00e7lar\u0131 ile tasarlanm\u0131\u015ft\u0131r. Sitemizdeki t\u00fcm bebek sweatshirt-patiksiz alt [&hellip;]<\/p>\n","protected":false},"featured_media":121443,"comment_status":"open","ping_status":"closed","template":"","meta":[],"product_brand":[],"product_cat":[8703,8694,8697],"product_tag":[7244,7021,7422],"class_list":{"0":"post-121450","1":"product","2":"type-product","3":"status-publish","4":"has-post-thumbnail","6":"product_cat-bebek-setleri","7":"product_cat-cocuklar","8":"product_cat-yenidogan-0-12-ay","9":"product_tag-citcit-kapama","10":"product_tag-polyester","11":"product_tag-sweatshirt","12":"pa_brand-midimod","13":"pa_color-bej","14":"pa_size-1-yas","15":"pa_size-3-ay","16":"pa_size-6-ay","17":"pa_size-9-ay","19":"first","20":"outofstock","21":"shipping-taxable","22":"product-type-variable"},"_links":{"self":[{"href":"https:\/\/mod.wisdar.net\/tr\/wp-json\/wp\/v2\/product\/121450","targetHints":{"allow":["GET"]}}],"collection":[{"href":"https:\/\/mod.wisdar.net\/tr\/wp-json\/wp\/v2\/product"}],"about":[{"href":"https:\/\/mod.wisdar.net\/tr\/wp-json\/wp\/v2\/types\/product"}],"replies":[{"embeddable":true,"href":"https:\/\/mod.wisdar.net\/tr\/wp-json\/wp\/v2\/comments?post=121450"}],"wp:featuredmedia":[{"embeddable":true,"href":"https:\/\/mod.wisdar.net\/tr\/wp-json\/wp\/v2\/media\/121443"}],"wp:attachment":[{"href":"https:\/\/mod.wisdar.net\/tr\/wp-json\/wp\/v2\/media?parent=121450"}],"wp:term":[{"taxonomy":"product_brand","embeddable":true,"href":"https:\/\/mod.wisdar.net\/tr\/wp-json\/wp\/v2\/product_brand?post=121450"},{"taxonomy":"product_cat","embeddable":true,"href":"https:\/\/mod.wisdar.net\/tr\/wp-json\/wp\/v2\/product_cat?post=121450"},{"taxonomy":"product_tag","embeddable":true,"href":"https:\/\/mod.wisdar.net\/tr\/wp-json\/wp\/v2\/product_tag?post=121450"}],"curies":[{"name":"wp","href":"https:\/\/api.w.org\/{rel}","templated":true}]}}