{"id":12162,"date":"2025-11-07T20:16:06","date_gmt":"2025-11-01T21:23:59","guid":{"rendered":"https:\/\/modesthanim.com\/product\/pileli-pantolon-gri\/"},"modified":"2026-03-31T04:11:33","modified_gmt":"2026-03-31T04:11:33","slug":"pileli-pantolon-gri","status":"publish","type":"product","link":"https:\/\/mod.wisdar.net\/tr\/urun\/pileli-pantolon-gri\/","title":{"rendered":"Pileli Pantolon \u2013 Gri"},"content":{"rendered":"<p>\u00d6n k\u0131sm\u0131ndaki pile detaylar\u0131 ile \u015f\u0131kl\u0131\u011f\u0131n\u0131 art\u0131ran bu pantolon, klasik ve modern \u00e7izgileri bir arada sunmaktad\u0131r. Rahat kesimi ile g\u00fcn boyu konfor sa\u011flar ve zarif duru\u015fu ile her stile uyum sa\u011flar.<\/p>\n<p>Kuma\u015f \u0130\u00e7eri\u011fi: %88 Modal, %12 Polyester<br \/>\nDesen: D\u00fcz<br \/>\nBel Tipi: Normal Bel<br \/>\nPa\u00e7a Tipi: Bol Pa\u00e7a<br \/>\nCep: Yan Cep<br \/>\nAstar: Astars\u0131z<br \/>\n\u00dcr\u00fcn Boyu: 112 cm<br \/>\nKal\u0131p Tipi: Normal Kal\u0131p<br \/>\nMankenin Giydi\u011fi Beden: 38<br \/>\nManken \u00d6l\u00e7\u00fcleri: Boy: 176 cm, G\u00f6\u011f\u00fcs: 80 cm, Bel: 60 cm, Basen: 90 cm<\/p>\n","protected":false},"excerpt":{"rendered":"<p>\u00d6n k\u0131sm\u0131ndaki pile detaylar\u0131 ile \u015f\u0131kl\u0131\u011f\u0131n\u0131 art\u0131ran bu pantolon, klasik ve modern \u00e7izgileri bir arada sunmaktad\u0131r. Rahat kesimi ile g\u00fcn boyu konfor sa\u011flar ve zarif duru\u015fu ile her stile uyum sa\u011flar. Kuma\u015f \u0130\u00e7eri\u011fi: %88 Modal, %12 Polyester Desen: D\u00fcz Bel Tipi: Normal Bel Pa\u00e7a Tipi: Bol Pa\u00e7a Cep: Yan Cep Astar: Astars\u0131z \u00dcr\u00fcn Boyu: 112 [&hellip;]<\/p>\n","protected":false},"featured_media":12128,"comment_status":"open","ping_status":"closed","template":"","meta":[],"product_brand":[],"product_cat":[1882],"product_tag":[],"class_list":{"0":"post-12162","1":"product","2":"type-product","3":"status-publish","4":"has-post-thumbnail","6":"product_cat-alt-giyim","7":"pa_brand-tugba","8":"pa_color-gri","9":"pa_size-4701","10":"pa_size-4706","11":"pa_size-4711","12":"pa_size-4713","13":"pa_size-4751","15":"first","16":"instock","17":"sale","18":"shipping-taxable","19":"purchasable","20":"product-type-variable"},"_links":{"self":[{"href":"https:\/\/mod.wisdar.net\/tr\/wp-json\/wp\/v2\/product\/12162","targetHints":{"allow":["GET"]}}],"collection":[{"href":"https:\/\/mod.wisdar.net\/tr\/wp-json\/wp\/v2\/product"}],"about":[{"href":"https:\/\/mod.wisdar.net\/tr\/wp-json\/wp\/v2\/types\/product"}],"replies":[{"embeddable":true,"href":"https:\/\/mod.wisdar.net\/tr\/wp-json\/wp\/v2\/comments?post=12162"}],"wp:featuredmedia":[{"embeddable":true,"href":"https:\/\/mod.wisdar.net\/tr\/wp-json\/wp\/v2\/media\/12128"}],"wp:attachment":[{"href":"https:\/\/mod.wisdar.net\/tr\/wp-json\/wp\/v2\/media?parent=12162"}],"wp:term":[{"taxonomy":"product_brand","embeddable":true,"href":"https:\/\/mod.wisdar.net\/tr\/wp-json\/wp\/v2\/product_brand?post=12162"},{"taxonomy":"product_cat","embeddable":true,"href":"https:\/\/mod.wisdar.net\/tr\/wp-json\/wp\/v2\/product_cat?post=12162"},{"taxonomy":"product_tag","embeddable":true,"href":"https:\/\/mod.wisdar.net\/tr\/wp-json\/wp\/v2\/product_tag?post=12162"}],"curies":[{"name":"wp","href":"https:\/\/api.w.org\/{rel}","templated":true}]}}