{"id":121709,"date":"2026-02-18T13:15:42","date_gmt":"2026-02-18T13:15:42","guid":{"rendered":"https:\/\/modesthanim.com\/product\/siyah-dik-yaka-puantiyeli-kusakli-a-kesim-elbise\/"},"modified":"2026-04-10T22:31:15","modified_gmt":"2026-04-10T22:31:15","slug":"siyah-dik-yaka-puantiyeli-kusakli-a-kesim-elbise","status":"publish","type":"product","link":"https:\/\/mod.wisdar.net\/tr\/urun\/siyah-dik-yaka-puantiyeli-kusakli-a-kesim-elbise\/","title":{"rendered":"Siyah Dik Yaka Puantiyeli Ku\u015fakl\u0131 A Kesim Elbise"},"content":{"rendered":"<p>LCW Modest Siyah Dik Yaka Puantiyeli Ku\u015fakl\u0131 A Kesim Elbise size \u00f6zel indirim, taksit ve kap\u0131da \u00f6deme avantajlar\u0131yla LCW&#8217;de! Hemen online al\u0131\u015fveri\u015f yap, \u00fcr\u00fcn kap\u0131na gelsin! \u2013 S6K373Z8-LQJ<\/p>\n<p>\u2014 Technical Details \u2014<br \/>\nMen\u015fei: Turk\u0131ye<br \/>\nSat\u0131c\u0131: LC Waikiki<br \/>\nMarka: LCW Modest<br \/>\n\u00dcr\u00fcn Tipi: Elbise<br \/>\nCinsiyet: Kad\u0131n<br \/>\nKal\u0131p: Standart &amp; Regular<br \/>\nSiluet: A Kesim<br \/>\nAstar Detay: Astarl\u0131<br \/>\nUzunluk: Uzun<br \/>\n\u00dcr\u00fcn Aksesuar\u0131: Ku\u015fak<br \/>\nYaka: Dik Yaka<br \/>\nKol Boyu: Uzun Kollu<br \/>\nKoleksiyon: Tesett\u00fcr Giyim<br \/>\nDesen: D\u00fcz<br \/>\nPar\u00e7a Say\u0131s\u0131: 2 Par\u00e7a<br \/>\nV\u00fccut Tipi: B\u00fcy\u00fck Beden<br \/>\nEk \u00d6zellik: Fermuarl\u0131<\/p>\n","protected":false},"excerpt":{"rendered":"<p>LCW Modest Siyah Dik Yaka Puantiyeli Ku\u015fakl\u0131 A Kesim Elbise size \u00f6zel indirim, taksit ve kap\u0131da \u00f6deme avantajlar\u0131yla LCW&#8217;de! Hemen online al\u0131\u015fveri\u015f yap, \u00fcr\u00fcn kap\u0131na gelsin! \u2013 S6K373Z8-LQJ \u2014 Technical Details \u2014 Men\u015fei: Turk\u0131ye Sat\u0131c\u0131: LC Waikiki Marka: LCW Modest \u00dcr\u00fcn Tipi: Elbise Cinsiyet: Kad\u0131n Kal\u0131p: Standart &amp; Regular Siluet: A Kesim Astar Detay: Astarl\u0131 [&hellip;]<\/p>\n","protected":false},"featured_media":121698,"comment_status":"open","ping_status":"closed","template":"","meta":[],"product_brand":[],"product_cat":[6249,1933],"product_tag":[7350,7563,8299,6937,7803,6768],"class_list":{"0":"post-121709","1":"product","2":"type-product","3":"status-publish","4":"has-post-thumbnail","6":"product_cat-elbiseler","7":"product_cat-gunluk-ve-gunduz-elbiseleri","8":"product_tag-balikci-yaka","9":"product_tag-buyuk-beden","10":"product_tag-kemerli-elbise","11":"product_tag-siyah-elbise","12":"product_tag-tesettur-giyim","13":"product_tag-uzun-kol","14":"pa_brand-lcw-modest","15":"pa_color-siyah","16":"pa_size-4701","17":"pa_size-4706","18":"pa_size-4711","19":"pa_size-4713","20":"pa_size-4751","21":"pa_size-4749","23":"first","24":"instock","25":"sale","26":"shipping-taxable","27":"purchasable","28":"product-type-variable"},"_links":{"self":[{"href":"https:\/\/mod.wisdar.net\/tr\/wp-json\/wp\/v2\/product\/121709","targetHints":{"allow":["GET"]}}],"collection":[{"href":"https:\/\/mod.wisdar.net\/tr\/wp-json\/wp\/v2\/product"}],"about":[{"href":"https:\/\/mod.wisdar.net\/tr\/wp-json\/wp\/v2\/types\/product"}],"replies":[{"embeddable":true,"href":"https:\/\/mod.wisdar.net\/tr\/wp-json\/wp\/v2\/comments?post=121709"}],"wp:featuredmedia":[{"embeddable":true,"href":"https:\/\/mod.wisdar.net\/tr\/wp-json\/wp\/v2\/media\/121698"}],"wp:attachment":[{"href":"https:\/\/mod.wisdar.net\/tr\/wp-json\/wp\/v2\/media?parent=121709"}],"wp:term":[{"taxonomy":"product_brand","embeddable":true,"href":"https:\/\/mod.wisdar.net\/tr\/wp-json\/wp\/v2\/product_brand?post=121709"},{"taxonomy":"product_cat","embeddable":true,"href":"https:\/\/mod.wisdar.net\/tr\/wp-json\/wp\/v2\/product_cat?post=121709"},{"taxonomy":"product_tag","embeddable":true,"href":"https:\/\/mod.wisdar.net\/tr\/wp-json\/wp\/v2\/product_tag?post=121709"}],"curies":[{"name":"wp","href":"https:\/\/api.w.org\/{rel}","templated":true}]}}