{"id":121742,"date":"2026-02-18T13:15:53","date_gmt":"2026-02-18T13:15:53","guid":{"rendered":"https:\/\/modesthanim.com\/product\/uzun-kase-kaban-kruvaze-uzun-kollu-dugmeli-cepli\/"},"modified":"2026-04-10T22:32:19","modified_gmt":"2026-04-10T22:32:19","slug":"uzun-kase-kaban-kruvaze-uzun-kollu-dugmeli-cepli","status":"publish","type":"product","link":"https:\/\/mod.wisdar.net\/tr\/urun\/uzun-kase-kaban-kruvaze-uzun-kollu-dugmeli-cepli\/","title":{"rendered":"Uzun Ka\u015fe Kaban Kruvaze Uzun Kollu D\u00fc\u011fmeli Cepli"},"content":{"rendered":"<p>Uzun ka\u015fe kaban, \u015f\u0131kl\u0131\u011f\u0131 ve i\u015flevselli\u011fi bir arada sunuyor. Uzun boyu ve kruvaze kesimi ile hem klasik hem de modern bir g\u00f6r\u00fcn\u00fcm elde etmenizi sa\u011fl\u0131yor. \u00c7ift cep detay\u0131 pratik kullan\u0131m sunarken d\u00fc\u011fme kapamas\u0131 stilinize zarif bir dokunu\u015f kat\u0131yor. Ka\u015fe kuma\u015f\u0131 ile be\u011fenilen kaban, konfor ve dayan\u0131kl\u0131l\u0131k sunuyor. Uzun kollu tasar\u0131m\u0131 ile so\u011fuk havalara kar\u015f\u0131 ideal bir se\u00e7enek sunarken astar\u0131 sayesinde ekstra rahatl\u0131k sa\u011fl\u0131yor. Ka\u015fe kaban hem ofis hem de g\u00fcnl\u00fck kombinler i\u00e7in m\u00fckemmel bir tercih oluyor.<\/p>\n<p>Stil \u00d6nerisi<br \/>\nKa\u015fe kaban, klasik ve zarif bir kombin i\u00e7in harika bir ba\u015flang\u0131\u00e7 noktas\u0131 sunuyor. \u0130yi oturan bir g\u00f6mlek ve dar kesim bir kuma\u015f pantolon ile ofis stilinizi tamamlayabilirsiniz. Ak\u015fam etkinlikleri i\u00e7in kaban\u0131 pastel tonlarda bir bluz ve topuklu ayakkab\u0131larla kombinleyerek \u015f\u0131k ve modern bir tarz yaratabilir, minimalist aksesuarlarla \u015f\u0131kl\u0131\u011f\u0131n\u0131z\u0131 peki\u015ftirebilirsiniz.<\/p>\n<p>\u00dcr\u00fcn \u00d6zellikleri<br \/>\nKol Tipi: Uzun Kol<br \/>\nFit: Regular Fit<br \/>\nDetay: D\u00fc\u011fmeli, Cep Detayl\u0131<br \/>\nKullan\u0131m Alan\u0131: G\u00fcnl\u00fck Giyim, Ofis Giyim, \u00d6zel G\u00fcnler<\/p>\n<p>Koton&#8217;un \u015f\u0131k kaban tasar\u0131m\u0131 ile her kombini bir \u00fcst seviyeye ta\u015f\u0131y\u0131n. \u0130ster ofis kombinlerinde ister g\u00fcnl\u00fck stilinizi Koton tasar\u0131mlar\u0131yla yans\u0131t\u0131n!<\/p>\n<p>Respect Life \u2013 Ya\u015fama Sayg\u0131 | Bu \u00fcr\u00fcn geri d\u00f6n\u00fc\u015ft\u00fcr\u00fclm\u00fc\u015f iplikten \u00fcretilmi\u015ftir. Koton&#8217;un insana ve topluma de\u011fer katma, gelecek nesillere daha ya\u015fan\u0131labilir bir d\u00fcnya b\u0131rakma duyarl\u0131l\u0131\u011f\u0131yla haz\u0131rlad\u0131\u011f\u0131 koleksiyonu ke\u015ffedin.<\/p>\n<p>\u2014 Technical Details \u2014<br \/>\nKuma\u015f: %93 POL\u0130ESTER, %7 V\u0130SKOZ<br \/>\nKol Boyu: Uzun Kol<br \/>\nKol Tipi: D\u00fc\u015f\u00fck Omuz<br \/>\nYaka Tipi: Kruvaze yaka<br \/>\nAstar: %100 POL\u0130ESTER<br \/>\nSil\u00fcet: Kruvaze<br \/>\n\u00dcr\u00fcn Tipi \/ Stil: Kruvaze<br \/>\n\u00dcr\u00fcn\u00fcn Alt Markas\u0131: City fashion<\/p>\n","protected":false},"excerpt":{"rendered":"<p>Uzun ka\u015fe kaban, \u015f\u0131kl\u0131\u011f\u0131 ve i\u015flevselli\u011fi bir arada sunuyor. Uzun boyu ve kruvaze kesimi ile hem klasik hem de modern bir g\u00f6r\u00fcn\u00fcm elde etmenizi sa\u011fl\u0131yor. \u00c7ift cep detay\u0131 pratik kullan\u0131m sunarken d\u00fc\u011fme kapamas\u0131 stilinize zarif bir dokunu\u015f kat\u0131yor. Ka\u015fe kuma\u015f\u0131 ile be\u011fenilen kaban, konfor ve dayan\u0131kl\u0131l\u0131k sunuyor. Uzun kollu tasar\u0131m\u0131 ile so\u011fuk havalara kar\u015f\u0131 ideal [&hellip;]<\/p>\n","protected":false},"featured_media":121737,"comment_status":"open","ping_status":"closed","template":"","meta":[],"product_brand":[],"product_cat":[2047],"product_tag":[8177,7960,6312,6754,6311],"class_list":{"0":"post-121742","1":"product","2":"type-product","3":"status-publish","4":"has-post-thumbnail","6":"product_cat-paltolar","7":"product_tag-dugmeli-kaban-2","8":"product_tag-kadin-dis-giyim","9":"product_tag-long-coat","10":"product_tag-ofis-kiyafeti","11":"product_tag-winter-coat","12":"pa_brand-koton","13":"pa_color-antrasit","14":"pa_size-4698","15":"pa_size-4701","16":"pa_size-4706","17":"pa_size-4711","18":"pa_size-4713","19":"pa_size-4751","21":"first","22":"instock","23":"sale","24":"shipping-taxable","25":"purchasable","26":"product-type-variable"},"_links":{"self":[{"href":"https:\/\/mod.wisdar.net\/tr\/wp-json\/wp\/v2\/product\/121742","targetHints":{"allow":["GET"]}}],"collection":[{"href":"https:\/\/mod.wisdar.net\/tr\/wp-json\/wp\/v2\/product"}],"about":[{"href":"https:\/\/mod.wisdar.net\/tr\/wp-json\/wp\/v2\/types\/product"}],"replies":[{"embeddable":true,"href":"https:\/\/mod.wisdar.net\/tr\/wp-json\/wp\/v2\/comments?post=121742"}],"wp:featuredmedia":[{"embeddable":true,"href":"https:\/\/mod.wisdar.net\/tr\/wp-json\/wp\/v2\/media\/121737"}],"wp:attachment":[{"href":"https:\/\/mod.wisdar.net\/tr\/wp-json\/wp\/v2\/media?parent=121742"}],"wp:term":[{"taxonomy":"product_brand","embeddable":true,"href":"https:\/\/mod.wisdar.net\/tr\/wp-json\/wp\/v2\/product_brand?post=121742"},{"taxonomy":"product_cat","embeddable":true,"href":"https:\/\/mod.wisdar.net\/tr\/wp-json\/wp\/v2\/product_cat?post=121742"},{"taxonomy":"product_tag","embeddable":true,"href":"https:\/\/mod.wisdar.net\/tr\/wp-json\/wp\/v2\/product_tag?post=121742"}],"curies":[{"name":"wp","href":"https:\/\/api.w.org\/{rel}","templated":true}]}}