{"id":12183,"date":"2025-11-01T21:24:21","date_gmt":"2025-11-01T21:24:21","guid":{"rendered":"https:\/\/modesthanim.com\/product\/haki-elastik-bel-pantolonu-ve-ipli-detay\/"},"modified":"2026-03-06T11:56:27","modified_gmt":"2026-03-06T11:56:27","slug":"haki-elastik-bel-pantolonu-ve-ipli-detay","status":"publish","type":"product","link":"https:\/\/mod.wisdar.net\/tr\/urun\/haki-elastik-bel-pantolonu-ve-ipli-detay\/","title":{"rendered":"Haki Elastik Bel Pantolonu ve \u0130pli Detay"},"content":{"rendered":"<p>Esnek yap\u0131s\u0131yla yumu\u015fak dokulu kuma\u015ftan \u00fcretilen bu pantolon, g\u00fcn boyu konfor sunar. Elastik bel ve ayarlanabilir ipli detay m\u00fckemmel bir uyum sa\u011flar. Hem spor hem de sade \u015f\u0131kl\u0131k arayanlar i\u00e7in ideal bir se\u00e7imdir.<\/p>\n<p>Kuma\u015f Kompozisyonu: %53 Lyocell, %47 Viskoz<br \/>\nDesen: D\u00fcz<br \/>\nBel Tipi: Normal Bel<br \/>\nBacak Tipi: Geni\u015f Bacak<br \/>\nCepler: Yan Cepler<br \/>\nAstar: Astars\u0131z<br \/>\n\u00dcr\u00fcn Uzunlu\u011fu: 106 cm<br \/>\nKal\u0131p: Rahat Kal\u0131p<br \/>\nModelin Giydi\u011fi Beden: 38<br \/>\nModel \u00d6l\u00e7\u00fcleri: Boy: 176 cm, G\u00f6\u011f\u00fcs: 86 cm, Bel: 61 cm, Kal\u00e7a: 90 cm<\/p>\n","protected":false},"excerpt":{"rendered":"<p>Esnek yap\u0131s\u0131yla yumu\u015fak dokulu kuma\u015ftan \u00fcretilen bu pantolon, g\u00fcn boyu konfor sunar. Elastik bel ve ayarlanabilir ipli detay m\u00fckemmel bir uyum sa\u011flar. Hem spor hem de sade \u015f\u0131kl\u0131k arayanlar i\u00e7in ideal bir se\u00e7imdir. Kuma\u015f Kompozisyonu: %53 Lyocell, %47 Viskoz Desen: D\u00fcz Bel Tipi: Normal Bel Bacak Tipi: Geni\u015f Bacak Cepler: Yan Cepler Astar: Astars\u0131z \u00dcr\u00fcn [&hellip;]<\/p>\n","protected":false},"featured_media":0,"comment_status":"open","ping_status":"closed","template":"","meta":[],"product_brand":[],"product_cat":[1882],"product_tag":[5012,7419,6759],"class_list":{"0":"post-12183","1":"product","2":"type-product","3":"status-publish","5":"product_cat-alt-giyim","6":"product_tag-elegant","7":"product_tag-gunluk","8":"product_tag-konfor","9":"pa_color-haki","10":"pa_size-4706","11":"pa_size-4711","12":"pa_size-4713","13":"pa_size-4751","14":"pa_size-4749","15":"pa_size-4747","16":"pa_size-4746","18":"first","19":"instock","20":"sale","21":"shipping-taxable","22":"purchasable","23":"product-type-variable"},"_links":{"self":[{"href":"https:\/\/mod.wisdar.net\/tr\/wp-json\/wp\/v2\/product\/12183","targetHints":{"allow":["GET"]}}],"collection":[{"href":"https:\/\/mod.wisdar.net\/tr\/wp-json\/wp\/v2\/product"}],"about":[{"href":"https:\/\/mod.wisdar.net\/tr\/wp-json\/wp\/v2\/types\/product"}],"replies":[{"embeddable":true,"href":"https:\/\/mod.wisdar.net\/tr\/wp-json\/wp\/v2\/comments?post=12183"}],"wp:attachment":[{"href":"https:\/\/mod.wisdar.net\/tr\/wp-json\/wp\/v2\/media?parent=12183"}],"wp:term":[{"taxonomy":"product_brand","embeddable":true,"href":"https:\/\/mod.wisdar.net\/tr\/wp-json\/wp\/v2\/product_brand?post=12183"},{"taxonomy":"product_cat","embeddable":true,"href":"https:\/\/mod.wisdar.net\/tr\/wp-json\/wp\/v2\/product_cat?post=12183"},{"taxonomy":"product_tag","embeddable":true,"href":"https:\/\/mod.wisdar.net\/tr\/wp-json\/wp\/v2\/product_tag?post=12183"}],"curies":[{"name":"wp","href":"https:\/\/api.w.org\/{rel}","templated":true}]}}