{"id":12229,"date":"2025-11-01T21:24:50","date_gmt":"2025-11-01T21:24:50","guid":{"rendered":"https:\/\/modesthanim.com\/product\/beyaz-kusakli-gomlek-tunik\/"},"modified":"2026-02-18T23:13:27","modified_gmt":"2026-02-18T23:13:27","slug":"beyaz-kusakli-gomlek-tunik","status":"publish","type":"product","link":"https:\/\/mod.wisdar.net\/tr\/urun\/beyaz-kusakli-gomlek-tunik\/","title":{"rendered":"Beyaz Ku\u015fakl\u0131 G\u00f6mlek Tunik"},"content":{"rendered":"<p>Beyaz Ku\u015fakl\u0131 Viskon G\u00f6mlek Tunik ile modern ve rahat bir stil yakalay\u0131n. ALLDAY&#8217;in G\u00f6mlek Tunik kategorisindeki di\u011fer modelleri ke\u015ffedin. K\u0131yafetinizi tamamlayacak m\u00fckemmel Beyaz Ku\u015fakl\u0131 Viskon G\u00f6mlek Tunik&#8217;i ke\u015ffedin!<\/p>\n<p>\u2014 Teknik Detaylar \u2014<br \/>\nSezon: 25-Yaz Rpt<br \/>\nCep Detay\u0131: Cepsiz<br \/>\nYaka: G\u00f6mlek<br \/>\nKol Deseni: D\u00fc\u015f\u00fck<br \/>\nBoyut \/ Uzunluk: 80 CM<br \/>\nTasar\u0131m D\u00f6nemi: 25-Yaz<br \/>\nKal\u0131p: OVERSIZE<br \/>\nBel: Ku\u015fakl\u0131<br \/>\nDesen: D\u00fcz<br \/>\nTema: 2.D\u00dcZ<br \/>\n\u00c7izgi: GEN\u00c7<br \/>\n\u00dcr\u00fcn Lig: A Kalite<br \/>\nSezon Sat\u0131\u015f D\u00f6nemi: Yaz<br \/>\nY\u0131kama Talimatlar\u0131: 30\u00b0&#8217;ye kadar y\u0131kanabilir<br \/>\nMateryal T\u00fcr\u00fc: Dokuma<\/p>\n","protected":false},"excerpt":{"rendered":"<p>Beyaz Ku\u015fakl\u0131 Viskon G\u00f6mlek Tunik ile modern ve rahat bir stil yakalay\u0131n. ALLDAY&#8217;in G\u00f6mlek Tunik kategorisindeki di\u011fer modelleri ke\u015ffedin. K\u0131yafetinizi tamamlayacak m\u00fckemmel Beyaz Ku\u015fakl\u0131 Viskon G\u00f6mlek Tunik&#8217;i ke\u015ffedin! \u2014 Teknik Detaylar \u2014 Sezon: 25-Yaz Rpt Cep Detay\u0131: Cepsiz Yaka: G\u00f6mlek Kol Deseni: D\u00fc\u015f\u00fck Boyut \/ Uzunluk: 80 CM Tasar\u0131m D\u00f6nemi: 25-Yaz Kal\u0131p: OVERSIZE Bel: Ku\u015fakl\u0131 [&hellip;]<\/p>\n","protected":false},"featured_media":12207,"comment_status":"open","ping_status":"closed","template":"","meta":[],"product_brand":[],"product_cat":[1909],"product_tag":[7294,7668,5013,6751],"class_list":{"0":"post-12229","1":"product","2":"type-product","3":"status-publish","4":"has-post-thumbnail","6":"product_cat-bluzlar-ve-gomlekler","7":"product_tag-beyaz","8":"product_tag-kemerli","9":"product_tag-modern","10":"product_tag-rahat","11":"pa_brand-allday","12":"pa_color-beyaz","13":"pa_size-l","14":"pa_size-m","15":"pa_size-s","17":"first","18":"instock","19":"sale","20":"shipping-taxable","21":"purchasable","22":"product-type-variable"},"_links":{"self":[{"href":"https:\/\/mod.wisdar.net\/tr\/wp-json\/wp\/v2\/product\/12229","targetHints":{"allow":["GET"]}}],"collection":[{"href":"https:\/\/mod.wisdar.net\/tr\/wp-json\/wp\/v2\/product"}],"about":[{"href":"https:\/\/mod.wisdar.net\/tr\/wp-json\/wp\/v2\/types\/product"}],"replies":[{"embeddable":true,"href":"https:\/\/mod.wisdar.net\/tr\/wp-json\/wp\/v2\/comments?post=12229"}],"wp:featuredmedia":[{"embeddable":true,"href":"https:\/\/mod.wisdar.net\/tr\/wp-json\/wp\/v2\/media\/12207"}],"wp:attachment":[{"href":"https:\/\/mod.wisdar.net\/tr\/wp-json\/wp\/v2\/media?parent=12229"}],"wp:term":[{"taxonomy":"product_brand","embeddable":true,"href":"https:\/\/mod.wisdar.net\/tr\/wp-json\/wp\/v2\/product_brand?post=12229"},{"taxonomy":"product_cat","embeddable":true,"href":"https:\/\/mod.wisdar.net\/tr\/wp-json\/wp\/v2\/product_cat?post=12229"},{"taxonomy":"product_tag","embeddable":true,"href":"https:\/\/mod.wisdar.net\/tr\/wp-json\/wp\/v2\/product_tag?post=12229"}],"curies":[{"name":"wp","href":"https:\/\/api.w.org\/{rel}","templated":true}]}}