{"id":122419,"date":"2026-02-18T17:22:30","date_gmt":"2026-02-18T17:22:30","guid":{"rendered":"https:\/\/modesthanim.com\/product\/mavi-basic-uzun-kollu-erkek-cocuk-gomlek\/"},"modified":"2026-04-13T02:30:48","modified_gmt":"2026-04-13T02:30:48","slug":"mavi-basic-uzun-kollu-erkek-cocuk-gomlek","status":"publish","type":"product","link":"https:\/\/mod.wisdar.net\/tr\/urun\/mavi-basic-uzun-kollu-erkek-cocuk-gomlek\/","title":{"rendered":"Mavi Basic Uzun Kollu Erkek \u00c7ocuk G\u00f6mlek"},"content":{"rendered":"<p>LCW Kids Mavi Basic Uzun Kollu Erkek \u00c7ocuk G\u00f6mlek size \u00f6zel indirim, taksit ve kap\u0131da \u00f6deme avantajlar\u0131yla LCW&#8217;de! Hemen online al\u0131\u015fveri\u015f yap, \u00fcr\u00fcn kap\u0131na gelsin! \u2013 S61158Z1-G9Q<\/p>\n<p>\u2014 Technical Details \u2014<br \/>\nMen\u015fei: Banglade\u015f,Turk\u0131ye<br \/>\nSat\u0131c\u0131: LC Waikiki<br \/>\nMarka: LCW Kids<br \/>\n\u00dcr\u00fcn Tipi: G\u00f6mlek<br \/>\nCinsiyet: Erkek \u00c7ocuk<br \/>\nKal\u0131p: Standart &amp; Regular<br \/>\nDesen: D\u00fcz<br \/>\nYaka: G\u00f6mlek Yaka<br \/>\nKal\u0131nl\u0131k: Orta Kal\u0131nl\u0131k<br \/>\nKol Boyu: Uzun Kollu<br \/>\nMalzeme: %100 Pamuk<br \/>\nKoleksiyon: 23 Nisan<\/p>\n","protected":false},"excerpt":{"rendered":"<p>LCW Kids Mavi Basic Uzun Kollu Erkek \u00c7ocuk G\u00f6mlek size \u00f6zel indirim, taksit ve kap\u0131da \u00f6deme avantajlar\u0131yla LCW&#8217;de! Hemen online al\u0131\u015fveri\u015f yap, \u00fcr\u00fcn kap\u0131na gelsin! \u2013 S61158Z1-G9Q \u2014 Technical Details \u2014 Men\u015fei: Banglade\u015f,Turk\u0131ye Sat\u0131c\u0131: LC Waikiki Marka: LCW Kids \u00dcr\u00fcn Tipi: G\u00f6mlek Cinsiyet: Erkek \u00c7ocuk Kal\u0131p: Standart &amp; Regular Desen: D\u00fcz Yaka: G\u00f6mlek Yaka Kal\u0131nl\u0131k: [&hellip;]<\/p>\n","protected":false},"featured_media":122415,"comment_status":"open","ping_status":"closed","template":"","meta":[],"product_brand":[],"product_cat":[8739,8694,8742],"product_tag":[6768],"class_list":{"0":"post-122419","1":"product","2":"type-product","3":"status-publish","4":"has-post-thumbnail","6":"product_cat-erkek-cocuklar-2-14-yas","7":"product_cat-cocuklar","8":"product_cat-tisortler-gomlekler","9":"product_tag-uzun-kol","10":"pa_brand-lcw-kids","11":"pa_color-acik-mavi","12":"pa_size-1-2-yas","13":"pa_size-2-3-yas","14":"pa_size-3-4-yas","15":"pa_size-4-5-yas","16":"pa_size-5-6-yas","17":"pa_size-6-7-yas","18":"pa_size-7-8-yas","20":"first","21":"instock","22":"sale","23":"shipping-taxable","24":"purchasable","25":"product-type-variable"},"_links":{"self":[{"href":"https:\/\/mod.wisdar.net\/tr\/wp-json\/wp\/v2\/product\/122419","targetHints":{"allow":["GET"]}}],"collection":[{"href":"https:\/\/mod.wisdar.net\/tr\/wp-json\/wp\/v2\/product"}],"about":[{"href":"https:\/\/mod.wisdar.net\/tr\/wp-json\/wp\/v2\/types\/product"}],"replies":[{"embeddable":true,"href":"https:\/\/mod.wisdar.net\/tr\/wp-json\/wp\/v2\/comments?post=122419"}],"wp:featuredmedia":[{"embeddable":true,"href":"https:\/\/mod.wisdar.net\/tr\/wp-json\/wp\/v2\/media\/122415"}],"wp:attachment":[{"href":"https:\/\/mod.wisdar.net\/tr\/wp-json\/wp\/v2\/media?parent=122419"}],"wp:term":[{"taxonomy":"product_brand","embeddable":true,"href":"https:\/\/mod.wisdar.net\/tr\/wp-json\/wp\/v2\/product_brand?post=122419"},{"taxonomy":"product_cat","embeddable":true,"href":"https:\/\/mod.wisdar.net\/tr\/wp-json\/wp\/v2\/product_cat?post=122419"},{"taxonomy":"product_tag","embeddable":true,"href":"https:\/\/mod.wisdar.net\/tr\/wp-json\/wp\/v2\/product_tag?post=122419"}],"curies":[{"name":"wp","href":"https:\/\/api.w.org\/{rel}","templated":true}]}}