{"id":122608,"date":"2026-02-18T17:26:27","date_gmt":"2026-02-18T17:26:27","guid":{"rendered":"https:\/\/modesthanim.com\/product\/lacivert-ekose-erkek-cocuk-gomlek-ceket\/"},"modified":"2026-04-04T06:36:54","modified_gmt":"2026-04-04T06:36:54","slug":"lacivert-ekose-erkek-cocuk-gomlek-ceket","status":"publish","type":"product","link":"https:\/\/mod.wisdar.net\/tr\/urun\/lacivert-ekose-erkek-cocuk-gomlek-ceket\/","title":{"rendered":"Lacivert Ekose Erkek \u00c7ocuk G\u00f6mlek Ceket"},"content":{"rendered":"<p>LCW Kids Lacivert Ekose Erkek \u00c7ocuk G\u00f6mlek Ceket size \u00f6zel indirim, taksit ve kap\u0131da \u00f6deme avantajlar\u0131yla LCW&#8217;de! Hemen online al\u0131\u015fveri\u015f yap, \u00fcr\u00fcn kap\u0131na gelsin! \u2013 W5NS71Z4-LN6<\/p>\n<p>\u2014 Technical Details \u2014<br \/>\nMen\u015fei: Turk\u0131ye<br \/>\nSat\u0131c\u0131: LC Waikiki<br \/>\nMarka: LCW Kids<br \/>\n\u00dcr\u00fcn Tipi: G\u00f6mlek<br \/>\nCinsiyet: Erkek \u00c7ocuk<br \/>\nKal\u0131p: Standart &amp; Regular<br \/>\nKuma\u015f: Flanel<br \/>\nDesen: Ekose<br \/>\nYaka: G\u00f6mlek Yaka<br \/>\nKal\u0131nl\u0131k: Orta Kal\u0131nl\u0131k<br \/>\nKol Boyu: Uzun Kollu<br \/>\nEk \u00d6zellik: D\u00fc\u011fmeli<\/p>\n","protected":false},"excerpt":{"rendered":"<p>LCW Kids Lacivert Ekose Erkek \u00c7ocuk G\u00f6mlek Ceket size \u00f6zel indirim, taksit ve kap\u0131da \u00f6deme avantajlar\u0131yla LCW&#8217;de! Hemen online al\u0131\u015fveri\u015f yap, \u00fcr\u00fcn kap\u0131na gelsin! \u2013 W5NS71Z4-LN6 \u2014 Technical Details \u2014 Men\u015fei: Turk\u0131ye Sat\u0131c\u0131: LC Waikiki Marka: LCW Kids \u00dcr\u00fcn Tipi: G\u00f6mlek Cinsiyet: Erkek \u00c7ocuk Kal\u0131p: Standart &amp; Regular Kuma\u015f: Flanel Desen: Ekose Yaka: G\u00f6mlek Yaka [&hellip;]<\/p>\n","protected":false},"featured_media":122605,"comment_status":"open","ping_status":"closed","template":"","meta":[],"product_brand":[],"product_cat":[8739,8694,8742],"product_tag":[6909,7238],"class_list":{"0":"post-122608","1":"product","2":"type-product","3":"status-publish","4":"has-post-thumbnail","6":"product_cat-erkek-cocuklar-2-14-yas","7":"product_cat-cocuklar","8":"product_cat-tisortler-gomlekler","9":"product_tag-ekose-desen","10":"product_tag-lacivert","11":"pa_brand-lcw-kids","12":"pa_color-lacivert","13":"pa_size-10-11-yas","14":"pa_size-11-12-yas","15":"pa_size-12-13-yas","16":"pa_size-13-14-yas","17":"pa_size-7-8-yas","18":"pa_size-8-9-yas","19":"pa_size-9-10-yas","21":"first","22":"instock","23":"sale","24":"shipping-taxable","25":"purchasable","26":"product-type-variable"},"_links":{"self":[{"href":"https:\/\/mod.wisdar.net\/tr\/wp-json\/wp\/v2\/product\/122608","targetHints":{"allow":["GET"]}}],"collection":[{"href":"https:\/\/mod.wisdar.net\/tr\/wp-json\/wp\/v2\/product"}],"about":[{"href":"https:\/\/mod.wisdar.net\/tr\/wp-json\/wp\/v2\/types\/product"}],"replies":[{"embeddable":true,"href":"https:\/\/mod.wisdar.net\/tr\/wp-json\/wp\/v2\/comments?post=122608"}],"wp:featuredmedia":[{"embeddable":true,"href":"https:\/\/mod.wisdar.net\/tr\/wp-json\/wp\/v2\/media\/122605"}],"wp:attachment":[{"href":"https:\/\/mod.wisdar.net\/tr\/wp-json\/wp\/v2\/media?parent=122608"}],"wp:term":[{"taxonomy":"product_brand","embeddable":true,"href":"https:\/\/mod.wisdar.net\/tr\/wp-json\/wp\/v2\/product_brand?post=122608"},{"taxonomy":"product_cat","embeddable":true,"href":"https:\/\/mod.wisdar.net\/tr\/wp-json\/wp\/v2\/product_cat?post=122608"},{"taxonomy":"product_tag","embeddable":true,"href":"https:\/\/mod.wisdar.net\/tr\/wp-json\/wp\/v2\/product_tag?post=122608"}],"curies":[{"name":"wp","href":"https:\/\/api.w.org\/{rel}","templated":true}]}}