{"id":122676,"date":"2026-02-18T17:28:14","date_gmt":"2026-02-18T17:28:14","guid":{"rendered":"https:\/\/modesthanim.com\/product\/mavi-cizgili-keten-karisimli-erkek-cocuk-gomlek\/"},"modified":"2026-03-03T21:48:20","modified_gmt":"2026-03-03T21:48:20","slug":"mavi-cizgili-keten-karisimli-erkek-cocuk-gomlek","status":"publish","type":"product","link":"https:\/\/mod.wisdar.net\/tr\/urun\/mavi-cizgili-keten-karisimli-erkek-cocuk-gomlek\/","title":{"rendered":"Mavi \u00c7izgili Keten Kar\u0131\u015f\u0131ml\u0131 Erkek \u00c7ocuk G\u00f6mlek"},"content":{"rendered":"<p>LCW Kids Mavi \u00c7izgili Keten Kar\u0131\u015f\u0131ml\u0131 Erkek \u00c7ocuk G\u00f6mlek size \u00f6zel indirim, taksit ve kap\u0131da \u00f6deme avantajlar\u0131yla LCW&#8217;de! Hemen online al\u0131\u015fveri\u015f yap, \u00fcr\u00fcn kap\u0131na gelsin! \u2013 S65154Z1-LEN<\/p>\n<p>\u2014 Technical Details \u2014<br \/>\nSat\u0131c\u0131: LC Waikiki<br \/>\nMarka: LCW Kids<br \/>\n\u00dcr\u00fcn Tipi: G\u00f6mlek<br \/>\nCinsiyet: Erkek \u00c7ocuk<br \/>\nKal\u0131p: Loose &amp; Bol<br \/>\nKuma\u015f: Keten Kar\u0131\u015f\u0131ml\u0131<br \/>\nDesen: \u00c7izgili<br \/>\nYaka: G\u00f6mlek Yaka<br \/>\nKal\u0131nl\u0131k: Orta Kal\u0131nl\u0131k<br \/>\nKol Boyu: Uzun Kollu<br \/>\nMalzeme: Y\u00fcksek Pamuk \u0130\u00e7erir<br \/>\nEk \u00d6zellik: D\u00fc\u011fmeli<\/p>\n","protected":false},"excerpt":{"rendered":"<p>LCW Kids Mavi \u00c7izgili Keten Kar\u0131\u015f\u0131ml\u0131 Erkek \u00c7ocuk G\u00f6mlek size \u00f6zel indirim, taksit ve kap\u0131da \u00f6deme avantajlar\u0131yla LCW&#8217;de! Hemen online al\u0131\u015fveri\u015f yap, \u00fcr\u00fcn kap\u0131na gelsin! \u2013 S65154Z1-LEN \u2014 Technical Details \u2014 Sat\u0131c\u0131: LC Waikiki Marka: LCW Kids \u00dcr\u00fcn Tipi: G\u00f6mlek Cinsiyet: Erkek \u00c7ocuk Kal\u0131p: Loose &amp; Bol Kuma\u015f: Keten Kar\u0131\u015f\u0131ml\u0131 Desen: \u00c7izgili Yaka: G\u00f6mlek Yaka [&hellip;]<\/p>\n","protected":false},"featured_media":122672,"comment_status":"open","ping_status":"closed","template":"","meta":[],"product_brand":[],"product_cat":[8739,8694,8742],"product_tag":[7326,7426,6768],"class_list":{"0":"post-122676","1":"product","2":"type-product","3":"status-publish","4":"has-post-thumbnail","6":"product_cat-erkek-cocuklar-2-14-yas","7":"product_cat-cocuklar","8":"product_cat-tisortler-gomlekler","9":"product_tag-bol-kesim","10":"product_tag-gunluk-giyim-3","11":"product_tag-uzun-kol","12":"pa_color-mavi","13":"pa_size-1-2-yas","14":"pa_size-2-3-yas","15":"pa_size-3-4-yas","16":"pa_size-4-5-yas","17":"pa_size-5-6-yas","18":"pa_size-6-7-yas","19":"pa_size-7-8-yas","21":"first","22":"outofstock","23":"shipping-taxable","24":"product-type-variable"},"_links":{"self":[{"href":"https:\/\/mod.wisdar.net\/tr\/wp-json\/wp\/v2\/product\/122676","targetHints":{"allow":["GET"]}}],"collection":[{"href":"https:\/\/mod.wisdar.net\/tr\/wp-json\/wp\/v2\/product"}],"about":[{"href":"https:\/\/mod.wisdar.net\/tr\/wp-json\/wp\/v2\/types\/product"}],"replies":[{"embeddable":true,"href":"https:\/\/mod.wisdar.net\/tr\/wp-json\/wp\/v2\/comments?post=122676"}],"wp:featuredmedia":[{"embeddable":true,"href":"https:\/\/mod.wisdar.net\/tr\/wp-json\/wp\/v2\/media\/122672"}],"wp:attachment":[{"href":"https:\/\/mod.wisdar.net\/tr\/wp-json\/wp\/v2\/media?parent=122676"}],"wp:term":[{"taxonomy":"product_brand","embeddable":true,"href":"https:\/\/mod.wisdar.net\/tr\/wp-json\/wp\/v2\/product_brand?post=122676"},{"taxonomy":"product_cat","embeddable":true,"href":"https:\/\/mod.wisdar.net\/tr\/wp-json\/wp\/v2\/product_cat?post=122676"},{"taxonomy":"product_tag","embeddable":true,"href":"https:\/\/mod.wisdar.net\/tr\/wp-json\/wp\/v2\/product_tag?post=122676"}],"curies":[{"name":"wp","href":"https:\/\/api.w.org\/{rel}","templated":true}]}}