{"id":122734,"date":"2026-02-18T17:29:57","date_gmt":"2026-02-18T17:29:57","guid":{"rendered":"https:\/\/modesthanim.com\/product\/kahverengi-ekose-erkek-cocuk-gomlek\/"},"modified":"2026-04-15T21:36:32","modified_gmt":"2026-04-15T21:36:32","slug":"kahverengi-ekose-erkek-cocuk-gomlek","status":"publish","type":"product","link":"https:\/\/mod.wisdar.net\/tr\/urun\/kahverengi-ekose-erkek-cocuk-gomlek\/","title":{"rendered":"Kahverengi Ekose Erkek \u00c7ocuk G\u00f6mlek"},"content":{"rendered":"<p>LCW Kids Kahverengi Ekose Erkek \u00c7ocuk G\u00f6mlek size \u00f6zel indirim, taksit ve kap\u0131da \u00f6deme avantajlar\u0131yla LCW&#8217;de! Hemen online al\u0131\u015fveri\u015f yap, \u00fcr\u00fcn kap\u0131na gelsin! \u2013 S6K544Z4-LLL<\/p>\n<p>\u2014 Technical Details \u2014<br \/>\n\u00dcr\u00fcn Tipi: G\u00f6mlek<br \/>\nCinsiyet: Erkek \u00c7ocuk<br \/>\nKal\u0131p: Loose &amp; Bol<br \/>\nKuma\u015f: Gofre<br \/>\nDesen: Ekose<br \/>\nYaka: G\u00f6mlek Yaka<br \/>\nKal\u0131nl\u0131k: Orta Kal\u0131nl\u0131k<br \/>\nKol Boyu: Uzun Kollu<br \/>\nEk \u00d6zellik: D\u00fc\u011fmeli<\/p>\n","protected":false},"excerpt":{"rendered":"<p>LCW Kids Kahverengi Ekose Erkek \u00c7ocuk G\u00f6mlek size \u00f6zel indirim, taksit ve kap\u0131da \u00f6deme avantajlar\u0131yla LCW&#8217;de! Hemen online al\u0131\u015fveri\u015f yap, \u00fcr\u00fcn kap\u0131na gelsin! \u2013 S6K544Z4-LLL \u2014 Technical Details \u2014 \u00dcr\u00fcn Tipi: G\u00f6mlek Cinsiyet: Erkek \u00c7ocuk Kal\u0131p: Loose &amp; Bol Kuma\u015f: Gofre Desen: Ekose Yaka: G\u00f6mlek Yaka Kal\u0131nl\u0131k: Orta Kal\u0131nl\u0131k Kol Boyu: Uzun Kollu Ek \u00d6zellik: [&hellip;]<\/p>\n","protected":false},"featured_media":122715,"comment_status":"open","ping_status":"closed","template":"","meta":[],"product_brand":[],"product_cat":[8739,8694,8742],"product_tag":[],"class_list":{"0":"post-122734","1":"product","2":"type-product","3":"status-publish","4":"has-post-thumbnail","6":"product_cat-erkek-cocuklar-2-14-yas","7":"product_cat-cocuklar","8":"product_cat-tisortler-gomlekler","9":"pa_brand-lcw-kids","10":"pa_color-kahverengi","11":"pa_size-10-11-yas","12":"pa_size-11-12-yas","13":"pa_size-12-13-yas","14":"pa_size-13-14-yas","15":"pa_size-8-9-yas","16":"pa_size-9-10-yas","18":"first","19":"instock","20":"sale","21":"shipping-taxable","22":"purchasable","23":"product-type-variable"},"_links":{"self":[{"href":"https:\/\/mod.wisdar.net\/tr\/wp-json\/wp\/v2\/product\/122734","targetHints":{"allow":["GET"]}}],"collection":[{"href":"https:\/\/mod.wisdar.net\/tr\/wp-json\/wp\/v2\/product"}],"about":[{"href":"https:\/\/mod.wisdar.net\/tr\/wp-json\/wp\/v2\/types\/product"}],"replies":[{"embeddable":true,"href":"https:\/\/mod.wisdar.net\/tr\/wp-json\/wp\/v2\/comments?post=122734"}],"wp:featuredmedia":[{"embeddable":true,"href":"https:\/\/mod.wisdar.net\/tr\/wp-json\/wp\/v2\/media\/122715"}],"wp:attachment":[{"href":"https:\/\/mod.wisdar.net\/tr\/wp-json\/wp\/v2\/media?parent=122734"}],"wp:term":[{"taxonomy":"product_brand","embeddable":true,"href":"https:\/\/mod.wisdar.net\/tr\/wp-json\/wp\/v2\/product_brand?post=122734"},{"taxonomy":"product_cat","embeddable":true,"href":"https:\/\/mod.wisdar.net\/tr\/wp-json\/wp\/v2\/product_cat?post=122734"},{"taxonomy":"product_tag","embeddable":true,"href":"https:\/\/mod.wisdar.net\/tr\/wp-json\/wp\/v2\/product_tag?post=122734"}],"curies":[{"name":"wp","href":"https:\/\/api.w.org\/{rel}","templated":true}]}}