{"id":122750,"date":"2026-02-18T17:30:28","date_gmt":"2026-02-18T17:30:28","guid":{"rendered":"https:\/\/modesthanim.com\/product\/turuncu-cizgili-keten-karisimli-erkek-cocuk-gomlek\/"},"modified":"2026-04-13T02:41:44","modified_gmt":"2026-04-13T02:41:44","slug":"turuncu-cizgili-keten-karisimli-erkek-cocuk-gomlek","status":"publish","type":"product","link":"https:\/\/mod.wisdar.net\/tr\/urun\/turuncu-cizgili-keten-karisimli-erkek-cocuk-gomlek\/","title":{"rendered":"Turuncu \u00c7izgili Keten Kar\u0131\u015f\u0131ml\u0131 Erkek \u00c7ocuk G\u00f6mlek"},"content":{"rendered":"<p>LCW Kids Turuncu \u00c7izgili Keten Kar\u0131\u015f\u0131ml\u0131 Erkek \u00c7ocuk G\u00f6mlek size \u00f6zel indirim, taksit ve kap\u0131da \u00f6deme avantajlar\u0131yla LCW&#8217;de! Hemen online al\u0131\u015fveri\u015f yap, \u00fcr\u00fcn kap\u0131na gelsin! \u2013 S65154Z1-CS2<\/p>\n<p>\u2014 Technical Details \u2014<br \/>\nKal\u0131p: Loose &amp; Bol<br \/>\nKuma\u015f: Keten Kar\u0131\u015f\u0131ml\u0131<br \/>\nDesen: \u00c7izgili<br \/>\nYaka: G\u00f6mlek Yaka<br \/>\nKal\u0131nl\u0131k: Orta Kal\u0131nl\u0131k<br \/>\nKol Boyu: Uzun Kollu<br \/>\nMalzeme: Y\u00fcksek Pamuk \u0130\u00e7erir<br \/>\nEk \u00d6zellik: D\u00fc\u011fmeli<\/p>\n","protected":false},"excerpt":{"rendered":"<p>LCW Kids Turuncu \u00c7izgili Keten Kar\u0131\u015f\u0131ml\u0131 Erkek \u00c7ocuk G\u00f6mlek size \u00f6zel indirim, taksit ve kap\u0131da \u00f6deme avantajlar\u0131yla LCW&#8217;de! Hemen online al\u0131\u015fveri\u015f yap, \u00fcr\u00fcn kap\u0131na gelsin! \u2013 S65154Z1-CS2 \u2014 Technical Details \u2014 Kal\u0131p: Loose &amp; Bol Kuma\u015f: Keten Kar\u0131\u015f\u0131ml\u0131 Desen: \u00c7izgili Yaka: G\u00f6mlek Yaka Kal\u0131nl\u0131k: Orta Kal\u0131nl\u0131k Kol Boyu: Uzun Kollu Malzeme: Y\u00fcksek Pamuk \u0130\u00e7erir Ek [&hellip;]<\/p>\n","protected":false},"featured_media":122744,"comment_status":"open","ping_status":"closed","template":"","meta":[],"product_brand":[],"product_cat":[8739,8694,8742],"product_tag":[7426],"class_list":{"0":"post-122750","1":"product","2":"type-product","3":"status-publish","4":"has-post-thumbnail","6":"product_cat-erkek-cocuklar-2-14-yas","7":"product_cat-cocuklar","8":"product_cat-tisortler-gomlekler","9":"product_tag-gunluk-giyim-3","10":"pa_brand-lcw-kids","11":"pa_color-turuncu","12":"pa_size-1-2-yas","13":"pa_size-2-3-yas","14":"pa_size-3-4-yas","15":"pa_size-4-5-yas","16":"pa_size-5-6-yas","17":"pa_size-6-7-yas","18":"pa_size-7-8-yas","20":"first","21":"instock","22":"sale","23":"shipping-taxable","24":"purchasable","25":"product-type-variable"},"_links":{"self":[{"href":"https:\/\/mod.wisdar.net\/tr\/wp-json\/wp\/v2\/product\/122750","targetHints":{"allow":["GET"]}}],"collection":[{"href":"https:\/\/mod.wisdar.net\/tr\/wp-json\/wp\/v2\/product"}],"about":[{"href":"https:\/\/mod.wisdar.net\/tr\/wp-json\/wp\/v2\/types\/product"}],"replies":[{"embeddable":true,"href":"https:\/\/mod.wisdar.net\/tr\/wp-json\/wp\/v2\/comments?post=122750"}],"wp:featuredmedia":[{"embeddable":true,"href":"https:\/\/mod.wisdar.net\/tr\/wp-json\/wp\/v2\/media\/122744"}],"wp:attachment":[{"href":"https:\/\/mod.wisdar.net\/tr\/wp-json\/wp\/v2\/media?parent=122750"}],"wp:term":[{"taxonomy":"product_brand","embeddable":true,"href":"https:\/\/mod.wisdar.net\/tr\/wp-json\/wp\/v2\/product_brand?post=122750"},{"taxonomy":"product_cat","embeddable":true,"href":"https:\/\/mod.wisdar.net\/tr\/wp-json\/wp\/v2\/product_cat?post=122750"},{"taxonomy":"product_tag","embeddable":true,"href":"https:\/\/mod.wisdar.net\/tr\/wp-json\/wp\/v2\/product_tag?post=122750"}],"curies":[{"name":"wp","href":"https:\/\/api.w.org\/{rel}","templated":true}]}}