{"id":123012,"date":"2026-02-18T17:35:30","date_gmt":"2026-02-18T17:35:30","guid":{"rendered":"https:\/\/modesthanim.com\/product\/indigo-sonic-nakisli-erkek-cocuk-jean-gomlek\/"},"modified":"2026-04-13T03:02:08","modified_gmt":"2026-04-13T03:02:08","slug":"indigo-sonic-nakisli-erkek-cocuk-jean-gomlek","status":"publish","type":"product","link":"https:\/\/mod.wisdar.net\/tr\/urun\/indigo-sonic-nakisli-erkek-cocuk-jean-gomlek\/","title":{"rendered":"\u0130ndigo Sonic Nak\u0131\u015fl\u0131 Erkek \u00c7ocuk Jean G\u00f6mlek"},"content":{"rendered":"<p>LCW Kids \u0130ndigo Sonic Nak\u0131\u015fl\u0131 Erkek \u00c7ocuk Jean G\u00f6mlek size \u00f6zel indirim, taksit ve kap\u0131da \u00f6deme avantajlar\u0131yla LCW&#8217;de! Hemen online al\u0131\u015fveri\u015f yap, \u00fcr\u00fcn kap\u0131na gelsin! \u2013 S66181Z1-H45<\/p>\n<p>\u2014 Technical Details \u2014<br \/>\n\u00dcr\u00fcn Tipi: G\u00f6mlek<br \/>\nCinsiyet: Erkek \u00c7ocuk<br \/>\nKal\u0131p: Loose &amp; Bol<br \/>\nKuma\u015f: Denim<br \/>\nDesen: Nak\u0131\u015fl\u0131<br \/>\nYaka: G\u00f6mlek Yaka<br \/>\nKol Boyu: Uzun Kollu<br \/>\nMalzeme: %100 Pamuk<br \/>\nLisans: Sonic<br \/>\nEk \u00d6zellik: D\u00fc\u011fmeli<\/p>\n","protected":false},"excerpt":{"rendered":"<p>LCW Kids \u0130ndigo Sonic Nak\u0131\u015fl\u0131 Erkek \u00c7ocuk Jean G\u00f6mlek size \u00f6zel indirim, taksit ve kap\u0131da \u00f6deme avantajlar\u0131yla LCW&#8217;de! Hemen online al\u0131\u015fveri\u015f yap, \u00fcr\u00fcn kap\u0131na gelsin! \u2013 S66181Z1-H45 \u2014 Technical Details \u2014 \u00dcr\u00fcn Tipi: G\u00f6mlek Cinsiyet: Erkek \u00c7ocuk Kal\u0131p: Loose &amp; Bol Kuma\u015f: Denim Desen: Nak\u0131\u015fl\u0131 Yaka: G\u00f6mlek Yaka Kol Boyu: Uzun Kollu Malzeme: %100 Pamuk [&hellip;]<\/p>\n","protected":false},"featured_media":123008,"comment_status":"open","ping_status":"closed","template":"","meta":[],"product_brand":[],"product_cat":[8739,8694,8742],"product_tag":[4579,7326,6768],"class_list":{"0":"post-123012","1":"product","2":"type-product","3":"status-publish","4":"has-post-thumbnail","6":"product_cat-erkek-cocuklar-2-14-yas","7":"product_cat-cocuklar","8":"product_cat-tisortler-gomlekler","9":"product_tag-100-cotton","10":"product_tag-bol-kesim","11":"product_tag-uzun-kol","12":"pa_brand-lcw-kids","13":"pa_color-indigo","14":"pa_size-3-4-yas","15":"pa_size-4-5-yas","16":"pa_size-5-6-yas","17":"pa_size-6-7-yas","18":"pa_size-7-8-yas","20":"first","21":"instock","22":"sale","23":"shipping-taxable","24":"purchasable","25":"product-type-variable"},"_links":{"self":[{"href":"https:\/\/mod.wisdar.net\/tr\/wp-json\/wp\/v2\/product\/123012","targetHints":{"allow":["GET"]}}],"collection":[{"href":"https:\/\/mod.wisdar.net\/tr\/wp-json\/wp\/v2\/product"}],"about":[{"href":"https:\/\/mod.wisdar.net\/tr\/wp-json\/wp\/v2\/types\/product"}],"replies":[{"embeddable":true,"href":"https:\/\/mod.wisdar.net\/tr\/wp-json\/wp\/v2\/comments?post=123012"}],"wp:featuredmedia":[{"embeddable":true,"href":"https:\/\/mod.wisdar.net\/tr\/wp-json\/wp\/v2\/media\/123008"}],"wp:attachment":[{"href":"https:\/\/mod.wisdar.net\/tr\/wp-json\/wp\/v2\/media?parent=123012"}],"wp:term":[{"taxonomy":"product_brand","embeddable":true,"href":"https:\/\/mod.wisdar.net\/tr\/wp-json\/wp\/v2\/product_brand?post=123012"},{"taxonomy":"product_cat","embeddable":true,"href":"https:\/\/mod.wisdar.net\/tr\/wp-json\/wp\/v2\/product_cat?post=123012"},{"taxonomy":"product_tag","embeddable":true,"href":"https:\/\/mod.wisdar.net\/tr\/wp-json\/wp\/v2\/product_tag?post=123012"}],"curies":[{"name":"wp","href":"https:\/\/api.w.org\/{rel}","templated":true}]}}