{"id":123782,"date":"2026-02-18T17:50:39","date_gmt":"2026-02-18T17:50:39","guid":{"rendered":"https:\/\/modesthanim.com\/product\/antrasit-bisiklet-yaka-erkek-cocuk-uzun-kollu-tisort\/"},"modified":"2026-03-30T03:11:54","modified_gmt":"2026-03-30T03:11:54","slug":"antrasit-bisiklet-yaka-erkek-cocuk-uzun-kollu-tisort","status":"publish","type":"product","link":"https:\/\/mod.wisdar.net\/tr\/urun\/antrasit-bisiklet-yaka-erkek-cocuk-uzun-kollu-tisort\/","title":{"rendered":"Antrasit Bisiklet Yaka Erkek \u00c7ocuk Uzun Kollu Ti\u015f\u00f6rt"},"content":{"rendered":"<p>LCW Kids Antrasit Bisiklet Yaka Erkek \u00c7ocuk Uzun Kollu Ti\u015f\u00f6rt size \u00f6zel indirim, taksit ve kap\u0131da \u00f6deme avantajlar\u0131yla LCW&#8217;de! Hemen online al\u0131\u015fveri\u015f yap, \u00fcr\u00fcn kap\u0131na gelsin! \u2013 S6BU11Z4-R4Q<\/p>\n<p>\u2014 Technical Details \u2014<br \/>\nMen\u015fei: Turk\u0131ye<br \/>\nSat\u0131c\u0131: LC Waikiki<br \/>\nMarka: LCW Kids<br \/>\n\u00dcr\u00fcn Tipi: Ti\u015f\u00f6rt<br \/>\nCinsiyet: Erkek \u00c7ocuk<br \/>\nKal\u0131p: Loose &amp; Bol<br \/>\nYaka: Bisiklet Yaka<br \/>\nDesen: D\u00fcz<br \/>\nKal\u0131nl\u0131k: Orta Kal\u0131nl\u0131k<br \/>\nKol Boyu: Uzun Kollu<\/p>\n","protected":false},"excerpt":{"rendered":"<p>LCW Kids Antrasit Bisiklet Yaka Erkek \u00c7ocuk Uzun Kollu Ti\u015f\u00f6rt size \u00f6zel indirim, taksit ve kap\u0131da \u00f6deme avantajlar\u0131yla LCW&#8217;de! Hemen online al\u0131\u015fveri\u015f yap, \u00fcr\u00fcn kap\u0131na gelsin! \u2013 S6BU11Z4-R4Q \u2014 Technical Details \u2014 Men\u015fei: Turk\u0131ye Sat\u0131c\u0131: LC Waikiki Marka: LCW Kids \u00dcr\u00fcn Tipi: Ti\u015f\u00f6rt Cinsiyet: Erkek \u00c7ocuk Kal\u0131p: Loose &amp; Bol Yaka: Bisiklet Yaka Desen: D\u00fcz [&hellip;]<\/p>\n","protected":false},"featured_media":123770,"comment_status":"open","ping_status":"closed","template":"","meta":[],"product_brand":[],"product_cat":[8739,8694,8742],"product_tag":[6777,8023,7326,7426,6768],"class_list":{"0":"post-123782","1":"product","2":"type-product","3":"status-publish","4":"has-post-thumbnail","6":"product_cat-erkek-cocuklar-2-14-yas","7":"product_cat-cocuklar","8":"product_cat-tisortler-gomlekler","9":"product_tag-antrasit","10":"product_tag-bisiklet-yaka","11":"product_tag-bol-kesim","12":"product_tag-gunluk-giyim-3","13":"product_tag-uzun-kol","14":"pa_brand-lcw-kids","15":"pa_color-antrasit","16":"pa_size-10-11-yas","17":"pa_size-11-12-yas","18":"pa_size-12-13-yas","19":"pa_size-13-14-yas","20":"pa_size-7-8-yas","21":"pa_size-8-9-yas","22":"pa_size-9-10-yas","24":"first","25":"instock","26":"sale","27":"shipping-taxable","28":"purchasable","29":"product-type-variable"},"_links":{"self":[{"href":"https:\/\/mod.wisdar.net\/tr\/wp-json\/wp\/v2\/product\/123782","targetHints":{"allow":["GET"]}}],"collection":[{"href":"https:\/\/mod.wisdar.net\/tr\/wp-json\/wp\/v2\/product"}],"about":[{"href":"https:\/\/mod.wisdar.net\/tr\/wp-json\/wp\/v2\/types\/product"}],"replies":[{"embeddable":true,"href":"https:\/\/mod.wisdar.net\/tr\/wp-json\/wp\/v2\/comments?post=123782"}],"wp:featuredmedia":[{"embeddable":true,"href":"https:\/\/mod.wisdar.net\/tr\/wp-json\/wp\/v2\/media\/123770"}],"wp:attachment":[{"href":"https:\/\/mod.wisdar.net\/tr\/wp-json\/wp\/v2\/media?parent=123782"}],"wp:term":[{"taxonomy":"product_brand","embeddable":true,"href":"https:\/\/mod.wisdar.net\/tr\/wp-json\/wp\/v2\/product_brand?post=123782"},{"taxonomy":"product_cat","embeddable":true,"href":"https:\/\/mod.wisdar.net\/tr\/wp-json\/wp\/v2\/product_cat?post=123782"},{"taxonomy":"product_tag","embeddable":true,"href":"https:\/\/mod.wisdar.net\/tr\/wp-json\/wp\/v2\/product_tag?post=123782"}],"curies":[{"name":"wp","href":"https:\/\/api.w.org\/{rel}","templated":true}]}}